
{"id":34925,"date":"2018-06-25T15:24:02","date_gmt":"2019-07-11T18:08:31","guid":{"rendered":"http:\/\/marshallradio.com\/eu\/product\/holster-de-terrain-cordura\/"},"modified":"2022-04-05T21:55:29","modified_gmt":"2022-04-05T21:55:29","slug":"etui-de-cordura","status":"publish","type":"product","link":"https:\/\/marshallradio.com\/eu\/product\/etui-de-cordura\/?lang=fr","title":{"rendered":"Holster de terrain Cordura"},"content":{"rendered":"","protected":false},"excerpt":{"rendered":"<p>Con\u00e7us sur mesure pour s&#8217;adapter au r\u00e9cepteur, ces tous nouveaux Holsters de terrain peuvent \u00eatre port\u00e9s \u00e0 l&#8217;\u00e9paule ou autour de la taille. Le couvercle sup\u00e9rieur \u00e0 tirer est une coquille de palourde qui couvre tout le dessus et prot\u00e8ge le r\u00e9cepteur par mauvais temps. La nouvelle sangle d&#8217;\u00e9paule plus large se d\u00e9solidarise aux deux extr\u00e9mit\u00e9s d&#8217;une main.<\/p>\n<p>Disponible pour les tailles 216 et 433 MHz. Disponible uniquement pour les mod\u00e8les Field Marshall 2007 et plus r\u00e9cents.<\/p>\n<div class=\"read-more\"><a href=\"https:\/\/marshallradio.com\/eu\/product\/etui-de-cordura\/?lang=fr\">Read more <span class=\"screen-reader-text\">Holster de terrain Cordura<\/span><span class=\"meta-nav\"> &#8250;<\/span><\/a><\/div>\n<p><!-- end of .read-more --><\/p>\n","protected":false},"featured_media":44223,"template":"","meta":{"_acf_changed":false},"product_brand":[],"product_cat":[61],"product_tag":[],"class_list":{"0":"post-34925","1":"product","2":"type-product","3":"status-publish","4":"has-post-thumbnail","6":"product_cat-worldwide-accessories-excluding-gulf-fr","8":"first","9":"instock","10":"taxable","11":"shipping-taxable","12":"purchasable","13":"product-type-variable"},"acf":[],"_links":{"self":[{"href":"https:\/\/marshallradio.com\/eu\/wp-json\/wp\/v2\/product\/34925","targetHints":{"allow":["GET"]}}],"collection":[{"href":"https:\/\/marshallradio.com\/eu\/wp-json\/wp\/v2\/product"}],"about":[{"href":"https:\/\/marshallradio.com\/eu\/wp-json\/wp\/v2\/types\/product"}],"wp:featuredmedia":[{"embeddable":true,"href":"https:\/\/marshallradio.com\/eu\/wp-json\/wp\/v2\/media\/44223"}],"wp:attachment":[{"href":"https:\/\/marshallradio.com\/eu\/wp-json\/wp\/v2\/media?parent=34925"}],"wp:term":[{"taxonomy":"product_brand","embeddable":true,"href":"https:\/\/marshallradio.com\/eu\/wp-json\/wp\/v2\/product_brand?post=34925"},{"taxonomy":"product_cat","embeddable":true,"href":"https:\/\/marshallradio.com\/eu\/wp-json\/wp\/v2\/product_cat?post=34925"},{"taxonomy":"product_tag","embeddable":true,"href":"https:\/\/marshallradio.com\/eu\/wp-json\/wp\/v2\/product_tag?post=34925"}],"curies":[{"name":"wp","href":"https:\/\/api.w.org\/{rel}","templated":true}]}}