
{"id":34935,"date":"2018-06-25T15:24:02","date_gmt":"2019-07-11T18:11:13","guid":{"rendered":"http:\/\/marshallradio.com\/eu\/product\/cordura-funda-de-campo\/"},"modified":"2022-04-05T21:56:16","modified_gmt":"2022-04-05T21:56:16","slug":"cordura-campo-funda","status":"publish","type":"product","link":"https:\/\/marshallradio.com\/eu\/product\/cordura-campo-funda\/?lang=es","title":{"rendered":"Funda de campo de Cordura"},"content":{"rendered":"","protected":false},"excerpt":{"rendered":"<p>Con un dise\u00f1o personalizado que se ajusta perfectamente al receptor, estas nuevas fundas de campo se pueden usar sobre el hombro o alrededor de la cintura. La cubierta superior extra\u00edble es un dise\u00f1o de concha de almeja para cubrir toda la parte superior y proteger el receptor en condiciones clim\u00e1ticas adversas. La nueva correa m\u00e1s ancha para el hombro se abre en cada extremo con una mano.<\/p>\n<p>Disponible para tama\u00f1os de 216 y 433 MHz. Disponible solo para 2007 y modelos Field Marshall m\u00e1s nuevos.<\/p>\n<div class=\"read-more\"><a href=\"https:\/\/marshallradio.com\/eu\/product\/cordura-campo-funda\/?lang=es\">Read more <span class=\"screen-reader-text\">Funda de campo de Cordura<\/span><span class=\"meta-nav\"> &#8250;<\/span><\/a><\/div>\n<p><!-- end of .read-more --><\/p>\n","protected":false},"featured_media":44226,"template":"","meta":{"_acf_changed":false},"product_brand":[],"product_cat":[64],"product_tag":[],"class_list":{"0":"post-34935","1":"product","2":"type-product","3":"status-publish","4":"has-post-thumbnail","6":"product_cat-worldwide-accessories-excluding-gulf-es","8":"first","9":"instock","10":"taxable","11":"shipping-taxable","12":"purchasable","13":"product-type-variable"},"acf":[],"_links":{"self":[{"href":"https:\/\/marshallradio.com\/eu\/wp-json\/wp\/v2\/product\/34935","targetHints":{"allow":["GET"]}}],"collection":[{"href":"https:\/\/marshallradio.com\/eu\/wp-json\/wp\/v2\/product"}],"about":[{"href":"https:\/\/marshallradio.com\/eu\/wp-json\/wp\/v2\/types\/product"}],"wp:featuredmedia":[{"embeddable":true,"href":"https:\/\/marshallradio.com\/eu\/wp-json\/wp\/v2\/media\/44226"}],"wp:attachment":[{"href":"https:\/\/marshallradio.com\/eu\/wp-json\/wp\/v2\/media?parent=34935"}],"wp:term":[{"taxonomy":"product_brand","embeddable":true,"href":"https:\/\/marshallradio.com\/eu\/wp-json\/wp\/v2\/product_brand?post=34935"},{"taxonomy":"product_cat","embeddable":true,"href":"https:\/\/marshallradio.com\/eu\/wp-json\/wp\/v2\/product_cat?post=34935"},{"taxonomy":"product_tag","embeddable":true,"href":"https:\/\/marshallradio.com\/eu\/wp-json\/wp\/v2\/product_tag?post=34935"}],"curies":[{"name":"wp","href":"https:\/\/api.w.org\/{rel}","templated":true}]}}