
{"id":34940,"date":"2018-06-20T18:42:35","date_gmt":"2019-07-11T18:15:55","guid":{"rendered":"http:\/\/marshallradio.com\/eu\/product\/snimac-signalu\/"},"modified":"2021-05-07T17:37:07","modified_gmt":"2021-05-07T17:37:07","slug":"cidla-signalu","status":"publish","type":"product","link":"https:\/\/marshallradio.com\/eu\/product\/cidla-signalu\/?lang=cs","title":{"rendered":"Sn\u00edma\u010d Sign\u00e1lu"},"content":{"rendered":"<p>Evoluce v designu<br \/>\n<img loading=\"lazy\" decoding=\"async\" class=\"size-full wp-image-859 alignleft\" src=\"http:\/\/marshall.lamp3.i4.net\/wp-content\/uploads\/2018\/06\/LED_closeup_sm.jpg\" alt=\"\" width=\"250\" height=\"250\">Senzor sign\u00e1lu je kompaktn\u00ed, \u0161irokop\u00e1smov\u00fd mikro p\u0159ij\u00edma\u010d navr\u017een\u00fd Radio Expertem Ronem Kumetzem pro sn\u00edm\u00e1n\u00ed provozu vys\u00edla\u010d\u016f Marshall Radio Telemetry ve velmi bl\u00edzk\u00e9m dosahu. Jak\u00fdkoliv vys\u00edla\u010d s magnetick\u00fdm sp\u00edna\u010dem m\u016f\u017ee b\u00fdt zapnut a vypnut s vnit\u0159n\u00edm magnetem sn\u00edma\u010de sign\u00e1lu a z\u00e1rove\u0148 sly\u0161et sign\u00e1l a vid\u011bt ho blikaj\u00edc\u00ed LED diodou pro jednostup\u0148ovou operaci jednou rukou.<\/p>\n<p>Stiskem a podr\u017een\u00edm vyp\u00edna\u010de zapnete a usly\u0161\u00edte dv\u011b rychl\u00e1 p\u00edpnut\u00ed, po nich\u017e n\u00e1sleduje ticho, pokud nen\u00ed v bl\u00edzkosti \u017e\u00e1dn\u00fd vys\u00edla\u010d. P\u0159ive\u010fte ji do bl\u00edzkosti b\u011b\u017e\u00edc\u00edho vys\u00edla\u010de a usly\u0161\u00edte, \u017ee b\u011b\u017e\u00ed, viz blik\u00e1n\u00ed LED s ka\u017ed\u00fdm pulsem. Dotkn\u011bte se za\u0159\u00edzen\u00ed vys\u00edla\u010de, jak je zn\u00e1zorn\u011bno na tomto obr\u00e1zku, a usly\u0161\u00edte p\u011bt rychl\u00fdch p\u00edpnut\u00ed sp\u00edna\u010de mag.<\/p>\n<p>Tento \u0161ikovn\u00fd mal\u00fd p\u0159\u00edstroj je k dispozici u n\u00e1s v jedn\u00e9 barv\u011b (&#8220;Marshall \u0161ed\u00e1&#8221;), ale stejn\u00fd v\u00fdrobek lze zakoupit v r\u016fzn\u00fdch barv\u00e1ch jako &#8220;Signal Finder&#8221; prost\u0159ednictv\u00edm <a href=\"http:\/\/www.westernsporting.com\/\">Western Sporting.<\/a><\/p>\n<ul>\n<li>Jsou um\u00edst\u011bny v odoln\u00e9m pouzdru odoln\u00e9m proti pov\u011btrnostn\u00edm vliv\u016fm.<\/li>\n<li>Vnit\u0159n\u00ed magnet pro zapnut\u00ed a vypnut\u00ed vys\u00edla\u010de.<\/li>\n<li>Jednoduch\u00e1 funkce tla\u010d\u00edtka zabra\u0148uje vybit\u00ed akumul\u00e1toru, kdy\u017e se nepou\u017e\u00edv\u00e1.<\/li>\n<li>Algoritmus detekce sign\u00e1lu \u0159\u00edzen\u00fd mikroprocesorem.<\/li>\n<li>Indik\u00e1tory LED &amp; Tone signalizuj\u00ed, \u017ee je vys\u00edla\u010d funk\u010dn\u00ed.<\/li>\n<li>Indik\u00e1tory LED &amp; T\u00f3n signalizuj\u00ed, \u017ee baterie testeru funguje.<\/li>\n<li>P\u0159\u00edpojn\u00fd bod na lan\u011b, aby se zabr\u00e1nilo ztr\u00e1t\u011b v ter\u00e9nu.<\/li>\n<\/ul>\n<p>FAQ<br \/>\n<strong>Mohu nam\u00edsto sledovac\u00edho p\u0159ij\u00edma\u010de pou\u017e\u00edvat senzor sign\u00e1lu?<\/strong><\/p>\n<p>Senzor sign\u00e1lu m\u016f\u017eete pou\u017e\u00edt k detekci, zda je vys\u00edla\u010d spu\u0161t\u011bn, ve velmi bl\u00edzk\u00e9m dosahu. Ale nen\u00ed zde \u017e\u00e1dn\u00e1 schopnost hled\u00e1n\u00ed sm\u011bru. Senzor sign\u00e1lu byl vytvo\u0159en tak, aby pohodl\u00ed magnetick\u00e9ho sp\u00edna\u010de na vys\u00edla\u010d\u00edch Marshall Radio bylo je\u0161t\u011b pohodln\u011bj\u0161\u00ed, proto\u017ee nemus\u00edte otev\u00edrat, zap\u00ednat sledovac\u00ed p\u0159ij\u00edma\u010d a naladit sign\u00e1l jen tak, abyste mohli poslouchat vys\u00edla\u010d p\u0159i pou\u017eit\u00ed magnetu. vypnout. S senzorem sign\u00e1lu je to v\u0161e v ruce (magnet, detekce, zvuk), tak\u017ee p\u0159ij\u00edma\u010d m\u016f\u017ee po letu z\u016fstat v pouzd\u0159e v n\u00e1kladn\u00edm automobilu.<\/p>\n<p><strong>Jak je to v porovn\u00e1n\u00ed s ostatn\u00edmi testeri vys\u00edla\u010d\u016f venku?<\/strong><\/p>\n<p><img loading=\"lazy\" decoding=\"async\" class=\"size-full wp-image-861 alignleft\" src=\"http:\/\/marshall.lamp3.i4.net\/wp-content\/uploads\/2018\/06\/Old__New_side_by_side_sm.jpg\" alt=\"\" width=\"200\" height=\"163\">Jeho prim\u00e1rn\u00ed v\u00fdhodou je, \u017ee je mnohem m\u00e9n\u011b objemn\u00fd ne\u017e dva zde uveden\u00e9 n\u00e1vrhy box\u016f. Pro srovn\u00e1n\u00ed, je to mikro velikost a jeho extr\u00e9mn\u011b n\u00edzk\u00e1 v\u00e1ha v\u00e1m d\u00e1v\u00e1 velmi pou\u017eiteln\u00e9 za\u0159\u00edzen\u00ed, kter\u00e9 m\u00e1 v ter\u00e9nu, a to bu\u010f pomoc\u00ed \u0161\u0148\u016frky kolem krku nebo p\u0159ipojen\u00e9 k hawking vesta.<\/p>\n<p>Pou\u017eit\u00e1 baterie je tak\u00e9 velmi b\u011b\u017en\u00fdm a snadno vyhledateln\u00fdm lithiov\u00fdm \u010dl\u00e1nkem CR 2032.<\/p>\n<p>V neposledn\u00ed \u0159ad\u011b je to jen polovina a\u017e t\u0159etina n\u00e1klad\u016f v\u011bt\u0161\u00edch box\u016f!<\/p>\n","protected":false},"excerpt":{"rendered":"<p>Senzor sign\u00e1lu je kompaktn\u00ed, \u0161irokop\u00e1smov\u00fd mikrop\u0159ij\u00edma\u010d ur\u010den\u00fd k ov\u011b\u0159en\u00ed provozu vys\u00edla\u010d\u016f Marshall Radio ve velmi bl\u00edzk\u00e9m dosahu. Jak\u00fdkoliv vys\u00edla\u010d s magnetick\u00fdm sp\u00edna\u010dem m\u016f\u017ee b\u00fdt zapnut a vypnut s vnit\u0159n\u00edm magnetem sn\u00edma\u010de sign\u00e1lu a z\u00e1rove\u0148 sly\u0161et sign\u00e1l a vid\u011bt ho blikaj\u00edc\u00ed LED diodou pro jednostup\u0148ovou operaci jednou rukou.<\/p>\n<div class=\"read-more\"><a href=\"https:\/\/marshallradio.com\/eu\/product\/cidla-signalu\/?lang=cs\">Read more <span class=\"screen-reader-text\">Sn\u00edma\u010d Sign\u00e1lu<\/span><span class=\"meta-nav\"> &#8250;<\/span><\/a><\/div>\n<p><!-- end of .read-more --><\/p>\n","protected":false},"featured_media":44200,"template":"","meta":{"_acf_changed":false},"product_brand":[],"product_cat":[59],"product_tag":[],"class_list":{"0":"post-34940","1":"product","2":"type-product","3":"status-publish","4":"has-post-thumbnail","6":"product_cat-worldwide-accessories-excluding-gulf","8":"first","9":"outofstock","10":"taxable","11":"shipping-taxable","12":"purchasable","13":"product-type-simple"},"acf":[],"_links":{"self":[{"href":"https:\/\/marshallradio.com\/eu\/wp-json\/wp\/v2\/product\/34940","targetHints":{"allow":["GET"]}}],"collection":[{"href":"https:\/\/marshallradio.com\/eu\/wp-json\/wp\/v2\/product"}],"about":[{"href":"https:\/\/marshallradio.com\/eu\/wp-json\/wp\/v2\/types\/product"}],"wp:featuredmedia":[{"embeddable":true,"href":"https:\/\/marshallradio.com\/eu\/wp-json\/wp\/v2\/media\/44200"}],"wp:attachment":[{"href":"https:\/\/marshallradio.com\/eu\/wp-json\/wp\/v2\/media?parent=34940"}],"wp:term":[{"taxonomy":"product_brand","embeddable":true,"href":"https:\/\/marshallradio.com\/eu\/wp-json\/wp\/v2\/product_brand?post=34940"},{"taxonomy":"product_cat","embeddable":true,"href":"https:\/\/marshallradio.com\/eu\/wp-json\/wp\/v2\/product_cat?post=34940"},{"taxonomy":"product_tag","embeddable":true,"href":"https:\/\/marshallradio.com\/eu\/wp-json\/wp\/v2\/product_tag?post=34940"}],"curies":[{"name":"wp","href":"https:\/\/api.w.org\/{rel}","templated":true}]}}