
{"id":34942,"date":"2018-06-20T18:42:35","date_gmt":"2019-07-11T18:23:29","guid":{"rendered":"http:\/\/marshallradio.com\/eu\/product\/capteur-de-signal\/"},"modified":"2021-05-07T17:37:07","modified_gmt":"2021-05-07T17:37:07","slug":"capteur-de-signal","status":"publish","type":"product","link":"https:\/\/marshallradio.com\/eu\/product\/capteur-de-signal\/?lang=fr","title":{"rendered":"Capteur de signal"},"content":{"rendered":"<p>Evolution dans la conception<br \/>\n<img loading=\"lazy\" decoding=\"async\" class=\"size-full wp-image-859 alignleft\" src=\"http:\/\/marshall.lamp3.i4.net\/wp-content\/uploads\/2018\/06\/LED_closeup_sm.jpg\" alt=\"\" width=\"250\" height=\"250\">Le capteur de signal est un micror\u00e9cepteur compact \u00e0 large bande con\u00e7u par Ron Kumetz, expert en radio, pour d\u00e9tecter le fonctionnement des \u00e9metteurs Marshall \u00e0 tr\u00e8s courte distance. Tout \u00e9metteur avec un commutateur magn\u00e9tique peut \u00eatre allum\u00e9 et \u00e9teint avec l\u2019aimant interne du capteur de signaux tout en \u00e9coutant le signal et en le voyant avec une LED clignotante pour un fonctionnement \u00e0 une \u00e9tape et d\u2019une main.<\/p>\n<p>En appuyant sur l&#8217;interrupteur, vous entendrez et verrez deux bips rapides suivis d&#8217;un silence si aucun \u00e9metteur en fonctionnement n&#8217;est \u00e0 proximit\u00e9. Mais rapprochez-le d&#8217;un \u00e9metteur en marche et vous entendrez le clignotement de la LED \u00e0 chaque impulsion. Placez l&#8217;appareil sur l&#8217;\u00e9metteur, comme indiqu\u00e9 sur cette image, et vous entendrez les cinq bips rapides de l&#8217;interrupteur de la mag qui s&#8217;arr\u00eate, suivi d&#8217;un silence.<\/p>\n<p>Ce petit appareil pratique est disponible chez nous en une couleur (&#8220;gris Marshall&#8221;), mais vous pouvez acheter le m\u00eame produit dans des couleurs diff\u00e9rentes de celles du &#8220;Signal Finder&#8221; de <a href=\"http:\/\/www.westernsporting.com\/\">Western Sporting.<\/a><\/p>\n<ul>\n<li>Log\u00e9 dans un bo\u00eetier r\u00e9sistant aux intemp\u00e9ries.<\/li>\n<li>Aimant interne pour allumer et \u00e9teindre l&#8217;\u00e9metteur.<\/li>\n<li>Un simple bouton-poussoir emp\u00eache la batterie de se d\u00e9charger lorsqu&#8217;elle n&#8217;est pas utilis\u00e9e.<\/li>\n<li>Algorithme de d\u00e9tection de signal contr\u00f4l\u00e9 par microprocesseur.<\/li>\n<li>Les voyants DEL et ton indiquent que l\u2019\u00e9metteur est op\u00e9rationnel.<\/li>\n<li>Les indicateurs LED et ton indiquent que la batterie du testeur fonctionne.<\/li>\n<li>Point d&#8217;attache de lani\u00e8re pour \u00e9viter les pertes sur le terrain.<\/li>\n<\/ul>\n<p>FAQ<br \/>\n<strong>Puis-je utiliser le capteur de signal au lieu d&#8217;un r\u00e9cepteur de suivi?<\/strong><\/p>\n<p>Vous pouvez utiliser le capteur de signal pour d\u00e9tecter si un transmetteur est en marche, \u00e0 tr\u00e8s courte distance. Mais il n&#8217;y a pas de capacit\u00e9 de recherche de direction. Le capteur de signal a \u00e9t\u00e9 cr\u00e9\u00e9 pour rendre le commutateur magn\u00e9tique de vos \u00e9metteurs Marshall encore plus pratique, en ne vous obligeant pas \u00e0 vous ouvrir, \u00e0 allumer votre r\u00e9cepteur de recherche et \u00e0 accorder le signal juste pour \u00e9couter l&#8217;\u00e9metteur lorsque vous utilisez l&#8217;aimant pour l&#8217;\u00e9teindre. Avec le capteur de signal, tout est dans votre main (aimant, d\u00e9tection, son) afin que le r\u00e9cepteur puisse rester rang\u00e9 dans son \u00e9tui dans le camion apr\u00e8s le vol.<\/p>\n<p><strong>Comment cela se compare-t-il aux autres testeurs d&#8217;\u00e9metteur?<\/strong><\/p>\n<p><img loading=\"lazy\" decoding=\"async\" class=\"size-full wp-image-861 alignleft\" src=\"http:\/\/marshall.lamp3.i4.net\/wp-content\/uploads\/2018\/06\/Old__New_side_by_side_sm.jpg\" alt=\"\" width=\"200\" height=\"163\">Son principal avantage est qu\u2019il est beaucoup moins encombrant que les deux mod\u00e8les de bo\u00eetes pr\u00e9sent\u00e9s ici. En comparaison, il est de taille tr\u00e8s r\u00e9duite et son poids extr\u00eamement l\u00e9ger vous donne un appareil tr\u00e8s utile \u00e0 utiliser sur le terrain, soit en utilisant la longe autour du cou, soit en le connectant \u00e0 un gilet de colportage.<\/p>\n<p>En outre, la pile utilis\u00e9e est la pile au lithium 3v CR 2032 extr\u00eamement commune et facile \u00e0 trouver.<\/p>\n<p>Dernier point mais non le moindre, le co\u00fbt des bo\u00eetes plus grandes ne repr\u00e9sente que la moiti\u00e9 ou le tiers!<\/p>\n","protected":false},"excerpt":{"rendered":"<p>Le capteur de signal est un micro-r\u00e9cepteur large bande compact con\u00e7u pour v\u00e9rifier le fonctionnement de vos \u00e9metteurs Marshall Radio \u00e0 tr\u00e8s courte distance. Tout \u00e9metteur avec un commutateur magn\u00e9tique peut \u00eatre allum\u00e9 et \u00e9teint avec l\u2019aimant interne du capteur de signaux tout en \u00e9coutant le signal et en le voyant avec une LED clignotante pour un fonctionnement \u00e0 une \u00e9tape et d\u2019une main.<\/p>\n<div class=\"read-more\"><a href=\"https:\/\/marshallradio.com\/eu\/product\/capteur-de-signal\/?lang=fr\">Read more <span class=\"screen-reader-text\">Capteur de signal<\/span><span class=\"meta-nav\"> &#8250;<\/span><\/a><\/div>\n<p><!-- end of .read-more --><\/p>\n","protected":false},"featured_media":44202,"template":"","meta":{"_acf_changed":false},"product_brand":[],"product_cat":[61],"product_tag":[],"class_list":{"0":"post-34942","1":"product","2":"type-product","3":"status-publish","4":"has-post-thumbnail","6":"product_cat-worldwide-accessories-excluding-gulf-fr","8":"first","9":"outofstock","10":"taxable","11":"shipping-taxable","12":"purchasable","13":"product-type-simple"},"acf":[],"_links":{"self":[{"href":"https:\/\/marshallradio.com\/eu\/wp-json\/wp\/v2\/product\/34942","targetHints":{"allow":["GET"]}}],"collection":[{"href":"https:\/\/marshallradio.com\/eu\/wp-json\/wp\/v2\/product"}],"about":[{"href":"https:\/\/marshallradio.com\/eu\/wp-json\/wp\/v2\/types\/product"}],"wp:featuredmedia":[{"embeddable":true,"href":"https:\/\/marshallradio.com\/eu\/wp-json\/wp\/v2\/media\/44202"}],"wp:attachment":[{"href":"https:\/\/marshallradio.com\/eu\/wp-json\/wp\/v2\/media?parent=34942"}],"wp:term":[{"taxonomy":"product_brand","embeddable":true,"href":"https:\/\/marshallradio.com\/eu\/wp-json\/wp\/v2\/product_brand?post=34942"},{"taxonomy":"product_cat","embeddable":true,"href":"https:\/\/marshallradio.com\/eu\/wp-json\/wp\/v2\/product_cat?post=34942"},{"taxonomy":"product_tag","embeddable":true,"href":"https:\/\/marshallradio.com\/eu\/wp-json\/wp\/v2\/product_tag?post=34942"}],"curies":[{"name":"wp","href":"https:\/\/api.w.org\/{rel}","templated":true}]}}