
{"id":34943,"date":"2018-06-20T18:42:35","date_gmt":"2019-07-11T18:27:04","guid":{"rendered":"http:\/\/marshallradio.com\/eu\/product\/sensore-di-segnale\/"},"modified":"2021-05-07T17:37:07","modified_gmt":"2021-05-07T17:37:07","slug":"segnale-sensore","status":"publish","type":"product","link":"https:\/\/marshallradio.com\/eu\/product\/segnale-sensore\/?lang=it","title":{"rendered":"Sensore di segnale"},"content":{"rendered":"<p>Evoluzione nel design<br \/>\n<img loading=\"lazy\" decoding=\"async\" class=\"size-full wp-image-859 alignleft\" src=\"http:\/\/marshall.lamp3.i4.net\/wp-content\/uploads\/2018\/06\/LED_closeup_sm.jpg\" alt=\"\" width=\"250\" height=\"250\">Il Signal Sensor \u00e8 un micro ricevitore compatto a banda larga progettato da Radio Expert Ron Kumetz per rilevare il funzionamento dei trasmettitori Marshall Radio Telemetry a distanza ravvicinata. Qualsiasi trasmettitore con un interruttore magnetico pu\u00f2 essere acceso e spento con il magnete interno del Sensore di Segnale mentre contemporaneamente sente il segnale e lo vede con un LED lampeggiante per un&#8217;operazione monofase, con una sola mano.<\/p>\n<p>Premendo e tenendo premuto l&#8217;interruttore di accensione, sentirai e vedrai due segnali acustici rapidi seguiti da silenzio se nessun trasmettitore operativo \u00e8 vicino. Ma portalo in prossimit\u00e0 di un trasmettitore funzionante e lo sentirai funzionare, vedi il LED lampeggiare ad ogni impulso. Tocca il dispositivo sul trasmettitore come mostrato in questa immagine, e sentirai i cinque segnali acustici rapidi dell&#8217;interruttore di spegnimento, seguito dal silenzio.<\/p>\n<p>Questo pratico piccolo dispositivo \u00e8 disponibile da noi in un unico colore (&#8220;Marshall grigio&#8221;), ma lo stesso prodotto pu\u00f2 essere acquistato in diversi colori come &#8220;Signal Finder&#8221; attraverso <a href=\"http:\/\/www.westernsporting.com\/\">Western Sporting.<\/a><\/p>\n<ul>\n<li>Ospitato in una custodia resistente alle intemperie resistente.<\/li>\n<li>Magnete interno per accendere e spegnere il trasmettitore.<\/li>\n<li>Il semplice funzionamento del pulsante impedisce il consumo della batteria quando non viene utilizzato.<\/li>\n<li>Algoritmo di rilevamento del segnale controllato da microprocessore.<\/li>\n<li>Gli indicatori LED e di tono segnalano che il trasmettitore \u00e8 operativo.<\/li>\n<li>Gli indicatori LED e di tono segnalano che la batteria del tester funziona.<\/li>\n<li>Punto di attacco della cordicella per evitare perdite nel campo.<\/li>\n<\/ul>\n<p>FAQ<br \/>\n<strong>Posso usare il sensore di segnale invece di un ricevitore di localizzazione?<\/strong><\/p>\n<p>\u00c8 possibile utilizzare il sensore di segnale per rilevare se un trasmettitore \u00e8 in funzione, a distanza ravvicinata. Ma non c&#8217;\u00e8 capacit\u00e0 di ricerca della direzione. Il sensore di segnale \u00e8 stato creato per rendere ancora pi\u00f9 comoda la comodit\u00e0 dell&#8217;interruttore magnetico sui trasmettitori Marshall Radio, non richiedendo l&#8217;apertura, l&#8217;accensione del ricevitore di tracciamento e la sintonizzazione del segnale solo per ascoltare il trasmettitore quando si utilizza il magnete per spegnerlo. Con il sensore di segnale, \u00e8 tutto l\u00ec nella tua mano (magnete, rilevamento, suono) in modo che il ricevitore possa rimanere riposto nella sua fondina nel camion dopo il volo.<\/p>\n<p><strong>Come si confronta con altri tester di trasmettitore l\u00e0 fuori?<\/strong><\/p>\n<p><img loading=\"lazy\" decoding=\"async\" class=\"size-full wp-image-861 alignleft\" src=\"http:\/\/marshall.lamp3.i4.net\/wp-content\/uploads\/2018\/06\/Old__New_side_by_side_sm.jpg\" alt=\"\" width=\"200\" height=\"163\">Il vantaggio principale \u00e8 che \u00e8 molto meno ingombrante dei due modelli di scatole qui mostrati. In confronto, \u00e8 di dimensioni microscopiche e il suo peso estremamente leggero ti d\u00e0 un dispositivo molto utile da avere sul campo, sia usando il cordino al collo o collegato a un giubbotto hawking.<\/p>\n<p>Inoltre, la batteria utilizzata \u00e8 il litio 3v a celle a moneta CR 2032 estremamente comune e facile da trovare.<\/p>\n<p>Ultimo ma non meno importante, \u00e8 solo da un mezzo a un terzo il costo delle scatole pi\u00f9 grandi!<\/p>\n","protected":false},"excerpt":{"rendered":"<p>Il Signal Sensor \u00e8 un microricevitore compatto a banda larga progettato per verificare il funzionamento dei trasmettitori Marshall Radio a distanza ravvicinata. Qualsiasi trasmettitore con un interruttore magnetico pu\u00f2 essere acceso e spento con il magnete interno del Sensore di Segnale mentre contemporaneamente sente il segnale e lo vede con un LED lampeggiante per un&#8217;operazione monofase, con una sola mano.<\/p>\n<div class=\"read-more\"><a href=\"https:\/\/marshallradio.com\/eu\/product\/segnale-sensore\/?lang=it\">Read more <span class=\"screen-reader-text\">Sensore di segnale<\/span><span class=\"meta-nav\"> &#8250;<\/span><\/a><\/div>\n<p><!-- end of .read-more --><\/p>\n","protected":false},"featured_media":44204,"template":"","meta":{"_acf_changed":false},"product_brand":[],"product_cat":[63],"product_tag":[],"class_list":{"0":"post-34943","1":"product","2":"type-product","3":"status-publish","4":"has-post-thumbnail","6":"product_cat-worldwide-accessories-excluding-gulf-it","8":"first","9":"outofstock","10":"taxable","11":"shipping-taxable","12":"purchasable","13":"product-type-simple"},"acf":[],"_links":{"self":[{"href":"https:\/\/marshallradio.com\/eu\/wp-json\/wp\/v2\/product\/34943","targetHints":{"allow":["GET"]}}],"collection":[{"href":"https:\/\/marshallradio.com\/eu\/wp-json\/wp\/v2\/product"}],"about":[{"href":"https:\/\/marshallradio.com\/eu\/wp-json\/wp\/v2\/types\/product"}],"wp:featuredmedia":[{"embeddable":true,"href":"https:\/\/marshallradio.com\/eu\/wp-json\/wp\/v2\/media\/44204"}],"wp:attachment":[{"href":"https:\/\/marshallradio.com\/eu\/wp-json\/wp\/v2\/media?parent=34943"}],"wp:term":[{"taxonomy":"product_brand","embeddable":true,"href":"https:\/\/marshallradio.com\/eu\/wp-json\/wp\/v2\/product_brand?post=34943"},{"taxonomy":"product_cat","embeddable":true,"href":"https:\/\/marshallradio.com\/eu\/wp-json\/wp\/v2\/product_cat?post=34943"},{"taxonomy":"product_tag","embeddable":true,"href":"https:\/\/marshallradio.com\/eu\/wp-json\/wp\/v2\/product_tag?post=34943"}],"curies":[{"name":"wp","href":"https:\/\/api.w.org\/{rel}","templated":true}]}}