
{"id":34944,"date":"2018-06-20T18:42:35","date_gmt":"2019-07-11T18:30:22","guid":{"rendered":"http:\/\/marshallradio.com\/eu\/product\/sensor-de-senal\/"},"modified":"2021-05-07T17:37:07","modified_gmt":"2021-05-07T17:37:07","slug":"sensor-de-senal","status":"publish","type":"product","link":"https:\/\/marshallradio.com\/eu\/product\/sensor-de-senal\/?lang=es","title":{"rendered":"Sensor de se\u00f1al"},"content":{"rendered":"<p>Evoluci\u00f3n en dise\u00f1o<br \/>\n<img loading=\"lazy\" decoding=\"async\" class=\"size-full wp-image-859 alignleft\" src=\"http:\/\/marshall.lamp3.i4.net\/wp-content\/uploads\/2018\/06\/LED_closeup_sm.jpg\" alt=\"\" width=\"250\" height=\"250\" \/>El Sensor de se\u00f1al es un microrreceptor compacto de banda ancha dise\u00f1ado por el experto en radio Ron Kumetz para detectar el funcionamiento de los transmisores Marshall de telemetr\u00eda de radio a muy poca distancia. Cualquier transmisor con un interruptor magn\u00e9tico puede encenderse y apagarse con el im\u00e1n interno del sensor de se\u00f1al mientras escucha la se\u00f1al simult\u00e1neamente y lo ve con un LED parpadeante para la operaci\u00f3n con un solo paso y con una sola mano.<\/p>\n<p>Al presionar y mantener presionado el interruptor de encendido, escuchar\u00e1 y ver\u00e1 dos pitidos r\u00e1pidos seguidos de silencio si no hay ning\u00fan transmisor en funcionamiento cerca. Pero col\u00f3quelo cerca de un transmisor en funcionamiento y lo oir\u00e1, vea que el LED parpadea con cada pulso. Toca el dispositivo con el transmisor como se muestra en esta imagen, y escuchar\u00e1s los cinco pitidos r\u00e1pidos del interruptor magn\u00e9tico que se apaga, seguido de un silencio.<\/p>\n<p>Este peque\u00f1o y pr\u00e1ctico dispositivo est\u00e1 disponible en un color (&#8220;Marshall Marshall&#8221;), pero el mismo producto se puede comprar en diferentes colores como el &#8220;Buscador de se\u00f1ales&#8221; a trav\u00e9s de <a href=\"http:\/\/www.westernsporting.com\/\">Western Sporting.<\/a><\/p>\n<ul>\n<li>Alojado en una caja resistente a la intemperie duradera.<\/li>\n<li>Im\u00e1n interno para encender y apagar el transmisor.<\/li>\n<li>La simple operaci\u00f3n del bot\u00f3n pulsador evita el desgaste de la bater\u00eda cuando no est\u00e1 en uso<\/li>\n<li>Algoritmo de detecci\u00f3n de se\u00f1al controlado por microprocesador.<\/li>\n<li>Los indicadores LED y de tono indican que el transmisor est\u00e1 operativo.<\/li>\n<li>Los indicadores LED y de tono indican que la bater\u00eda del comprobador est\u00e1 funcionando.<\/li>\n<li>Punto de sujeci\u00f3n de cord\u00f3n para evitar p\u00e9rdidas en el campo.<\/li>\n<\/ul>\n<p>FAQ<br \/>\n<strong>\u00bfPuedo usar el sensor de se\u00f1al en lugar de un receptor de seguimiento?<\/strong><\/p>\n<p>Puede usar el sensor de se\u00f1al para detectar si un transmisor est\u00e1 funcionando, a muy poca distancia. Pero no para encontrar la direcci\u00f3n. El sensor de se\u00f1al se cre\u00f3 para evitar abrir el receptor antes de iniciar un vuelo o saber si est\u00e1 o no encendido . Con el sensor de se\u00f1al, todo est\u00e1 en su mano (im\u00e1n, detecci\u00f3n, sonido) para que el receptor pueda permanecer en su funda en el coche despu\u00e9s del vuelo.<\/p>\n<p><strong>\u00bfC\u00f3mo se compara esto con otros probadores de transmisores que hay?<\/strong><\/p>\n<p><img loading=\"lazy\" decoding=\"async\" class=\"size-full wp-image-861 alignleft\" src=\"http:\/\/marshall.lamp3.i4.net\/wp-content\/uploads\/2018\/06\/Old__New_side_by_side_sm.jpg\" alt=\"\" width=\"200\" height=\"163\" \/>Su principal ventaja es que es mucho menos voluminoso que los dos dise\u00f1os de cajas que se muestran aqu\u00ed. En comparaci\u00f3n, es de tama\u00f1o micro y su peso extremadamente liviano le brinda un dispositivo muy \u00fatil para usar en el campo, ya sea usando el cord\u00f3n alrededor de su cuello o enganchado a un chaleco.<\/p>\n<p>Adem\u00e1s, la bater\u00eda utilizada es la CR 2032 de litio 3v extremadamente com\u00fan y f\u00e1cil de encontrar.<\/p>\n<p>Por \u00faltimo, pero no menos importante, \u00a1es solo de la mitad de un tercio del costo de las cajas m\u00e1s grandes!<\/p>\n","protected":false},"excerpt":{"rendered":"<p>El sensor de se\u00f1al es un micro-receptor compacto de banda ancha dise\u00f1ado para verificar el funcionamiento de sus transmisores Marshall Radio a muy poca distancia. Cualquier transmisor con un interruptor magn\u00e9tico puede encenderse y apagarse con el im\u00e1n interno del sensor de se\u00f1al mientras escucha la se\u00f1al simult\u00e1neamente y lo ve con un LED parpadeante en un solo paso y con una sola mano.<\/p>\n<div class=\"read-more\"><a href=\"https:\/\/marshallradio.com\/eu\/product\/sensor-de-senal\/?lang=es\">Read more <span class=\"screen-reader-text\">Sensor de se\u00f1al<\/span><span class=\"meta-nav\"> &#8250;<\/span><\/a><\/div>\n<p><!-- end of .read-more --><\/p>\n","protected":false},"featured_media":44205,"template":"","meta":{"_acf_changed":false},"product_brand":[],"product_cat":[64],"product_tag":[],"class_list":{"0":"post-34944","1":"product","2":"type-product","3":"status-publish","4":"has-post-thumbnail","6":"product_cat-worldwide-accessories-excluding-gulf-es","8":"first","9":"outofstock","10":"taxable","11":"shipping-taxable","12":"purchasable","13":"product-type-simple"},"acf":[],"_links":{"self":[{"href":"https:\/\/marshallradio.com\/eu\/wp-json\/wp\/v2\/product\/34944","targetHints":{"allow":["GET"]}}],"collection":[{"href":"https:\/\/marshallradio.com\/eu\/wp-json\/wp\/v2\/product"}],"about":[{"href":"https:\/\/marshallradio.com\/eu\/wp-json\/wp\/v2\/types\/product"}],"wp:featuredmedia":[{"embeddable":true,"href":"https:\/\/marshallradio.com\/eu\/wp-json\/wp\/v2\/media\/44205"}],"wp:attachment":[{"href":"https:\/\/marshallradio.com\/eu\/wp-json\/wp\/v2\/media?parent=34944"}],"wp:term":[{"taxonomy":"product_brand","embeddable":true,"href":"https:\/\/marshallradio.com\/eu\/wp-json\/wp\/v2\/product_brand?post=34944"},{"taxonomy":"product_cat","embeddable":true,"href":"https:\/\/marshallradio.com\/eu\/wp-json\/wp\/v2\/product_cat?post=34944"},{"taxonomy":"product_tag","embeddable":true,"href":"https:\/\/marshallradio.com\/eu\/wp-json\/wp\/v2\/product_tag?post=34944"}],"curies":[{"name":"wp","href":"https:\/\/api.w.org\/{rel}","templated":true}]}}