
{"id":34946,"date":"2018-06-20T18:21:18","date_gmt":"2019-07-11T18:43:22","guid":{"rendered":"http:\/\/marshallradio.com\/eu\/product\/montazni-system-trackpack\/"},"modified":"2024-11-27T00:17:11","modified_gmt":"2024-11-27T00:17:11","slug":"trackpack-montazni-system","status":"publish","type":"product","link":"https:\/\/marshallradio.com\/eu\/product\/trackpack-montazni-system\/?lang=cs","title":{"rendered":"Mont\u00e1\u017en\u00ed syst\u00e9m TrackPack"},"content":{"rendered":"<p><strong>Metoda mont\u00e1\u017ee batohu byla v\u00fdzkumn\u00fdmi biology pou\u017e\u00edv\u00e1na r\u016fzn\u00fdmi zp\u016fsoby po mnoho let, z nich\u017e n\u011bkter\u00e9 byly lep\u0161\u00ed ne\u017e jin\u00e9.<\/strong> Mark Williams z Alberty Canada zdokonalil nejlep\u0161\u00ed z\u00e1kladn\u00ed design a prok\u00e1zal svou \u017eivotaschopnost pro sokolnictv\u00ed. Tento osmim\u00edstn\u00fd p\u0159\u00edstup byl d\u00e1le zjednodu\u0161en a zaveden do v\u00fdroby spole\u010dnost\u00ed Marshall Radio jako &#8220;TrackPack Mont\u00e1\u017en\u00ed syst\u00e9m&#8221;, kter\u00fd umo\u017e\u0148uje je\u0161t\u011b \u010dtvrt\u00fd zp\u016fsob mont\u00e1\u017ee. Za pouh\u00fdch sedm let se stala \u0161iroce pou\u017e\u00edvanou mo\u017enost\u00ed mont\u00e1\u017ee sokoln\u00edk\u016f po cel\u00e9m sv\u011bt\u011b. TrackPack je \u201ehotov\u00e1 sada\u201c pro zp\u016fsob mont\u00e1\u017ee batohu. Po\u010d\u00ednaje jemn\u011b zak\u0159ivenou mont\u00e1\u017en\u00ed deskou obrobenou z plastu Delrin, chr\u00e1n\u011bn\u00e9ho proti UV z\u00e1\u0159en\u00ed, p\u0159id\u00e1me 36 palc\u016f Teflonov\u00e9 trubi\u010dky s malou \u0161\u00ed\u0159kou a mal\u00fd mosazn\u00fd krimpovac\u00ed krou\u017eek vyroben\u00fd pr\u00e1v\u011b pro tento \u00fa\u010del, kter\u00fd je opat\u0159en vnit\u0159n\u00edm z\u00e1vitem pro maxim\u00e1ln\u00ed kousnut\u00ed do p\u00e1sky p\u0159i kone\u010dn\u00e9m nastaven\u00ed .<\/p>\n<p><a href=\"https:\/\/vimeo.com\/442151590\">Nov\u00e1 metoda instalace aplikace TrackPack (anglicky)<\/a><\/p>\n<p><a href=\"https:\/\/vimeo.com\/384648120\">Nov\u00e1 metoda instalace TrackPack (\u0161pan\u011blsky)<\/a><\/p>\n<p><a href=\"https:\/\/vimeo.com\/97463308\">Jak nainstalovat TrackPack (anglicky)<\/a><\/p>\n<p><a href=\"https:\/\/vimeo.com\/97752481\">Jak nainstalovat TrackPack (\u0161pan\u011blsky)<\/a><\/p>\n<p><a href=\"https:\/\/vimeo.com\/235815733\">TrackPack na holuba (anglicky)<\/a><\/p>\n<p><a href=\"https:\/\/vimeo.com\/235812712\">TrackPack na holuba (\u0161pan\u011blsky)<\/a><\/p>\n<p>Kl\u00ed\u010dov\u00e9 vlastnosti<br \/>\n<strong>Pou\u017e\u00edv\u00e1 se pouze trubkov\u00e1 teflonov\u00e1 stuha<\/strong><\/p>\n<p>Materi\u00e1l pou\u017eit\u00fd pro vlastn\u00ed postroj je rozhoduj\u00edc\u00ed pro bezpe\u010dnost my\u0161lenky. Trubkov\u00e1 stuha nem\u00e1 \u017e\u00e1dn\u00e9 hrany, aby mohla b\u00fdt \u0159ez\u00e1na nebo zran\u011bna, a je ve sv\u00e9 podstat\u011b kluzk\u00e1 a hladk\u00e1. Jedn\u00e1 se o stejn\u00fd materi\u00e1l, kter\u00fd byl ji\u017e mnoho let vyb\u00edr\u00e1n a pou\u017e\u00edv\u00e1n fondem Peregrine v USA a po cel\u00e9m sv\u011bt\u011b pro upevn\u011bn\u00ed postroj\u016f ve studi\u00edch migrace.<\/p>\n<p><strong>Hladk\u00e1 a kluzk\u00e1 mont\u00e1\u017en\u00ed deska Delrin<\/strong><\/p>\n<p><img loading=\"lazy\" decoding=\"async\" class=\"size-full wp-image-818 alignleft\" src=\"http:\/\/marshall.lamp3.i4.net\/wp-content\/uploads\/2018\/06\/Leather_Plectrum_w-Delrin.jpg\" alt=\"\" width=\"233\" height=\"175\" \/>Pro mont\u00e1\u017en\u00ed desku jsme p\u016fvodn\u011b pou\u017eili jednoduchou ko\u017eenou podlo\u017eku s hlin\u00edkovou koncovkou. Zjistilo se, \u017ee k\u016f\u017ee by postupem \u010dasu vyvinula m\u00edrn\u00fd tvar osmi\u010dky, jak se strany sto\u010dily nahoru tlakem mezi rameny b\u011bhem zdvih\u016f vzh\u016fru.<\/p>\n<p>Vym\u011bnili jsme k\u016f\u017ei podobn\u00fdm kusem obroben\u00e9ho Delrinu, jeho\u017e \u0161\u00ed\u0159ka byla \u00fazk\u00e1 a jej\u00ed\u017e d\u00e9lka byla tak velk\u00e1, aby p\u0159ipevnila ocasn\u00ed pru\u017einu a chr\u00e1nila ji od dna vys\u00edla\u010de. Delrin je plast s vysokou pevnost\u00ed a nep\u016fsob\u00ed jako tepeln\u011b smr\u0161titeln\u00fd nebo jinak zp\u016fsobuj\u00edc\u00ed podr\u00e1\u017ed\u011bn\u00ed ve vztahu k teplot\u011b.<\/p>\n<p>V\u0161echny hrany jsou zaoblen\u00e9 a hladk\u00e9 a celkov\u00fd tvar je jemn\u011b zak\u0159iven\u00fd, aby l\u00e9pe odpov\u00eddal tvaru h\u0159betu. Pou\u017e\u00edv\u00e1me drah\u00fd Delrin odoln\u00fd proti UV z\u00e1\u0159en\u00ed, kter\u00fd je hodnocen po dobu 20 let na p\u0159\u00edm\u00e9m slune\u010dn\u00edm sv\u011btle, ani\u017e by se stal k\u0159ehk\u00fdm nebo praskl\u00fdm. Tak\u017ee je mo\u017en\u00e9, \u017ee va\u0161e d\u011bti zd\u011bd\u00ed pou\u017eit\u00e9 mont\u00e1\u017en\u00ed desky.<\/p>\n<p><strong>Extra d\u00e9lka p\u00e1sky pro velikost a extra fit<\/strong><\/p>\n<p>Po\u010d\u00ednaje d\u00e9lkou 36 palc\u016f, nebo 18 palc\u016f na stranu, umo\u017e\u0148uje dostatek m\u00edsta nav\u00edc na v\u011bt\u0161in\u011b Hawks a Falcons, aby m\u011bli asi 5-7 palc\u016f nav\u00edc k pou\u017eit\u00ed pro manipulaci, dimenzov\u00e1n\u00ed rozhodnut\u00ed a obecn\u00e9 zach\u00e1zen\u00ed.<\/p>\n<p><strong>Zak\u00e1zkov\u00e1 vnit\u0159n\u00ed z\u00e1vitov\u00e1 mosazn\u00e1 krimpovac\u00ed kru\u017enice<\/strong><\/p>\n<p><img loading=\"lazy\" decoding=\"async\" class=\"size-full wp-image-816 alignleft\" src=\"http:\/\/marshall.lamp3.i4.net\/wp-content\/uploads\/2018\/06\/Brass_ring_crimped.jpg\" alt=\"\" width=\"175\" height=\"175\" \/>Vezmeme mosaznou trubku a poklep\u00e1me na ni z\u00e1vit, abychom zajistili lep\u0161\u00ed skus, kdy\u017e je zalisov\u00e1n. To bylo testov\u00e1no, zav\u011b\u0161en\u00edm kbel\u00edku s v\u00e1hami, k asi 25 liber s\u00edly dr\u017een\u00ed.<\/p>\n<p><strong>T\u0159i velikosti<\/strong><\/p>\n<p>TrackPack Micro pou\u017e\u00edv\u00e1 neju\u017e\u0161\u00ed nejmen\u0161\u00ed stuhu a bude obsahovat pouze Micro velikost pru\u017einy.<\/p>\n<p>TrackPack s b\u011b\u017enou velikost\u00ed bude obsahovat v\u0161echny vys\u00edla\u010de, v\u010detn\u011b Micro, i kdy\u017e to nebude tak dokonal\u00e9.<\/p>\n<p>XLP nebo Orel velikost TrackPack pou\u017e\u00edv\u00e1 1\/4 palce p\u00e1su a del\u0161\u00ed mont\u00e1\u017en\u00ed deska pom\u00e1h\u00e1 um\u00edstit p\u00e1sku ni\u017e\u0161\u00ed na trupu. To lze pou\u017e\u00edt i pro velk\u00e9 Buteos.<\/p>\n","protected":false},"excerpt":{"rendered":"<p>&nbsp;<\/p>\n<ul>\n<li><strong>Micro TrackPack &#8211;<\/strong> mal\u00e9 dravce (Merlin, Kestrel) pou\u017e\u00edvan\u00e9 s mikro vys\u00edla\u010dem<\/li>\n<li><strong>Regular TrackPack &#8211;<\/strong> Middelgrote tot grote roofvogels (Slechtvalk, Harris, Haviken, Roodstaarten)<\/li>\n<li><strong>Extra Velk\u00e9 TrackPack &#8211;<\/strong> Extra velk\u00e9 dravce (Eagles)<\/li>\n<\/ul>\n<p>&nbsp;<\/p>\n<div class=\"read-more\"><a href=\"https:\/\/marshallradio.com\/eu\/product\/trackpack-montazni-system\/?lang=cs\">Read more <span class=\"screen-reader-text\">Mont\u00e1\u017en\u00ed syst\u00e9m TrackPack<\/span><span class=\"meta-nav\"> &#8250;<\/span><\/a><\/div>\n<p><!-- end of .read-more --><\/p>\n","protected":false},"featured_media":44400,"template":"","meta":{"_acf_changed":false},"product_brand":[],"product_cat":[59],"product_tag":[],"class_list":{"0":"post-34946","1":"product","2":"type-product","3":"status-publish","4":"has-post-thumbnail","6":"product_cat-worldwide-accessories-excluding-gulf","8":"first","9":"instock","10":"taxable","11":"shipping-taxable","12":"purchasable","13":"product-type-variable"},"acf":[],"_links":{"self":[{"href":"https:\/\/marshallradio.com\/eu\/wp-json\/wp\/v2\/product\/34946","targetHints":{"allow":["GET"]}}],"collection":[{"href":"https:\/\/marshallradio.com\/eu\/wp-json\/wp\/v2\/product"}],"about":[{"href":"https:\/\/marshallradio.com\/eu\/wp-json\/wp\/v2\/types\/product"}],"wp:featuredmedia":[{"embeddable":true,"href":"https:\/\/marshallradio.com\/eu\/wp-json\/wp\/v2\/media\/44400"}],"wp:attachment":[{"href":"https:\/\/marshallradio.com\/eu\/wp-json\/wp\/v2\/media?parent=34946"}],"wp:term":[{"taxonomy":"product_brand","embeddable":true,"href":"https:\/\/marshallradio.com\/eu\/wp-json\/wp\/v2\/product_brand?post=34946"},{"taxonomy":"product_cat","embeddable":true,"href":"https:\/\/marshallradio.com\/eu\/wp-json\/wp\/v2\/product_cat?post=34946"},{"taxonomy":"product_tag","embeddable":true,"href":"https:\/\/marshallradio.com\/eu\/wp-json\/wp\/v2\/product_tag?post=34946"}],"curies":[{"name":"wp","href":"https:\/\/api.w.org\/{rel}","templated":true}]}}