
{"id":34987,"date":"2018-06-20T18:21:18","date_gmt":"2019-07-11T18:53:27","guid":{"rendered":"http:\/\/marshallradio.com\/eu\/product\/systeme-de-montage-trackpack\/"},"modified":"2024-11-27T00:17:43","modified_gmt":"2024-11-27T00:17:43","slug":"systeme-de-montage-sur-rail","status":"publish","type":"product","link":"https:\/\/marshallradio.com\/eu\/product\/systeme-de-montage-sur-rail\/?lang=fr","title":{"rendered":"Syst\u00e8me de montage TrackPack"},"content":{"rendered":"<p><strong>La m\u00e9thode de montage du sac \u00e0 dos est utilis\u00e9e de diverses mani\u00e8res par les biologistes de la recherche depuis de nombreuses ann\u00e9es, certaines \u00e9tant meilleures que d&#8217;autres.<\/strong> Mark Williams, d&#8217;Alberta Canada, a perfectionn\u00e9 le meilleur concept de base et prouv\u00e9 sa viabilit\u00e9 pour la fauconnerie. Cette approche en figure huit a encore \u00e9t\u00e9 simplifi\u00e9e et mise en production par Marshall Radio en tant que &#8220;syst\u00e8me de montage TrackPack&#8221; pour ajouter encore une quatri\u00e8me m\u00e9thode de montage. En seulement sept ans, il est devenu une option de montage largement utilis\u00e9e par les fauconniers du monde entier. Le TrackPack est le \u00abkit pr\u00eat \u00e0 l&#8217;emploi\u00bb pour la m\u00e9thode de montage du sac \u00e0 dos. En commen\u00e7ant par une plaque de montage l\u00e9g\u00e8rement incurv\u00e9e en plastique Delrin prot\u00e9g\u00e9 contre les rayons ultraviolets, nous ajoutons un ruban tubulaire en t\u00e9flon de 36 pouces de faible largeur et un petit anneau de sertissage en laiton sp\u00e9cialement con\u00e7u \u00e0 cet effet. .<\/p>\n<p><a href=\"https:\/\/vimeo.com\/442151590\">Nouvelle m\u00e9thode d&#8217;installation de TrackPack (anglais)<\/a><\/p>\n<p><a href=\"https:\/\/vimeo.com\/384648120\">Nouvelle m\u00e9thode d&#8217;installation de TrackPack (espagnol)<\/a><\/p>\n<p><a href=\"https:\/\/vimeo.com\/97463308\">Comment installer un TrackPack (anglais)<\/a><\/p>\n<p><a href=\"https:\/\/vimeo.com\/97752481\">Comment installer un TrackPack (espagnol)\u00a0<\/a><\/p>\n<p><a href=\"https:\/\/vimeo.com\/235815733\">TrackPack on a Pigeon (anglais)<\/a><\/p>\n<p><a href=\"https:\/\/vimeo.com\/235812712\">TrackPack sur un pigeon (espagnol)<\/a><\/p>\n<p>Principales caract\u00e9ristiques<br \/>\n<strong>Seul le ruban de t\u00e9flon tubulaire utilis\u00e9<\/strong><\/p>\n<p>Le mat\u00e9riau utilis\u00e9 pour le harnais est essentiel \u00e0 la s\u00e9curit\u00e9 de l\u2019id\u00e9e. Le ruban tubulaire n&#8217;a pas de bords \u00e0 couper ou blesser, et est par nature glissant et lisse. Il s\u2019agit du m\u00eame mat\u00e9riau que celui qui a \u00e9t\u00e9 s\u00e9lectionn\u00e9 et utilis\u00e9 pendant de nombreuses ann\u00e9es par le Fonds Peregrine aux \u00c9tats-Unis et dans le monde entier pour la fixation de harnais dans leurs \u00e9tudes sur la migration.<\/p>\n<p><strong>Plaque de montage en Delrin lisse et glissante<\/strong><\/p>\n<p>\u00c0 l\u2019origine, nous utilisions un simple patin en cuir sur lequel \u00e9tait fix\u00e9e une queue en aluminium. Ce qui a \u00e9t\u00e9 appris, c\u2019est que le cuir deviendrait, avec le temps, une l\u00e9g\u00e8re forme en huit alors que les c\u00f4t\u00e9s se repliaient sous la pression entre les \u00e9paules lors des coups d\u2019ailes vers le haut.<\/p>\n<p>Nous avons remplac\u00e9 le cuir par un morceau similaire de Delrin usin\u00e9 de forme similaire, dont la largeur \u00e9tait \u00e9troite et dont la longueur \u00e9tait suffisante pour attacher le ressort arri\u00e8re et prot\u00e9ger du bas de l&#8217;\u00e9metteur. Le Delrin est un plastique usinable de haute r\u00e9sistance qui n&#8217;agit pas comme un r\u00e9tr\u00e9cissement thermique ni une irritation de la temp\u00e9rature.<\/p>\n<p>Tous les bords sont arrondis et lisses, et la forme g\u00e9n\u00e9rale est l\u00e9g\u00e8rement incurv\u00e9e pour mieux correspondre \u00e0 la forme du dos. Nous utilisons un Delrin on\u00e9reux r\u00e9sistant aux rayons UV, qui a \u00e9t\u00e9 \u00e9valu\u00e9 pendant 20 ans \u00e0 la lumi\u00e8re directe du soleil sans devenir cassant ni se fissurer. Il est donc possible que vos enfants h\u00e9ritent de vos plaques de montage usag\u00e9es.<\/p>\n<p><strong>Extra longueur de ruban pour la taille et l&#8217;ajustement suppl\u00e9mentaire<\/strong><\/p>\n<p>Commencer avec une longueur de 36 pouces, ou 18 pouces par c\u00f4t\u00e9, laisse assez de place sur la plupart des Hawks et des Falcons pour avoir environ 5 \u00e0 7 pouces suppl\u00e9mentaires \u00e0 utiliser pour la manipulation, les d\u00e9cisions de dimensionnement et la manipulation g\u00e9n\u00e9rale.<\/p>\n<p><strong>Bague de sertissage en laiton \u00e0 filetage interne personnalis\u00e9<\/strong><\/p>\n<p>Nous prenons un tube en laiton et y tapons un fil pour offrir une meilleure adh\u00e9rence quand il est serti. Il a \u00e9t\u00e9 test\u00e9, en accrochant un seau avec des poids, \u00e0 environ 25 livres de force de maintien.<\/p>\n<p><strong>Trois tailles<\/strong><\/p>\n<p>Le TrackPack de taille microscopique utilise le ruban le plus petit qui soit, et ne peut accueillir qu\u2019un ressort de taille microscopique.<\/p>\n<p>Le TrackPack de taille normale convient \u00e0 tous les \u00e9metteurs, y compris le Micro, bien qu&#8217;il ne soit pas aussi confortable.<\/p>\n<p>Le TrackPack de taille XL ou Aigle utilise un ruban de 1\/4 de pouce. Une plaque de montage plus longue permet de positionner le ruban plus bas sur le torse. Ceci peut \u00e9galement \u00eatre utilis\u00e9 pour les grands Buteos.<\/p>\n","protected":false},"excerpt":{"rendered":"<p>&nbsp;<\/p>\n<ul>\n<li><strong>Micro TrackPack &#8211;<\/strong> Rapaces de petite taille (Merlin, Kestrel) utilis\u00e9s avec un micro \u00e9metteur<\/li>\n<li><strong>TrackPack r\u00e9gulier &#8211;<\/strong> Rapaces de taille moyenne \u00e0 grande (Peregrine, Harris, Autour des palombes, Redtails)<\/li>\n<li><strong>Extra Large TrackPack &#8211;<\/strong> Rapaces de tr\u00e8s grande taille (Eagles)<\/li>\n<\/ul>\n<p>&nbsp;<\/p>\n<div class=\"read-more\"><a href=\"https:\/\/marshallradio.com\/eu\/product\/systeme-de-montage-sur-rail\/?lang=fr\">Read more <span class=\"screen-reader-text\">Syst\u00e8me de montage TrackPack<\/span><span class=\"meta-nav\"> &#8250;<\/span><\/a><\/div>\n<p><!-- end of .read-more --><\/p>\n","protected":false},"featured_media":44402,"template":"","meta":{"_acf_changed":false},"product_brand":[],"product_cat":[61],"product_tag":[],"class_list":{"0":"post-34987","1":"product","2":"type-product","3":"status-publish","4":"has-post-thumbnail","6":"product_cat-worldwide-accessories-excluding-gulf-fr","8":"first","9":"instock","10":"taxable","11":"shipping-taxable","12":"purchasable","13":"product-type-variable"},"acf":[],"_links":{"self":[{"href":"https:\/\/marshallradio.com\/eu\/wp-json\/wp\/v2\/product\/34987","targetHints":{"allow":["GET"]}}],"collection":[{"href":"https:\/\/marshallradio.com\/eu\/wp-json\/wp\/v2\/product"}],"about":[{"href":"https:\/\/marshallradio.com\/eu\/wp-json\/wp\/v2\/types\/product"}],"wp:featuredmedia":[{"embeddable":true,"href":"https:\/\/marshallradio.com\/eu\/wp-json\/wp\/v2\/media\/44402"}],"wp:attachment":[{"href":"https:\/\/marshallradio.com\/eu\/wp-json\/wp\/v2\/media?parent=34987"}],"wp:term":[{"taxonomy":"product_brand","embeddable":true,"href":"https:\/\/marshallradio.com\/eu\/wp-json\/wp\/v2\/product_brand?post=34987"},{"taxonomy":"product_cat","embeddable":true,"href":"https:\/\/marshallradio.com\/eu\/wp-json\/wp\/v2\/product_cat?post=34987"},{"taxonomy":"product_tag","embeddable":true,"href":"https:\/\/marshallradio.com\/eu\/wp-json\/wp\/v2\/product_tag?post=34987"}],"curies":[{"name":"wp","href":"https:\/\/api.w.org\/{rel}","templated":true}]}}