
{"id":35039,"date":"2018-06-20T17:18:12","date_gmt":"2019-07-11T19:10:23","guid":{"rendered":"http:\/\/marshallradio.com\/eu\/product\/instalacni-sada-marshall-ocas-kus\/"},"modified":"2023-01-19T21:03:02","modified_gmt":"2023-01-19T21:03:02","slug":"marshall-tail-piece-installation-kit","status":"publish","type":"product","link":"https:\/\/marshallradio.com\/eu\/product\/marshall-tail-piece-installation-kit\/?lang=cs","title":{"rendered":"Instala\u010dn\u00ed sada Marshall Ocas-kus"},"content":{"rendered":"<p>Instalace<\/p>\n<p>Nejd\u0159\u00edve ur\u010dete, kter\u00e9 z nich bude naho\u0159e. \u010casto si mysl\u00edte, \u017ee je to z\u0159ejm\u00e9, a pak se po postupu zm\u011bn\u00ed. Opatrn\u011b pracujte s kryty na jedn\u00e9 stran\u011b, abyste odhalili brk z paluby a c\u00edlov\u00e9 oblasti. To trv\u00e1 trochu praxe, aby se v\u00e1\u0161 pt\u00e1k nep\u0159\u00e1telil s t\u00edmto nov\u00fdm pocitem, \u0161plhaj\u00edc\u00ed se s h\u0159\u00eddeli pe\u0159\u00ed vysoko, zat\u00edmco ona je bezmocn\u00e1. V\u0161imnete si, jak velk\u00e9 je brk nad m\u00edstem, kde za\u010d\u00edn\u00e1 popruh, ale rychle se zu\u017euje, kdy\u017e jdete dol\u016f. Tam je obvykle asi 1\/2 palce nahoru nebo dol\u016f, \u017ee je p\u0159ijateln\u00e9 m\u00edsto na v\u00fdb\u011br. \u010c\u00edm ni\u017e\u0161\u00ed, t\u00edm snaz\u0161\u00ed je pozd\u011bji naj\u00edt c\u00edl. \u010c\u00edm vy\u0161\u0161\u00ed je, t\u00edm bezpe\u010dn\u011bj\u0161\u00ed je, \u017ee vys\u00edla\u010d mus\u00ed b\u00fdt vzh\u016fru a pry\u010d, i kdy\u017e je t\u0159eba db\u00e1t na to, aby se v\u016fbec nedostal k poko\u017ece (oblast folikulu), proto\u017ee v tomto sm\u011bru budou ocasn\u00ed pru\u017einy vys\u00edla\u010de proch\u00e1zej\u00edc\u00edho p\u0159es ocasn\u00ed \u010d\u00e1st. V tomto sm\u011bru bu\u010fte velmi konzervativn\u00ed. Pru\u017einy vys\u00edla\u010d\u016f Marshall maj\u00ed k nim p\u0159edhnut\u00e9 p\u0159evisy, a to bo\u010dn\u011b tak, aby sledovaly ohyb pe\u0159\u00ed v t\u00e9to horn\u00ed oblasti, a proto p\u0159i mont\u00e1\u017ei le\u017eely naplocho k pe\u0159\u00ed.<\/p>\n<p>Pokud jste poprv\u00e9 instal\u00e1tor, budete cht\u00edt cvi\u010dit na roztaven\u00e9 palub\u011b pe\u0159\u00ed s extra ocas kus. Pod\u00edvejte se pozorn\u011b na to, jak to stoj\u00ed: \u0161t\u011brbiny v ocasn\u00edm d\u00edlu jsou navr\u017eeny tak, aby kol\u00e9baly ocasn\u00ed pru\u017einy vys\u00edla\u010de, tak\u017ee mus\u00ed sm\u011b\u0159ovat dop\u0159edu.<\/p>\n<p><img loading=\"lazy\" decoding=\"async\" class=\"size-full wp-image-801 alignleft\" src=\"http:\/\/marshall.lamp3.i4.net\/wp-content\/uploads\/2018\/06\/Blank_from_above.jpg\" alt=\"\" width=\"175\" height=\"175\"><\/p>\n<p><img loading=\"lazy\" decoding=\"async\" class=\"size-full wp-image-802 alignleft\" src=\"http:\/\/marshall.lamp3.i4.net\/wp-content\/uploads\/2018\/06\/Blank_crimping_from_above.jpg\" alt=\"\" width=\"175\" height=\"175\">Um\u00edst\u011bte koncovku zp\u011bt do n\u00e1stroje, vycentrujte ji a nyn\u00ed ji nasa\u010fte na ocasn\u00ed pero pomoc\u00ed n\u00e1stroje m\u00edsto ruky.<\/p>\n<p>Zkontrolujte, zda je v\u00e1\u0161 n\u00e1stroj dr\u017een ve svisl\u00e9 poloze k ploch\u00e9mu peru (\u00fahel 90 stup\u0148\u016f). Uzav\u0159en\u00fd n\u00e1stroj je eliptick\u00fd ve tvaru (ne kruhov\u00fd), kter\u00fd m\u00e1 odpov\u00eddat rozm\u011br\u016fm pe\u0159\u00ed a m\u011bl by b\u00fdt samo\u010dinn\u00fd, jakmile za\u010dnete krimpovat. S vybran\u00fdm m\u00edstem a n\u00e1strojem ve vzp\u0159\u00edmen\u00e9 poloze, jemn\u011b zm\u00e1\u010dkn\u011bte, dokud nepoc\u00edt\u00edte, \u017ee se jedna strana zhrout\u00ed, pak druh\u00e1, ale ne celou cestu. V t\u00e9to f\u00e1zi je t\u011bsn\u00fd, ale nen\u00ed t\u011bsn\u00fd a m\u016f\u017ee b\u00fdt je\u0161t\u011b upraven, pokud jste mimo centrum nebo p\u0159\u00edli\u0161 n\u00edzk\u00e1 \/ p\u0159\u00edli\u0161 vysok\u00e1.<\/p>\n<p>Prove\u010fte posledn\u00ed \u00fapravy a pot\u00e9 znovu pou\u017eijte n\u00e1stroj pro kone\u010dn\u00e9 zalisov\u00e1n\u00ed. Ned\u011blejte si starosti s rozdrcen\u00edm pe\u0159\u00ed, proto\u017ee n\u00e1stroj se zastav\u00ed dostate\u010dn\u011b kr\u00e1tce, za p\u0159edpokladu, \u017ee m\u00e1te spr\u00e1vnou velikost pro prav\u00e9ho pt\u00e1ka.<\/p>\n<p><img loading=\"lazy\" decoding=\"async\" class=\"size-full wp-image-803 alignleft\" src=\"http:\/\/marshall.lamp3.i4.net\/wp-content\/uploads\/2018\/06\/Transmitter_in_to_blank.jpg\" alt=\"\" width=\"175\" height=\"175\"><\/p>\n<p>Nyn\u00ed m\u016f\u017eete praktikovat vkl\u00e1d\u00e1n\u00ed ocasn\u00edch pru\u017ein vys\u00edla\u010de do namontovan\u00e9ho n\u00e1hradn\u00edho d\u00edlu a praktikov\u00e1n\u00ed jeho odstran\u011bn\u00ed, p\u0159i\u010dem\u017e si v\u0161imn\u011bte, jak funguje a jak by se m\u011blo c\u00edtit, kdy\u017e jsou pru\u017einy na m\u00edst\u011b, dol\u016f v dr\u00e1\u017ek\u00e1ch. Zm\u00e1\u010dkn\u011bte pru\u017einy dohromady a posu\u0148te vys\u00edla\u010d dop\u0159edu, aby mal\u00e9 h\u00e1\u010dky vy\u010distily klapku a p\u0159e\u0161ly p\u0159es sebe, aby byly odstran\u011bny.<\/p>\n<p>Pokud se chyst\u00e1te p\u0159idat malou kapku epoxidu do Ocas, nechte ho sm\u00edchat a p\u0159ipravit. Pou\u017eijte p\u00e1r\u00e1tko, abyste jej aplikovali na vnit\u0159n\u00ed stranu ocasu a minimalizovali riziko, \u017ee se dostane na pe\u0159\u00ed. V\u011bt\u0161ina lid\u00ed dnes nepou\u017e\u00edv\u00e1 epoxid, proto\u017ee tam jsou mal\u00e9 h\u0159ebeny obroben\u00e9 do vnit\u0159ku ocasn\u00edho kusu, kter\u00fd \u00fa\u010dinn\u011b &#8220;kousne&#8221; do brka a dr\u017e\u00ed ji pevn\u011b, jakmile je to zvln\u011bn\u00e9.<\/p>\n<p>Je u\u017eite\u010dn\u00e9 p\u0159edb\u011b\u017en\u011b na\u010d\u00edst n\u00e1stroj s nov\u00fdm ocasn\u00edm d\u00edlem, p\u0159i\u010dem\u017e dbejte na to, jak\u00fdm zp\u016fsobem jsou \u0161t\u011brbiny oto\u010deny (sm\u011brem k hlav\u011b pt\u00e1ka, ne ocas) a p\u0159ipravte se na to, aby se snadno zvedly jedn\u00edm jednoduch\u00fdm pohybem.<\/p>\n","protected":false},"excerpt":{"rendered":"<ul>\nMal\u00fd:Raptory mal\u00e9 velikosti (p\u016fvodn\u00ed velikost pro Merlins, Spars, Aplomados, Eclectus, Cockatoo, African Grey) pou\u017e\u00edvan\u00e9 s mikroprocesorem.<br \/>\nMikro-st\u0159edn\u00ed: Dravci st\u0159edn\u00ed velikosti (Peregrine, Harris \u201a, samec Goshawks), kde se m\u00e1 pou\u017e\u00edt Micro. St\u0159edn\u00ed na dn\u011b, s velikost\u00ed Micro naho\u0159e.<br \/>\nSt\u0159edn\u00ed: Gyrkin, Peregrine, Harris \u201a, Male Goshawks, vojensk\u00fd papou\u0161ek, \u010derven\u00fd p\u0159edn\u00ed papou\u0161ek, kakadu<br \/>\nVelk\u00fd: \u017dena Gos, \u017dena Gyrfalcon<br \/>\nDal\u0161\u00ed Velk\u00fd: Extra velk\u00e9 dravce (orli, papou\u0161ek Greenwing, buffoni)\n<\/ul>\n<div class=\"read-more\"><a href=\"https:\/\/marshallradio.com\/eu\/product\/marshall-tail-piece-installation-kit\/?lang=cs\">Read more <span class=\"screen-reader-text\">Instala\u010dn\u00ed sada Marshall Ocas-kus<\/span><span class=\"meta-nav\"> &#8250;<\/span><\/a><\/div>\n<p><!-- end of .read-more --><\/p>\n","protected":false},"featured_media":50754,"template":"","meta":{"_acf_changed":false},"product_brand":[],"product_cat":[59],"product_tag":[],"class_list":{"0":"post-35039","1":"product","2":"type-product","3":"status-publish","4":"has-post-thumbnail","6":"product_cat-worldwide-accessories-excluding-gulf","8":"first","9":"instock","10":"taxable","11":"shipping-taxable","12":"purchasable","13":"product-type-variable"},"acf":[],"_links":{"self":[{"href":"https:\/\/marshallradio.com\/eu\/wp-json\/wp\/v2\/product\/35039","targetHints":{"allow":["GET"]}}],"collection":[{"href":"https:\/\/marshallradio.com\/eu\/wp-json\/wp\/v2\/product"}],"about":[{"href":"https:\/\/marshallradio.com\/eu\/wp-json\/wp\/v2\/types\/product"}],"wp:featuredmedia":[{"embeddable":true,"href":"https:\/\/marshallradio.com\/eu\/wp-json\/wp\/v2\/media\/50754"}],"wp:attachment":[{"href":"https:\/\/marshallradio.com\/eu\/wp-json\/wp\/v2\/media?parent=35039"}],"wp:term":[{"taxonomy":"product_brand","embeddable":true,"href":"https:\/\/marshallradio.com\/eu\/wp-json\/wp\/v2\/product_brand?post=35039"},{"taxonomy":"product_cat","embeddable":true,"href":"https:\/\/marshallradio.com\/eu\/wp-json\/wp\/v2\/product_cat?post=35039"},{"taxonomy":"product_tag","embeddable":true,"href":"https:\/\/marshallradio.com\/eu\/wp-json\/wp\/v2\/product_tag?post=35039"}],"curies":[{"name":"wp","href":"https:\/\/api.w.org\/{rel}","templated":true}]}}