
{"id":35042,"date":"2018-06-20T17:18:12","date_gmt":"2019-07-11T19:21:22","guid":{"rendered":"http:\/\/marshallradio.com\/eu\/product\/kit-dinstallation-de-piece-de-queue-marshall\/"},"modified":"2023-01-19T21:03:27","modified_gmt":"2023-01-19T21:03:27","slug":"kit-dinstallation-de-queue-de-marshall","status":"publish","type":"product","link":"https:\/\/marshallradio.com\/eu\/product\/kit-dinstallation-de-queue-de-marshall\/?lang=fr","title":{"rendered":"Kit d&#8217;installation de pi\u00e8ce de queue Marshall"},"content":{"rendered":"<p>Installation<\/p>\n<p>Tout d\u2019abord, d\u00e9terminez quelle plume de Deck sera celle du dessus. Souvent, vous pensez que cela est \u00e9vident et que cela change apr\u00e8s la proc\u00e9dure. Travaillez d\u00e9licatement les couvertures sur un c\u00f4t\u00e9 pour r\u00e9v\u00e9ler la plume du pont et votre zone cible. Cela prend un peu de pratique pour ne pas contrarier votre oiseau avec cette nouvelle sensation, manipuler les tiges de plumes tr\u00e8s haut, pendant qu&#8217;elle est lanc\u00e9e et sans d\u00e9fense. Vous remarquerez que la plume est plus grosse que le point de d\u00e9part de la sangle, mais elle se r\u00e9tr\u00e9cit rapidement \u00e0 mesure que vous descendez. Il est g\u00e9n\u00e9ralement acceptable de choisir un demi-pouce de haut ou de bas. Le plus bas, le plus facile pour vous de trouver plus tard la &#8220;cible&#8221;. Plus le transmetteur est haut, plus il est s\u00e9curitaire de s\u2019\u00e9lever et de s\u2019\u00e9loigner, mais veillez \u00e0 ne pas s&#8217;approcher du tout de la peau (zone des follicules), car il y aura des ressorts de queue d\u2019un \u00e9metteur traversant la pi\u00e8ce arri\u00e8re dans cette direction. Soyez tr\u00e8s tr\u00e8s conservateur dans cette direction. Les ressorts des \u00e9metteurs Marshall ont un renfoncement pr\u00e9-pli\u00e9, lat\u00e9ralement, de sorte qu\u2019ils suivent le pli de la plume dans cette zone sup\u00e9rieure et qu\u2019ils reposent donc \u00e0 plat contre la plume lorsqu\u2019ils sont mont\u00e9s.<\/p>\n<p>Si vous \u00eates un installateur d\u00e9butant, vous voudrez peut-\u00eatre vous entra\u00eener sur une plume de pont molt avec une pi\u00e8ce de queue suppl\u00e9mentaire. Examinez de pr\u00e8s son orientation: les fentes de la pi\u00e8ce de queue sont con\u00e7ues pour bercer les ressorts de la queue de l&#8217;\u00e9metteur, ils doivent donc \u00eatre orient\u00e9s vers l&#8217;avant.<\/p>\n<p><img loading=\"lazy\" decoding=\"async\" class=\"size-full wp-image-801 alignleft\" src=\"http:\/\/marshall.lamp3.i4.net\/wp-content\/uploads\/2018\/06\/Blank_from_above.jpg\" alt=\"\" width=\"175\" height=\"175\"><\/p>\n<p><img loading=\"lazy\" decoding=\"async\" class=\"size-full wp-image-802 alignleft\" src=\"http:\/\/marshall.lamp3.i4.net\/wp-content\/uploads\/2018\/06\/Blank_crimping_from_above.jpg\" alt=\"\" width=\"175\" height=\"175\">Remettez la pi\u00e8ce de queue dans l&#8217;outil, centrez-la et ramenez-la maintenant sur la plume de la queue \u00e0 l&#8217;aide de l&#8217;outil plut\u00f4t que de votre main.<\/p>\n<p>V\u00e9rifiez que votre outil est maintenu verticalement par rapport \u00e0 la plume plate (angle de 90 degr\u00e9s). L&#8217;outil ferm\u00e9 est de forme elliptique (non circulaire), il doit correspondre aux dimensions de la plume et il devrait y avoir un peu de redressement automatique lorsque vous commencez \u00e0 sertir. Avec l&#8217;emplacement s\u00e9lectionn\u00e9 et l&#8217;outil \u00e0 la verticale, exercez une l\u00e9g\u00e8re pression jusqu&#8217;\u00e0 ce que vous sentiez un c\u00f4t\u00e9 s&#8217;effondrer, puis l&#8217;autre, mais pas compl\u00e8tement. \u00c0 ce stade, il est ajust\u00e9 mais pas serr\u00e9 et peut toujours \u00eatre ajust\u00e9 si vous \u00eates d\u00e9centr\u00e9 ou trop bas \/ trop haut.<\/p>\n<p>Effectuez les derniers ajustements, puis appliquez une nouvelle fois l&#8217;outil pour le sertissage final. Ne craignez pas d&#8217;\u00e9craser la plume, car l&#8217;outil s&#8217;arr\u00eate bien avant ce point, en supposant que vous avez la bonne taille pour le bon oiseau.<\/p>\n<p><img loading=\"lazy\" decoding=\"async\" class=\"size-full wp-image-803 alignleft\" src=\"http:\/\/marshall.lamp3.i4.net\/wp-content\/uploads\/2018\/06\/Transmitter_in_to_blank.jpg\" alt=\"\" width=\"175\" height=\"175\"><\/p>\n<p>Vous pouvez maintenant vous entra\u00eener \u00e0 ins\u00e9rer les ressorts \u00e0 queue de l&#8217;\u00e9metteur dans le disque de secours mont\u00e9 et \u00e0 vous en occuper \u00e0 nouveau, en prenant note de son fonctionnement et de la sensation qu&#8217;il devrait avoir lorsque les ressorts sont en place dans les rainures. Serrez les ressorts ensemble et d\u00e9placez l&#8217;\u00e9metteur vers l&#8217;avant pour que les crochets minuscules d\u00e9gagent la pi\u00e8ce de queue et se croisent pour pouvoir \u00eatre retir\u00e9s.<\/p>\n<p>Si vous allez ajouter une petite goutte d\u2019\u00e9poxy dans la pi\u00e8ce de queue, faites-la m\u00e9langer et pr\u00e9parez-la. Utilisez un cure-dent pour l\u2019appliquer \u00e0 l\u2019int\u00e9rieur de la pi\u00e8ce de queue et minimisez le risque d\u2019obtenir des plumes. De nos jours, la plupart des gens n&#8217;utilisent pas d&#8217;\u00e9poxy, car de petites cr\u00eates usin\u00e9es \u00e0 l&#8217;int\u00e9rieur de la pi\u00e8ce de queue permettent de &#8220;mordre&#8221; dans la plume et de la maintenir fermement une fois sertie.<\/p>\n<p>Il est utile de pr\u00e9-charger l&#8217;outil avec la nouvelle pi\u00e8ce de queue, en prenant soin de noter le sens des fentes (vers la t\u00eate de l&#8217;oiseau, pas la queue) et de le pr\u00e9parer \u00e0 \u00eatre pr\u00eat en un simple mouvement.<\/p>\n","protected":false},"excerpt":{"rendered":"<ul>\n \tMicro-petit:Rapaces de petite taille (la taille d\u2019origine pour les merlins, espars, aplomados, \u00e9clectus, cacato\u00e8s, gris africain) utilis\u00e9s avec le micro \u00e9metteur.<br \/>\nMicro-m\u00e9dium: Rapaces de taille moyenne (Faucon p\u00e8lerin, Harris, Autour des palombes m\u00e2les) o\u00f9 un micro doit \u00eatre utilis\u00e9. Moyenne en bas, avec taille Micro en haut.<br \/>\nMoyen: Gyrkine, Faucon p\u00e8lerin, Harris, Autour des palombes, Ara militaire, Ara \u00e0 front rouge, Cacato\u00e8s<br \/>\nGrand: Gos femelle, Faucon gerfaut femelle<br \/>\nSuppl\u00e9mentaire Grand: Rapaces de tr\u00e8s grande taille (Eagles, Greenwing Macaw, Buffons)\n<\/ul>\n<div class=\"read-more\"><a href=\"https:\/\/marshallradio.com\/eu\/product\/kit-dinstallation-de-queue-de-marshall\/?lang=fr\">Read more <span class=\"screen-reader-text\">Kit d&#8217;installation de pi\u00e8ce de queue Marshall<\/span><span class=\"meta-nav\"> &#8250;<\/span><\/a><\/div>\n<p><!-- end of .read-more --><\/p>\n","protected":false},"featured_media":50756,"template":"","meta":{"_acf_changed":false},"product_brand":[],"product_cat":[61],"product_tag":[],"class_list":{"0":"post-35042","1":"product","2":"type-product","3":"status-publish","4":"has-post-thumbnail","6":"product_cat-worldwide-accessories-excluding-gulf-fr","8":"first","9":"instock","10":"taxable","11":"shipping-taxable","12":"purchasable","13":"product-type-variable"},"acf":[],"_links":{"self":[{"href":"https:\/\/marshallradio.com\/eu\/wp-json\/wp\/v2\/product\/35042","targetHints":{"allow":["GET"]}}],"collection":[{"href":"https:\/\/marshallradio.com\/eu\/wp-json\/wp\/v2\/product"}],"about":[{"href":"https:\/\/marshallradio.com\/eu\/wp-json\/wp\/v2\/types\/product"}],"wp:featuredmedia":[{"embeddable":true,"href":"https:\/\/marshallradio.com\/eu\/wp-json\/wp\/v2\/media\/50756"}],"wp:attachment":[{"href":"https:\/\/marshallradio.com\/eu\/wp-json\/wp\/v2\/media?parent=35042"}],"wp:term":[{"taxonomy":"product_brand","embeddable":true,"href":"https:\/\/marshallradio.com\/eu\/wp-json\/wp\/v2\/product_brand?post=35042"},{"taxonomy":"product_cat","embeddable":true,"href":"https:\/\/marshallradio.com\/eu\/wp-json\/wp\/v2\/product_cat?post=35042"},{"taxonomy":"product_tag","embeddable":true,"href":"https:\/\/marshallradio.com\/eu\/wp-json\/wp\/v2\/product_tag?post=35042"}],"curies":[{"name":"wp","href":"https:\/\/api.w.org\/{rel}","templated":true}]}}