
{"id":35043,"date":"2018-06-20T17:18:12","date_gmt":"2019-07-11T19:29:56","guid":{"rendered":"http:\/\/marshallradio.com\/eu\/product\/marshall-pezzo-di-coda-kit-di-installazione\/"},"modified":"2023-01-19T21:04:07","modified_gmt":"2023-01-19T21:04:07","slug":"marshall-cordiera-installazione-kit","status":"publish","type":"product","link":"https:\/\/marshallradio.com\/eu\/product\/marshall-cordiera-installazione-kit\/?lang=it","title":{"rendered":"Marshall Pezzo di coda Kit di installazione"},"content":{"rendered":"<p>Installazione<\/p>\n<p>Per prima cosa, determina quale piuma coperta sar\u00e0 quella pi\u00f9 alta. Spesso, pensi che questo sia ovvio e poi dopo la procedura cambia. Lavorare con cura le coperte su un lato per rivelare la penna del Deck e l&#8217;area bersaglio. Questo richiede un po &#8216;di pratica per non inimicarsi il tuo uccello con questa nuova sensazione, armeggiando con le aste di piume in alto, mentre \u00e8 lanciata e indifesa. Noterai quanto \u00e8 grande la piuma sopra il punto in cui inizia la cinghia, ma si restringe rapidamente man mano che si scende. Di solito c&#8217;\u00e8 circa 1\/2 pollice in su o in gi\u00f9 che \u00e8 un punto accettabile da scegliere. Pi\u00f9 in basso, pi\u00f9 facile per te trovare in seguito il &#8220;bersaglio&#8221;. Pi\u00f9 \u00e8 alto, pi\u00f9 sicuro \u00e8 il trasmettitore che si alza e si allontana, anche se fai attenzione a non avvicinarti alla pelle (area del follicolo), dato che ci saranno delle molle di coda di un trasmettitore che attraversano la coda in questa direzione. Sii molto, molto conservatore in questa direzione. Le molle dei trasmettitori Marshall hanno un&#8217;inclinazione pre-piegata verso di loro, lateralmente, in modo che seguano la piega della piuma in questa zona superiore e quindi si stendono piatte contro la piuma una volta montate.<\/p>\n<p>Se sei un installatore per la prima volta, potresti voler esercitarti su una piuma coperta con un pezzo di coda extra. Osserva da vicino il modo in cui \u00e8 rivolto: le fessure nel codone sono progettate per accogliere le molle posteriori del trasmettitore, quindi devono essere rivolte in avanti.<\/p>\n<p><img loading=\"lazy\" decoding=\"async\" class=\"size-full wp-image-801 alignleft\" src=\"http:\/\/marshall.lamp3.i4.net\/wp-content\/uploads\/2018\/06\/Blank_from_above.jpg\" alt=\"\" width=\"175\" height=\"175\"><\/p>\n<p><img loading=\"lazy\" decoding=\"async\" class=\"size-full wp-image-802 alignleft\" src=\"http:\/\/marshall.lamp3.i4.net\/wp-content\/uploads\/2018\/06\/Blank_crimping_from_above.jpg\" alt=\"\" width=\"175\" height=\"175\">Rimetti il \u200b\u200bpezzo di coda nello Strumento, centralo e ora lo abbassi alla coda usando lo strumento invece della tua mano.<\/p>\n<p>Controlla che il tuo strumento sia tenuto in posizione verticale rispetto alla piuma piatta (un angolo di 90 gradi). Lo strumento chiuso \u00e8 di forma ellittica (non circolare), inteso per corrispondere alle dimensioni della piuma e ci dovrebbe essere un po &#8216;di auto raddrizzamento quando si inizia a crimpare. Con lo spot selezionato, e lo strumento verticale, dargli una leggera compressione fino a quando non senti un lato collassare, poi l&#8217;altro, ma non completamente. A questo punto \u00e8 aderente ma non stretto e pu\u00f2 essere regolato se sei fuori centro o troppo basso \/ troppo alto.<\/p>\n<p>Effettua le ultime regolazioni e poi applica lo strumento ancora una volta per la crimpatura finale. Non preoccuparti di schiacciare la piuma perch\u00e9 lo Strumento si ferma ben al di sotto di quel punto, assumendo che tu abbia le giuste dimensioni per l&#8217;uccello giusto.<\/p>\n<p><img loading=\"lazy\" decoding=\"async\" class=\"size-full wp-image-803 alignleft\" src=\"http:\/\/marshall.lamp3.i4.net\/wp-content\/uploads\/2018\/06\/Transmitter_in_to_blank.jpg\" alt=\"\" width=\"175\" height=\"175\"><\/p>\n<p>Ora puoi esercitarti ad inserire le molle di coda del trasmettitore nella parte di scorta montata e esercitarti a rimuoverla di nuovo, prendendo nota di come funziona e di come dovrebbe sentirsi quando le molle sono in posizione, gi\u00f9 nelle scanalature. Stringere le molle insieme e spostare il trasmettitore in avanti per fare in modo che i piccoli ganci liberino il pezzo di coda e si incrocino l&#8217;un l&#8217;altro per poter essere rimosso.<\/p>\n<p>Se hai intenzione di aggiungere una piccola goccia di resina epossidica al pezzo di coda, fallo mescolare e pronto. Utilizzare uno stuzzicadenti per applicarlo all&#8217;interno del pezzo di coda e ridurre al minimo il rischio di ottenere alcuno sulle penne. La maggior parte delle persone al giorno d&#8217;oggi non usa la resina epossidica, dal momento che ci sono piccole sporgenze all&#8217;interno della coda che effettivamente &#8220;mordono&#8221; la piuma e la tengono saldamente una volta che \u00e8 stata piegata.<\/p>\n<p>\u00c8 utile precaricare lo strumento con il nuovo pezzo di coda, avendo cura di annotare in quale direzione si trovano le fessure (verso la testa dell&#8217;uccello, non la coda) e averlo pronto a raccogliere con un semplice movimento.<\/p>\n","protected":false},"excerpt":{"rendered":"<ul>\n \tMicro-Piccolo:Rapaci di piccole dimensioni (dimensioni originali per Merlin, Longaroni, Aplomados, Eclectus, Cacatua, Grey africano) utilizzati con il micro trasmettitore.<br \/>\nMicro-Medio: Rapaci di medie dimensioni (Peregrine, Harris \u2018, Astore maschio) in cui utilizzare un Micro. Medio sul fondo, con micro dimensioni nella parte superiore.<br \/>\nMedio: Gyrkin, Peregrine, Harris \u2018, Astore maschio, Ara militare, Ara anteriore rossa, Cacatua<br \/>\nGrande: Female Gos, Female Gyrfalcon<br \/>\nExtra Grande: Rapaci di taglia extra large (aquile, ara verde, buffoni)\n<\/ul>\n<div class=\"read-more\"><a href=\"https:\/\/marshallradio.com\/eu\/product\/marshall-cordiera-installazione-kit\/?lang=it\">Read more <span class=\"screen-reader-text\">Marshall Pezzo di coda Kit di installazione<\/span><span class=\"meta-nav\"> &#8250;<\/span><\/a><\/div>\n<p><!-- end of .read-more --><\/p>\n","protected":false},"featured_media":50758,"template":"","meta":{"_acf_changed":false},"product_brand":[],"product_cat":[63],"product_tag":[],"class_list":{"0":"post-35043","1":"product","2":"type-product","3":"status-publish","4":"has-post-thumbnail","6":"product_cat-worldwide-accessories-excluding-gulf-it","8":"first","9":"instock","10":"taxable","11":"shipping-taxable","12":"purchasable","13":"product-type-variable"},"acf":[],"_links":{"self":[{"href":"https:\/\/marshallradio.com\/eu\/wp-json\/wp\/v2\/product\/35043","targetHints":{"allow":["GET"]}}],"collection":[{"href":"https:\/\/marshallradio.com\/eu\/wp-json\/wp\/v2\/product"}],"about":[{"href":"https:\/\/marshallradio.com\/eu\/wp-json\/wp\/v2\/types\/product"}],"wp:featuredmedia":[{"embeddable":true,"href":"https:\/\/marshallradio.com\/eu\/wp-json\/wp\/v2\/media\/50758"}],"wp:attachment":[{"href":"https:\/\/marshallradio.com\/eu\/wp-json\/wp\/v2\/media?parent=35043"}],"wp:term":[{"taxonomy":"product_brand","embeddable":true,"href":"https:\/\/marshallradio.com\/eu\/wp-json\/wp\/v2\/product_brand?post=35043"},{"taxonomy":"product_cat","embeddable":true,"href":"https:\/\/marshallradio.com\/eu\/wp-json\/wp\/v2\/product_cat?post=35043"},{"taxonomy":"product_tag","embeddable":true,"href":"https:\/\/marshallradio.com\/eu\/wp-json\/wp\/v2\/product_tag?post=35043"}],"curies":[{"name":"wp","href":"https:\/\/api.w.org\/{rel}","templated":true}]}}