
{"id":35075,"date":"2018-06-20T17:02:06","date_gmt":"2019-07-11T19:46:52","guid":{"rendered":"http:\/\/marshallradio.com\/eu\/product\/marshall-hlinikove-ocasni-peri-kousky\/"},"modified":"2023-03-14T18:21:43","modified_gmt":"2023-03-14T18:21:43","slug":"hlinikove-ocasni-kusy","status":"publish","type":"product","link":"https:\/\/marshallradio.com\/eu\/product\/hlinikove-ocasni-kusy\/?lang=cs","title":{"rendered":"Marshall hlin\u00edkov\u00e9 ocasn\u00ed pe\u0159\u00ed kousky"},"content":{"rendered":"<p>&nbsp;<\/p>\n<p>&nbsp;<\/p>\n<div class=\"k2ImageBlock\">\n<div class=\"clear\">Jedn\u00e1 se o novou generaci, ultra-lehk\u00e9, bez p\u00e1jky, ocas-mont\u00e1\u017e n\u00e1hradn\u00ed d\u00edly, kter\u00e9 jsou nyn\u00ed pou\u017e\u00edvaj\u00ed tolik sokoln\u00edk\u016f po cel\u00e9m sv\u011bt\u011b. Obroben\u00e9 v dom\u011b u Marshall Radio ze speci\u00e1ln\u00ed hlin\u00edkov\u00e9 slitiny letadel, pak se p\u0159evrhly na hladk\u00fd povrch a eloxovaly pro barvu a ochranu, jsou 1\/3 hmotnosti p\u00e1jen\u00e9ho mosazn\u00e9ho p\u0159edch\u016fdce.<\/div>\n<\/div>\n<div class=\"k2IntroText\">Pokud se chyst\u00e1te vyu\u017e\u00edt Tail Mount v t\u00e9to sez\u00f3n\u011b, tyto mal\u00e9, lehk\u00e9 obroben\u00e9 d\u00edly jsou odpov\u011bd\u00ed na p\u0159esnost a kvalitu. Instalace pomoc\u00ed n\u00e1stroje Genuine Marshall je rychl\u00e1 a snadn\u00e1<\/div>\n","protected":false},"excerpt":{"rendered":"<ul>\n<li><strong>Mal\u00fd:<\/strong>Raptory mal\u00e9 velikosti (p\u016fvodn\u00ed velikost pro Merlins, Spars, Aplomados, Eclectus, Cockatoo, African Grey) pou\u017e\u00edvan\u00e9 s mikroprocesorem.<\/li>\n<li><strong>Mikro-st\u0159edn\u00ed:\u00a0<\/strong>Dravci st\u0159edn\u00ed velikosti (Peregrine, Harris &#8216;, samec Goshawks), kde se m\u00e1 pou\u017e\u00edt Micro. St\u0159edn\u00ed na dn\u011b, s velikost\u00ed Micro naho\u0159e.<\/li>\n<li><strong>Mikro-Velk\u00fd::\u00a0<\/strong>Raptory velk\u00e9 velikosti (\u017eensk\u00e9 gyr, redtails, goshawks), kde se m\u00e1 pou\u017e\u00edt mikro. Velk\u00e9 na dn\u011b, s velikost\u00ed Micro naho\u0159e.<\/li>\n<li><strong>St\u0159edn\u00ed<\/strong>: Gyrkin, Peregrine, Harris &#8216;, Male Goshawks, vojensk\u00fd papou\u0161ek, \u010derven\u00fd p\u0159edn\u00ed papou\u0161ek, kakadu<\/li>\n<li><strong>Velk\u00fd<\/strong>: \u017dena Gos, \u017dena Gyrfalcon<\/li>\n<li><strong>Dal\u0161\u00ed<\/strong>\u00a0<strong>Velk\u00fd<\/strong>: Extra velk\u00e9 dravce (orli, papou\u0161ek Greenwing, buffoni)<\/li>\n<li><strong>Velk\u00fd papou\u0161ek<\/strong>: Velk\u00e1 velikost pro papou\u0161ky (Scarlet, Blue &#038; Gold)<\/li>\n<\/ul>\n<p>&nbsp;<\/p>\n<div class=\"read-more\"><a href=\"https:\/\/marshallradio.com\/eu\/product\/hlinikove-ocasni-kusy\/?lang=cs\">Read more <span class=\"screen-reader-text\">Marshall hlin\u00edkov\u00e9 ocasn\u00ed pe\u0159\u00ed kousky<\/span><span class=\"meta-nav\"> &#8250;<\/span><\/a><\/div>\n<p><!-- end of .read-more --><\/p>\n","protected":false},"featured_media":30400,"template":"","meta":{"_acf_changed":false},"product_brand":[],"product_cat":[59],"product_tag":[],"class_list":{"0":"post-35075","1":"product","2":"type-product","3":"status-publish","4":"has-post-thumbnail","6":"product_cat-worldwide-accessories-excluding-gulf","8":"first","9":"instock","10":"taxable","11":"shipping-taxable","12":"purchasable","13":"product-type-variable"},"acf":[],"_links":{"self":[{"href":"https:\/\/marshallradio.com\/eu\/wp-json\/wp\/v2\/product\/35075","targetHints":{"allow":["GET"]}}],"collection":[{"href":"https:\/\/marshallradio.com\/eu\/wp-json\/wp\/v2\/product"}],"about":[{"href":"https:\/\/marshallradio.com\/eu\/wp-json\/wp\/v2\/types\/product"}],"wp:featuredmedia":[{"embeddable":true,"href":"https:\/\/marshallradio.com\/eu\/wp-json\/wp\/v2\/media\/30400"}],"wp:attachment":[{"href":"https:\/\/marshallradio.com\/eu\/wp-json\/wp\/v2\/media?parent=35075"}],"wp:term":[{"taxonomy":"product_brand","embeddable":true,"href":"https:\/\/marshallradio.com\/eu\/wp-json\/wp\/v2\/product_brand?post=35075"},{"taxonomy":"product_cat","embeddable":true,"href":"https:\/\/marshallradio.com\/eu\/wp-json\/wp\/v2\/product_cat?post=35075"},{"taxonomy":"product_tag","embeddable":true,"href":"https:\/\/marshallradio.com\/eu\/wp-json\/wp\/v2\/product_tag?post=35075"}],"curies":[{"name":"wp","href":"https:\/\/api.w.org\/{rel}","templated":true}]}}