
{"id":35091,"date":"2018-06-20T17:02:06","date_gmt":"2019-07-11T19:58:26","guid":{"rendered":"http:\/\/marshallradio.com\/eu\/product\/morceaux-de-plumes-de-queue-en-aluminium-marshall\/"},"modified":"2023-03-14T18:22:31","modified_gmt":"2023-03-14T18:22:31","slug":"queues-de-marshall-en-aluminium","status":"publish","type":"product","link":"https:\/\/marshallradio.com\/eu\/product\/queues-de-marshall-en-aluminium\/?lang=fr","title":{"rendered":"Morceaux de plumes de queue en aluminium Marshall"},"content":{"rendered":"<p>&nbsp;<\/p>\n<p>&nbsp;<\/p>\n<div class=\"k2ImageBlock\">\n<div class=\"clear\">Ce sont des pi\u00e8ces de rechange de nouvelle g\u00e9n\u00e9ration, ultra-l\u00e9g\u00e8res, sans soudure et mont\u00e9es sur la queue qui sont maintenant utilis\u00e9es par de nombreux fauconniers dans le monde entier. Usin\u00e9es ici chez Marshall Radio, en alliage d\u2019aluminium sp\u00e9cial pour avions, puis culbut\u00e9es pour obtenir une surface lisse et anodis\u00e9es pour leur couleur et leur protection, elles p\u00e8sent 1\/3 du poids du pr\u00e9d\u00e9cesseur en laiton bras\u00e9.<\/div>\n<\/div>\n<div class=\"k2IntroText\">Si vous envisagez d\u2019utiliser un montage arri\u00e8re cette saison, ces minuscules pi\u00e8ces l\u00e9g\u00e8res et usin\u00e9es sont la solution pour la pr\u00e9cision et la qualit\u00e9. Et, \u00e0 l&#8217;aide de l&#8217;outil d&#8217;installation d&#8217;origine Marshall, l&#8217;installation est rapide et facile.<\/div>\n","protected":false},"excerpt":{"rendered":"<ul>\n<li><strong>Micro-petit:<\/strong>Rapaces de petite taille (la taille d&#8217;origine pour les merlins, espars, aplomados, \u00e9clectus, cacato\u00e8s, gris africain) utilis\u00e9s avec le micro \u00e9metteur.<\/li>\n<li><strong>Micro-m\u00e9dium:\u00a0<\/strong>Rapaces de taille moyenne (Faucon p\u00e8lerin, Harris, Autour des palombes m\u00e2les) o\u00f9 un micro doit \u00eatre utilis\u00e9. Moyenne en bas, avec taille Micro en haut.<\/li>\n<li><strong>Micro-grand:\u00a0<\/strong>Rapaces de grande taille (Gyrs femelles, Redtails, Autour des palombes) o\u00f9 un Micro doit \u00eatre utilis\u00e9. Large en bas, avec taille Micro en haut.<\/li>\n<li><strong>Moyen<\/strong>: Gyrkine, Faucon p\u00e8lerin, Harris, Autour des palombes, Ara militaire, Ara \u00e0 front rouge, Cacato\u00e8s<\/li>\n<li><strong>Grand<\/strong>: Gos femelle, Faucon gerfaut femelle<\/li>\n<li><strong>Suppl\u00e9mentaire<\/strong>\u00a0<strong>Grand<\/strong>: Rapaces de tr\u00e8s grande taille (Eagles, Greenwing Macaw, Buffons)<\/li>\n<li><strong>Grand perroquet<\/strong>: Grande taille pour perroquets (\u00e9carlate, bleu et or)<\/li>\n<\/ul>\n<p>&nbsp;<\/p>\n<div class=\"read-more\"><a href=\"https:\/\/marshallradio.com\/eu\/product\/queues-de-marshall-en-aluminium\/?lang=fr\">Read more <span class=\"screen-reader-text\">Morceaux de plumes de queue en aluminium Marshall<\/span><span class=\"meta-nav\"> &#8250;<\/span><\/a><\/div>\n<p><!-- end of .read-more --><\/p>\n","protected":false},"featured_media":30402,"template":"","meta":{"_acf_changed":false},"product_brand":[],"product_cat":[61],"product_tag":[],"class_list":{"0":"post-35091","1":"product","2":"type-product","3":"status-publish","4":"has-post-thumbnail","6":"product_cat-worldwide-accessories-excluding-gulf-fr","8":"first","9":"instock","10":"taxable","11":"shipping-taxable","12":"purchasable","13":"product-type-variable"},"acf":[],"_links":{"self":[{"href":"https:\/\/marshallradio.com\/eu\/wp-json\/wp\/v2\/product\/35091","targetHints":{"allow":["GET"]}}],"collection":[{"href":"https:\/\/marshallradio.com\/eu\/wp-json\/wp\/v2\/product"}],"about":[{"href":"https:\/\/marshallradio.com\/eu\/wp-json\/wp\/v2\/types\/product"}],"wp:featuredmedia":[{"embeddable":true,"href":"https:\/\/marshallradio.com\/eu\/wp-json\/wp\/v2\/media\/30402"}],"wp:attachment":[{"href":"https:\/\/marshallradio.com\/eu\/wp-json\/wp\/v2\/media?parent=35091"}],"wp:term":[{"taxonomy":"product_brand","embeddable":true,"href":"https:\/\/marshallradio.com\/eu\/wp-json\/wp\/v2\/product_brand?post=35091"},{"taxonomy":"product_cat","embeddable":true,"href":"https:\/\/marshallradio.com\/eu\/wp-json\/wp\/v2\/product_cat?post=35091"},{"taxonomy":"product_tag","embeddable":true,"href":"https:\/\/marshallradio.com\/eu\/wp-json\/wp\/v2\/product_tag?post=35091"}],"curies":[{"name":"wp","href":"https:\/\/api.w.org\/{rel}","templated":true}]}}