
{"id":35107,"date":"2018-06-20T17:02:06","date_gmt":"2019-07-11T20:04:24","guid":{"rendered":"http:\/\/marshallradio.com\/eu\/product\/piezas-de-plumas-de-cola-de-aluminio-marshall\/"},"modified":"2023-03-14T18:23:40","modified_gmt":"2023-03-14T18:23:40","slug":"marshall-aluminium-tail-pieces","status":"publish","type":"product","link":"https:\/\/marshallradio.com\/eu\/product\/marshall-aluminium-tail-pieces\/?lang=es","title":{"rendered":"Piezas de plumas de cola de aluminio Marshall"},"content":{"rendered":"<p>&nbsp;<\/p>\n<p>&nbsp;<\/p>\n<div class=\"k2ImageBlock\">\n<div class=\"clear\">Estas son las piezas de repuesto de montaje trasero ultraligeras, sin soldadura, de nueva generaci\u00f3n que ahora utilizan tantos cetreros en todo el mundo. Mecanizados internamente aqu\u00ed en Marshall Radio a partir de una aleaci\u00f3n de aluminio especial para aviones, luego volteados para obtener una superficie lisa y anodizados para dar color y protecci\u00f3n, pesan 1\/3 del peso del predecesor de lat\u00f3n soldado.<\/div>\n<\/div>\n<div class=\"k2IntroText\">Si est\u00e1 planeando usar un Tail Mount esta temporada, estas peque\u00f1as y livianas piezas mecanizadas son la respuesta para la precisi\u00f3n y la calidad. Y, utilizando la herramienta de instalaci\u00f3n Genuine Marshall, la instalaci\u00f3n es r\u00e1pida y f\u00e1cil<\/div>\n","protected":false},"excerpt":{"rendered":"<ul>\n<li><strong>Micro-peque\u00f1o:<\/strong>Rapaces de tama\u00f1o peque\u00f1o (el tama\u00f1o original para Merlins, Spars, Aplomados, Eclectus, Cockatoo, African Grey) utilizados con Micro transmisor.<\/li>\n<li><strong>Micro-medio:\u00a0<\/strong>Rapaces de tama\u00f1o mediano (Peregrine, Harris &#8216;, Azores machos) donde se va a utilizar un Micro. Mediano en la parte inferior, con tama\u00f1o Micro en la parte superior.<\/li>\n<li><strong>Micro-grande:\u00a0<\/strong>Rapaces de gran tama\u00f1o (hembras Gyrs, Redtails, Goshawks) donde se va a utilizar un Micro. Grande en la parte inferior, con tama\u00f1o Micro en la parte superior.<\/li>\n<li><strong>Medio<\/strong>: Gyrkin, Peregrine, Harris &#8216;, Azores macho, Guacamayo militar, Guacamayo rojo, Cacat\u00faa<\/li>\n<li><strong>Grande<\/strong>: Gos hembra, gerifalte hembra<\/li>\n<li><strong>Extra<\/strong>\u00a0<strong>Grande<\/strong>: Rapaces de tama\u00f1o extragrande (\u00e1guilas, guacamayos alaverdes, bufones)<\/li>\n<li><strong>Loro grande<\/strong>: Tama\u00f1o grande para loros (escarlata, azul y dorado)<\/li>\n<\/ul>\n<p>&nbsp;<\/p>\n<div class=\"read-more\"><a href=\"https:\/\/marshallradio.com\/eu\/product\/marshall-aluminium-tail-pieces\/?lang=es\">Read more <span class=\"screen-reader-text\">Piezas de plumas de cola de aluminio Marshall<\/span><span class=\"meta-nav\"> &#8250;<\/span><\/a><\/div>\n<p><!-- end of .read-more --><\/p>\n","protected":false},"featured_media":30405,"template":"","meta":{"_acf_changed":false},"product_brand":[],"product_cat":[64],"product_tag":[],"class_list":{"0":"post-35107","1":"product","2":"type-product","3":"status-publish","4":"has-post-thumbnail","6":"product_cat-worldwide-accessories-excluding-gulf-es","8":"first","9":"instock","10":"taxable","11":"shipping-taxable","12":"purchasable","13":"product-type-variable"},"acf":[],"_links":{"self":[{"href":"https:\/\/marshallradio.com\/eu\/wp-json\/wp\/v2\/product\/35107","targetHints":{"allow":["GET"]}}],"collection":[{"href":"https:\/\/marshallradio.com\/eu\/wp-json\/wp\/v2\/product"}],"about":[{"href":"https:\/\/marshallradio.com\/eu\/wp-json\/wp\/v2\/types\/product"}],"wp:featuredmedia":[{"embeddable":true,"href":"https:\/\/marshallradio.com\/eu\/wp-json\/wp\/v2\/media\/30405"}],"wp:attachment":[{"href":"https:\/\/marshallradio.com\/eu\/wp-json\/wp\/v2\/media?parent=35107"}],"wp:term":[{"taxonomy":"product_brand","embeddable":true,"href":"https:\/\/marshallradio.com\/eu\/wp-json\/wp\/v2\/product_brand?post=35107"},{"taxonomy":"product_cat","embeddable":true,"href":"https:\/\/marshallradio.com\/eu\/wp-json\/wp\/v2\/product_cat?post=35107"},{"taxonomy":"product_tag","embeddable":true,"href":"https:\/\/marshallradio.com\/eu\/wp-json\/wp\/v2\/product_tag?post=35107"}],"curies":[{"name":"wp","href":"https:\/\/api.w.org\/{rel}","templated":true}]}}