
{"id":35115,"date":"2018-06-18T21:11:46","date_gmt":"2019-07-11T20:07:20","guid":{"rendered":"http:\/\/marshallradio.com\/eu\/product\/pole-marshall-digitalni-800-sledovaci-prijimac\/"},"modified":"2020-08-10T17:34:31","modified_gmt":"2020-08-10T17:34:31","slug":"field-marshall-digital-800-tracking-receiver","status":"publish","type":"product","link":"https:\/\/marshallradio.com\/eu\/product\/field-marshall-digital-800-tracking-receiver\/?lang=cs","title":{"rendered":"Pole Marshall Digit\u00e1ln\u00ed 800 Sledovac\u00ed p\u0159ij\u00edma\u010d"},"content":{"rendered":"<p>&nbsp;<\/p>\n<p><strong>MAXIM\u00c1LN\u00cd CITLIVOST<\/strong><br \/>\nPro dosa\u017een\u00ed nejlep\u0161\u00edho dosahu je t\u0159eba m\u00edt v p\u0159ij\u00edma\u010di neju\u017eite\u010dn\u011bj\u0161\u00ed citlivost. Kombinace p\u0159ij\u00edma\u010de, p\u0159izp\u016fsobovac\u00edho kabelu a ant\u00e9ny ur\u010den\u00e9 speci\u00e1ln\u011b pro n\u011bj p\u0159edstavuj\u00ed kompletn\u00ed bal\u00ed\u010dek, kter\u00fd mus\u00ed pracovat v souladu, aby bylo dosa\u017eeno co nejvy\u0161\u0161\u00ed citlivosti. Za\u0159\u00edzen\u00ed Digital Field Marshall poskytne nejv\u011bt\u0161\u00ed rozsah sledovac\u00edch p\u0159ij\u00edma\u010d\u016f na sv\u011bt\u011b. Nic nejde d\u00e1le ne\u017e Field Marshall, zejm\u00e9na ve m\u011bstech nebo oblastech \u201ene\u017e\u00e1douc\u00edho r\u00e1diov\u00e9ho \u0161umu\u201c. S lep\u0161\u00ed citlivost\u00ed ne\u017e -154dBm dok\u00e1\u017ee Field Marshall rozeznat nejslab\u0161\u00ed sign\u00e1ly.<\/p>\n<p><strong>V\u00cdCE FREKVEN\u010cN\u00cdCH VOLEB<\/strong><\/p>\n<p>Field Marshall 800 v\u00e1m d\u00e1v\u00e1 prvn\u00edch 200 kHz (20 kan\u00e1l\u016f) v ka\u017ed\u00e9m ze 4 p\u00e1sem (216 217 218 219), co\u017e v\u00e1m umo\u017en\u00ed rozlo\u017eit vys\u00edla\u010de d\u00e1le (aby se zabr\u00e1nilo krv\u00e1cen\u00ed) nebo um\u00edstit ps\u00ed obojky do samostatn\u00e9ho p\u00e1sma od vys\u00edla\u010d\u016f sokolnictv\u00ed.<\/p>\n<p><strong>SNADN\u00c9 TUNING<\/strong><\/p>\n<p>Vylad\u011bn\u00ed pomoc\u00ed vylep\u0161en\u00e9ho knofl\u00edku pro vylad\u011bn\u00ed je \u0161irok\u00e9 a je chr\u00e1n\u011bno p\u0159ed n\u00e1hodn\u00fdm kontaktem, tak\u017ee p\u0159i nastupov\u00e1n\u00ed a vystupov\u00e1n\u00ed z vozidla nen\u00ed snadno odhozeno od nastaven\u00ed vylad\u011bn\u00ed.<\/p>\n<p><strong>LEHK\u00c1 V\u00c1HA<\/strong><br \/>\nS vyu\u017eit\u00edm nejnov\u011bj\u0161\u00edch elektronick\u00fdch komponent, skl\u00e1dac\u00ed yagi polovi\u010dn\u00ed velikosti a kreativn\u00ed balen\u00ed n\u00e1m umo\u017e\u0148uj\u00ed, aby se ve\u0161ly do mal\u00e9ho prostoru.<\/p>\n<p>D\u00edky na\u0161emu z\u00e1vazku pou\u017e\u00edvat slitiny hlin\u00edku, kter\u00e9 maj\u00ed maxim\u00e1ln\u00ed pom\u011br pevnosti k hmotnosti, \u010din\u00ed tento p\u0159ij\u00edma\u010d co nejleh\u010d\u00ed a technicky nejsiln\u011bj\u0161\u00ed.<\/p>\n<p><strong>VOD\u011aODOLN\u00dd<\/strong><\/p>\n<p>T\u00e9m\u011b\u0159. P\u0159ij\u00edma\u010d nen\u00ed navr\u017een pro pou\u017eit\u00ed ve velmi mokr\u00fdch podm\u00ednk\u00e1ch, p\u0159esto ho bude dr\u017eet za slab\u00e9ho de\u0161t\u011b. Pokud je n\u00e1hodn\u011b pono\u0159ena v d\u016fsledku nehody nebo p\u00e1du, m\u011bla by b\u00fdt p\u0159ed op\u011btovn\u00fdm pou\u017eit\u00edm vypu\u0161t\u011bna a ponech\u00e1na uschnout.<\/p>\n<p><strong>MO\u017dNOST POU\u017dIT\u00cd VOZIDLA K P\u0158IJ\u00cdMA\u010cI V\u00ddKONU<\/strong><\/p>\n<p>Adapt\u00e9r do auta je navr\u017een tak, aby obch\u00e1zel baterie a nap\u00e1jel p\u0159ij\u00edma\u010d po del\u0161\u00ed dobu uvnit\u0159 vozidla, aby se baterie \u0161et\u0159ily, aby byly uchov\u00e1ny na dlouh\u00e9 proch\u00e1zky od auta. Adapt\u00e9r zapalova\u010de cigaret najdete v p\u0159\u00edslu\u0161enstv\u00ed. Field Marshall pou\u017e\u00edv\u00e1 b\u011b\u017en\u00e9 snadno dostupn\u00e9 AAA baterie, kter\u00e9 nelze dob\u00edjet.<\/p>\n<p><strong>CO POU\u017d\u00cdV\u00c1 BATERIE<\/strong><\/p>\n<p>Pro v\u0161eobecn\u00e9 pou\u017eit\u00ed jsou alkalick\u00e9 baterie AAA nejlevn\u011bj\u0161\u00ed z hlediska n\u00e1klad\u016f a poskytuj\u00ed dobrou \u017eivotnost, ale lithiov\u00e9 baterie AAA nab\u00edzej\u00ed nejlep\u0161\u00ed v\u00fdkon v chladn\u00e9m po\u010das\u00ed, jsou nejleh\u010d\u00ed a vydr\u017e\u00ed nejd\u00e9le. Nezapome\u0148te v\u017edy vyjmout baterie z va\u0161eho p\u0159ij\u00edma\u010de b\u011bhem obdob\u00ed dlouh\u00e9ho skladov\u00e1n\u00ed (mimo sez\u00f3nu). Dob\u00edjec\u00ed baterie (jako NiCad nebo NiMH) by se nem\u011bly pou\u017e\u00edvat, proto\u017ee neposkytuj\u00ed dostate\u010dn\u00e9 a konzistentn\u00ed nap\u011bt\u00ed pro efektivn\u00ed provoz p\u0159ij\u00edma\u010de. <\/p>\n<p> V\u017edy pou\u017e\u00edvejte zna\u010dkov\u00e9 baterie (jako je Energizer nebo Duracell) s komplexn\u00ed z\u00e1rukou pro p\u0159\u00edpad, \u017ee dojde k nehod\u011b se skute\u010dn\u00fdmi bateriemi uvnit\u0159 va\u0161eho p\u0159ij\u00edma\u010de.<\/p>\n<p><strong>MO\u017dNOST POU\u017dIT\u00cd S OMNI ANTENNA<\/strong><\/p>\n<p>Field Marshall snadno vylu\u010duje vstup z extern\u00ed ant\u00e9ny, jednodu\u0161e vyjm\u011bte koaxi\u00e1ln\u00ed kabel z t\u011bla p\u0159ij\u00edma\u010de a zapojte koaxi\u00e1ln\u00ed kabel z extern\u00ed ant\u00e9ny. Field Marshall pou\u017e\u00edv\u00e1 konektor \u201eSMB\u201c, v\u011bt\u0161ina omni ant\u00e9n pou\u017e\u00edv\u00e1 v\u011bt\u0161\u00ed konektor \u201eBNC\u201c. Pro p\u0159ipojen\u00ed ant\u00e9n namontovan\u00fdch na vozidle k va\u0161emu p\u0159ij\u00edma\u010di Marshall lze pou\u017e\u00edt jednoduch\u00fd adapt\u00e9r (sou\u010d\u00e1st\u00ed dod\u00e1vky omni od Marshall Radio).<\/p>\n<p><strong>HALF SIZE COLLAPSE YAGI ANTENNA<br \/>\n<\/strong><\/p>\n<p>Field Marshall 800 je standardn\u011b dod\u00e1v\u00e1n s na\u0161\u00ed miniaturn\u00ed Yagi ant\u00e9nou \u201eHalf Size\u201c, d\u00edky \u010demu\u017e je jeden z nejmen\u0161\u00edch dostupn\u00fdch VHF p\u0159ij\u00edma\u010d\u016f je\u0161t\u011b kompaktn\u011bj\u0161\u00ed a snadno pou\u017eiteln\u00fd v ter\u00e9nu.<\/p>\n<p>&nbsp;<\/p>\n","protected":false},"excerpt":{"rendered":"<p>Budouc\u00ed generace, kter\u00e1 stav\u00ed na \u00fasp\u011bchu p\u016fvodn\u00edho designu Field Marshall, si st\u00e1le zachov\u00e1v\u00e1 funkce, kter\u00e9 z\u00e1kazn\u00edci milovali na prvn\u00edm p\u0159ij\u00edma\u010di, jako je ant\u00e9na s mal\u00fdmi yagi, kompaktn\u00ed a p\u0159enosn\u00fd tvarov\u00fd faktor a vynikaj\u00edc\u00ed dosah oproti p\u0159ij\u00edma\u010d\u016fm zalo\u017een\u00fdm na VHF. Tento p\u0159ij\u00edma\u010d nab\u00edz\u00ed n\u011bkolik funkc\u00ed, jako je teplotn\u00ed kompenzace (nen\u00ed t\u0159eba znovu ladit p\u0159i pron\u00e1sledov\u00e1n\u00ed vzd\u00e1len\u00e9ho sign\u00e1lu p\u0159i zm\u011bn\u00e1ch teploty), vylep\u0161en\u00e1 p\u0159esnost bodov\u00e9ho vyhled\u00e1v\u00e1n\u00ed p\u0159i vyhled\u00e1v\u00e1n\u00ed a\u017e do n\u011bkolika posledn\u00edch stop a je\u0161t\u011b lep\u0161\u00ed kvalita zvuku.<\/p>\n<p>Ka\u017ed\u00fd p\u0159ij\u00edma\u010d je st\u00e1le dod\u00e1v\u00e1n s poln\u00edm pouzdrem, ale jeho velmi mal\u00fd tvar a velikost z n\u011bj \u010din\u00ed \u201ekapesn\u00ed p\u0159ij\u00edma\u010d\u201c, kter\u00fd lze zasunout do va\u0161\u00ed Hawkingovy ta\u0161ky nebo do \u010d\u00e1sti va\u0161\u00ed Pineo Hawking Vest.<\/p>\n<p>FM VHF 800: (frekvence 216-219)<\/p>\n<div class=\"read-more\"><a href=\"https:\/\/marshallradio.com\/eu\/product\/field-marshall-digital-800-tracking-receiver\/?lang=cs\">Read more <span class=\"screen-reader-text\">Pole Marshall Digit\u00e1ln\u00ed 800 Sledovac\u00ed p\u0159ij\u00edma\u010d<\/span><span class=\"meta-nav\"> &#8250;<\/span><\/a><\/div>\n<p><!-- end of .read-more --><\/p>\n","protected":false},"featured_media":38399,"template":"","meta":{"_acf_changed":false},"product_brand":[],"product_cat":[91],"product_tag":[],"class_list":{"0":"post-35115","1":"product","2":"type-product","3":"status-publish","4":"has-post-thumbnail","6":"product_cat-nezarazeno","8":"first","9":"outofstock","10":"taxable","11":"shipping-taxable","12":"purchasable","13":"product-type-simple"},"acf":[],"_links":{"self":[{"href":"https:\/\/marshallradio.com\/eu\/wp-json\/wp\/v2\/product\/35115","targetHints":{"allow":["GET"]}}],"collection":[{"href":"https:\/\/marshallradio.com\/eu\/wp-json\/wp\/v2\/product"}],"about":[{"href":"https:\/\/marshallradio.com\/eu\/wp-json\/wp\/v2\/types\/product"}],"wp:featuredmedia":[{"embeddable":true,"href":"https:\/\/marshallradio.com\/eu\/wp-json\/wp\/v2\/media\/38399"}],"wp:attachment":[{"href":"https:\/\/marshallradio.com\/eu\/wp-json\/wp\/v2\/media?parent=35115"}],"wp:term":[{"taxonomy":"product_brand","embeddable":true,"href":"https:\/\/marshallradio.com\/eu\/wp-json\/wp\/v2\/product_brand?post=35115"},{"taxonomy":"product_cat","embeddable":true,"href":"https:\/\/marshallradio.com\/eu\/wp-json\/wp\/v2\/product_cat?post=35115"},{"taxonomy":"product_tag","embeddable":true,"href":"https:\/\/marshallradio.com\/eu\/wp-json\/wp\/v2\/product_tag?post=35115"}],"curies":[{"name":"wp","href":"https:\/\/api.w.org\/{rel}","templated":true}]}}