
{"id":35117,"date":"2018-06-18T21:11:46","date_gmt":"2019-07-11T20:09:52","guid":{"rendered":"http:\/\/marshallradio.com\/eu\/product\/champ-marshall-numerique-800-recepteur-de-poursuite\/"},"modified":"2020-08-10T17:34:32","modified_gmt":"2020-08-10T17:34:32","slug":"field-marshall-digital-800-tracking-receiver","status":"publish","type":"product","link":"https:\/\/marshallradio.com\/eu\/product\/field-marshall-digital-800-tracking-receiver\/?lang=fr","title":{"rendered":"Champ Marshall Num\u00e9rique 800 R\u00e9cepteur de poursuite"},"content":{"rendered":"<p>&nbsp;<\/p>\n<p><strong>SENSIBILIT\u00c9 MAXIMALE<\/strong><br \/>\nPour obtenir la meilleure plage, il faut disposer de la \u00absensibilit\u00e9 la plus utile\u00bb dans un r\u00e9cepteur. La combinaison du r\u00e9cepteur, du c\u00e2ble adapt\u00e9 et de l&#8217;antenne sp\u00e9cialement con\u00e7ue pour lui constitue un ensemble complet qui doit fonctionner en harmonie pour atteindre la plus grande sensibilit\u00e9 possible. Le Digital Field Marshall offrira la plus grande port\u00e9e de tous les r\u00e9cepteurs de suivi au monde. Rien ne va plus loin que le Field Marshall, en particulier dans les villes ou les zones de \u00abbruit radio ind\u00e9sirable\u00bb. Avec une sensibilit\u00e9 sup\u00e9rieure \u00e0 -154 dBm, le Field Marshall peut discerner les signaux les plus faibles.<\/p>\n<p><strong>PLUS DE CHOIX DE FR\u00c9QUENCE<\/strong><\/p>\n<p>Le Field Marshall 800 vous offre les premiers 200 kHz (20 canaux) sur chacune des 4 bandes (216 217 218 219), vous permettant d&#8217;espacer les \u00e9metteurs plus loin (pour \u00e9viter les saignements) ou de placer des colliers pour chiens sur une bande distincte des \u00e9metteurs de fauconnerie.<\/p>\n<p><strong>REGLAGE FACILE<\/strong><\/p>\n<p>Le r\u00e9glage avec le bouton de r\u00e9glage am\u00e9lior\u00e9 est large et est prot\u00e9g\u00e9 contre les contacts accidentels, de sorte qu&#8217;il n&#8217;est pas facile de modifier votre r\u00e9glage de r\u00e9glage lorsque vous montez et sortez du v\u00e9hicule.<\/p>\n<p><strong>POIDS L\u00c9GER <\/strong><br \/>\nUtilisant des composants \u00e9lectroniques de derni\u00e8re g\u00e9n\u00e9ration, un yagi pliable de demi-taille et un emballage cr\u00e9atif nous permettent de ranger beaucoup dans un petit espace.<\/p>\n<p>Et, notre engagement \u00e0 utiliser des alliages d&#8217;aluminium qui ont le rapport r\u00e9sistance \/ poids maximal rend ce r\u00e9cepteur aussi l\u00e9ger et solide que techniquement possible.<\/p>\n<p><strong>R\u00c9SISTANT \u00c0 L&#8217;EAU<\/strong><\/p>\n<p>Presque. Le r\u00e9cepteur n&#8217;est pas con\u00e7u pour \u00eatre utilis\u00e9 dans des conditions tr\u00e8s humides, mais il r\u00e9sistera sous une pluie l\u00e9g\u00e8re. S&#8217;il est submerg\u00e9 accidentellement par accident ou chute, il doit \u00eatre vid\u00e9 et laiss\u00e9 s\u00e9cher avant d&#8217;\u00eatre r\u00e9utilis\u00e9.<\/p>\n<p><strong>OPTION D&#8217;UTILISATION DU V\u00c9HICULE POUR ALIMENTER LE R\u00c9CEPTEUR<\/strong><\/p>\n<p>L&#8217;adaptateur de voiture est con\u00e7u pour contourner les batteries et alimenter le r\u00e9cepteur pendant de longues p\u00e9riodes \u00e0 l&#8217;int\u00e9rieur du v\u00e9hicule afin d&#8217;\u00e9conomiser les batteries, de les conserver pendant de longues promenades loin de la voiture. L&#8217;adaptateur allume-cigare se trouve dans les accessoires. Le Field Marshall utilise des piles AAA faciles \u00e0 trouver qui ne sont pas rechargeables.<\/p>\n<p><strong>QUELLES BATTERIES UTILISER<\/strong><\/p>\n<p>Pour une utilisation g\u00e9n\u00e9rale, les piles alcalines AAA sont les plus \u00e9conomiques et offrent une bonne autonomie, mais les piles au lithium AAA offrent les meilleures performances par temps froid, sont les plus l\u00e9g\u00e8res et durent le plus longtemps. N&#8217;oubliez pas de toujours retirer les piles de votre r\u00e9cepteur pendant les p\u00e9riodes de stockage prolong\u00e9es (hors saison). Les piles rechargeables (telles que NiCad ou NiMH) ne doivent pas \u00eatre utilis\u00e9es car elles ne fournissent pas une tension suffisante et coh\u00e9rente pour faire fonctionner efficacement le r\u00e9cepteur.<\/p>\n<p>Utilisez toujours des piles de marque (comme Energizer ou Duracell) avec une garantie compl\u00e8te, au cas o\u00f9 il y aurait un accident avec les piles r\u00e9elles \u00e0 l&#8217;int\u00e9rieur de votre r\u00e9cepteur.<\/p>\n<p><strong>OPTION \u00c0 UTILISER AVEC L&#8217;ANTENNE OMNI<\/strong><\/p>\n<p>Le Field Marshall exclut facilement l&#8217;entr\u00e9e d&#8217;une antenne externe, il suffit de retirer le c\u00e2ble coaxial du corps du r\u00e9cepteur et de brancher le c\u00e2ble coaxial de votre antenne externe. Le Field Marshall utilise un connecteur \u00abSMB\u00bb, la plupart des antennes omnidirectionnelles utilisent le connecteur \u00abBNC\u00bb plus grand. Un simple adaptateur (inclus avec l&#8217;achat d&#8217;un omni de Marshall Radio) peut \u00eatre utilis\u00e9 pour connecter d&#8217;autres antennes mont\u00e9es sur v\u00e9hicule \u00e0 votre r\u00e9cepteur Marshall.<\/p>\n<p><strong>ANTENNE YAGI \u00c0 MOITI\u00c9 TAILLE<br \/>\n<\/strong><\/p>\n<p>Le Field Marshall 800 est livr\u00e9 en standard avec notre antenne Yagi miniature &#8220;Half Size&#8221;, ce qui rend l&#8217;un des plus petits r\u00e9cepteurs VHF disponibles, encore plus compact et facile \u00e0 utiliser sur le terrain.<\/p>\n<p>&nbsp;<\/p>\n","protected":false},"excerpt":{"rendered":"<p>S&#8217;appuyant sur le succ\u00e8s de la conception originale de Field Marshall, la prochaine g\u00e9n\u00e9ration conserve toujours les fonctionnalit\u00e9s que les clients aimaient sur le premier r\u00e9cepteur, telles que la minuscule antenne yagi, le format compact et portable et une port\u00e9e sup\u00e9rieure par rapport aux r\u00e9cepteurs VHF. Ce r\u00e9cepteur offre plusieurs fonctionnalit\u00e9s telles que la compensation de temp\u00e9rature (pas besoin de re-r\u00e9gler lors de la poursuite d&#8217;un signal \u00e9loign\u00e9 lorsque la temp\u00e9rature change), une pr\u00e9cision de pointe am\u00e9lior\u00e9e pour les recherches jusqu&#8217;aux derniers m\u00e8tres et une qualit\u00e9 sonore encore meilleure.<\/p>\n<p>Chaque r\u00e9cepteur est toujours livr\u00e9 avec un \u00e9tui de terrain, mais sa forme et sa taille tr\u00e8s petites en font un &#8220;r\u00e9cepteur de poche&#8221; pouvant \u00eatre gliss\u00e9 dans votre sac Hawking ou une section de votre gilet Pineo Hawking.<\/p>\n<p>FM VHF 800: (fr\u00e9quences 216-219)<\/p>\n<div class=\"read-more\"><a href=\"https:\/\/marshallradio.com\/eu\/product\/field-marshall-digital-800-tracking-receiver\/?lang=fr\">Read more <span class=\"screen-reader-text\">Champ Marshall Num\u00e9rique 800 R\u00e9cepteur de poursuite<\/span><span class=\"meta-nav\"> &#8250;<\/span><\/a><\/div>\n<p><!-- end of .read-more --><\/p>\n","protected":false},"featured_media":38401,"template":"","meta":{"_acf_changed":false},"product_brand":[],"product_cat":[93],"product_tag":[],"class_list":{"0":"post-35117","1":"product","2":"type-product","3":"status-publish","4":"has-post-thumbnail","6":"product_cat-non-classe","8":"first","9":"outofstock","10":"taxable","11":"shipping-taxable","12":"purchasable","13":"product-type-simple"},"acf":[],"_links":{"self":[{"href":"https:\/\/marshallradio.com\/eu\/wp-json\/wp\/v2\/product\/35117","targetHints":{"allow":["GET"]}}],"collection":[{"href":"https:\/\/marshallradio.com\/eu\/wp-json\/wp\/v2\/product"}],"about":[{"href":"https:\/\/marshallradio.com\/eu\/wp-json\/wp\/v2\/types\/product"}],"wp:featuredmedia":[{"embeddable":true,"href":"https:\/\/marshallradio.com\/eu\/wp-json\/wp\/v2\/media\/38401"}],"wp:attachment":[{"href":"https:\/\/marshallradio.com\/eu\/wp-json\/wp\/v2\/media?parent=35117"}],"wp:term":[{"taxonomy":"product_brand","embeddable":true,"href":"https:\/\/marshallradio.com\/eu\/wp-json\/wp\/v2\/product_brand?post=35117"},{"taxonomy":"product_cat","embeddable":true,"href":"https:\/\/marshallradio.com\/eu\/wp-json\/wp\/v2\/product_cat?post=35117"},{"taxonomy":"product_tag","embeddable":true,"href":"https:\/\/marshallradio.com\/eu\/wp-json\/wp\/v2\/product_tag?post=35117"}],"curies":[{"name":"wp","href":"https:\/\/api.w.org\/{rel}","templated":true}]}}