
{"id":35218,"date":"2018-06-18T17:04:11","date_gmt":"2019-07-11T22:17:48","guid":{"rendered":"http:\/\/marshallradio.com\/eu\/product\/scout-vhf-transmisor\/"},"modified":"2024-10-10T17:10:09","modified_gmt":"2024-10-10T17:10:09","slug":"scout-vhf-transmitter-2","status":"publish","type":"product","link":"https:\/\/marshallradio.com\/eu\/product\/scout-vhf-transmitter-2\/?lang=es","title":{"rendered":"Transmisor Scout VHF"},"content":{"rendered":"<p><strong>DISE\u00d1O<\/strong><br \/>\nEl nuevo Scout fue pensado para ser la opci\u00f3n de transmisor ideal para el bajo vuelo, ya que tiene la mejor combinaci\u00f3n de alcance, tama\u00f1o, larga duraci\u00f3n de la bater\u00eda y bajo precio.<\/p>\n<p>Un objetivo clave del dise\u00f1o era poner una antena corta y segura de 17cm sin la correspondiente p\u00e9rdida de alcance que ocurre cuando se corta la antena. Lograr antenas cortas sin utilizar frecuencias m\u00e1s altas ha sido un gran avance exclusivo de Marshall durante varios a\u00f1os.<\/p>\n<p><strong>MONTAJE EN PATA<\/strong><br \/>\nPara las aves m\u00e1s grandes como Harris , Azores y Cola Rojas, el Scout es un emisor ideal para colocar en pata, gracias a su antena liviana y corta. Tambi\u00e9n puede pedir este soporte para usarlo para fijarlo en el cuello.<\/p>\n<p>Hay una ranura\u00a0 de tama\u00f1o generoso en la parte superior para meter un corre\u00f3ny la carcasa es plana y lisa en ambos lados.<\/p>\n<p><strong>MONTAJE EN COLA<\/strong><br \/>\nCuando pida un Scout como con montaje de cola, viene con un peque\u00f1o alambre unido a la parte inferior de la caja. La caja est\u00e1 mecanizada con tres peque\u00f1os postes de retenci\u00f3n en la parte inferior que sostienen el alambre de cola en su lugar. Tambi\u00e9n puede solicitar este montaje para usar con arn\u00e9s.<\/p>\n<p>La forma plana y la antena corta de 17cm lo hacen ideal para un &#8220;montaje dorsal&#8221; como cola o arn\u00e9s.<\/p>\n<p><strong>LARGA VIDA DE LA BATER\u00cdA: 30 d\u00edas.<\/strong><\/p>\n<p>Estos tiempos de larga duraci\u00f3n,\u00a0 son soo equiparables a los transmisores de investigaci\u00f3n. Sin embargo, estos transmisores de investigaci\u00f3n de larga duraci\u00f3n utilizados por los bi\u00f3logos logran su larga vida a trav\u00e9s del compromiso en una gran reducci\u00f3n de potencia.<\/p>\n<p>El Scout, por otro lado, es \u00fanico ya que no sacrifica el alcance por la duraci\u00f3n de la bater\u00eda. Es el primero de su tipo: un transmisor de mayor potencia para aves, no dedicado para investigaci\u00f3n.<\/p>\n","protected":false},"excerpt":{"rendered":"<p>El transmisor Scout est\u00e1 dise\u00f1ado para usarse con los halcones m\u00e1s grandes, como Colarojas, Azores y Harris &#8216;Hawks cuando se usa con soporte para pata o cola. Tambi\u00e9n se puede usar en aves m\u00e1s peque\u00f1as cuando se usa el arn\u00e9s.<\/p>\n<p>Las caracter\u00edsticas clave son el bajo precio y la larga duraci\u00f3n de la bater\u00eda:<\/p>\n<ul>\n<li>Funciona m\u00e1s de veinte d\u00edas con una sola bater\u00eda<\/li>\n<li>Alcance en visi\u00f3n directa de 65km<\/li>\n<li>Pesa solo 9 gramos con bateria<\/li>\n<li>El transmisor m\u00e1s econ\u00f3mico.<\/li>\n<li>Bater\u00eda de litio 2032 ampliamente disponible en todas partes<\/li>\n<li>Frecuencias disponibles: 216, 218<\/li>\n<p>Scout se puede utilizar como montura de cola y pierna.\n<\/ul>\n<\/div>\n<p>&nbsp;<\/p>\n<div class=\"read-more\"><a href=\"https:\/\/marshallradio.com\/eu\/product\/scout-vhf-transmitter-2\/?lang=es\">Read more <span class=\"screen-reader-text\">Transmisor Scout VHF<\/span><span class=\"meta-nav\"> &#8250;<\/span><\/a><\/div>\n<p><!-- end of .read-more --><\/p>\n","protected":false},"featured_media":44141,"template":"","meta":{"_acf_changed":false},"product_brand":[],"product_cat":[79],"product_tag":[],"class_list":{"0":"post-35218","1":"product","2":"type-product","3":"status-publish","4":"has-post-thumbnail","6":"product_cat-transmisores","8":"first","9":"instock","10":"taxable","11":"shipping-taxable","12":"purchasable","13":"product-type-variable"},"acf":[],"_links":{"self":[{"href":"https:\/\/marshallradio.com\/eu\/wp-json\/wp\/v2\/product\/35218","targetHints":{"allow":["GET"]}}],"collection":[{"href":"https:\/\/marshallradio.com\/eu\/wp-json\/wp\/v2\/product"}],"about":[{"href":"https:\/\/marshallradio.com\/eu\/wp-json\/wp\/v2\/types\/product"}],"wp:featuredmedia":[{"embeddable":true,"href":"https:\/\/marshallradio.com\/eu\/wp-json\/wp\/v2\/media\/44141"}],"wp:attachment":[{"href":"https:\/\/marshallradio.com\/eu\/wp-json\/wp\/v2\/media?parent=35218"}],"wp:term":[{"taxonomy":"product_brand","embeddable":true,"href":"https:\/\/marshallradio.com\/eu\/wp-json\/wp\/v2\/product_brand?post=35218"},{"taxonomy":"product_cat","embeddable":true,"href":"https:\/\/marshallradio.com\/eu\/wp-json\/wp\/v2\/product_cat?post=35218"},{"taxonomy":"product_tag","embeddable":true,"href":"https:\/\/marshallradio.com\/eu\/wp-json\/wp\/v2\/product_tag?post=35218"}],"curies":[{"name":"wp","href":"https:\/\/api.w.org\/{rel}","templated":true}]}}