
{"id":35225,"date":"2018-06-15T21:35:54","date_gmt":"2019-07-11T22:26:20","guid":{"rendered":"http:\/\/marshallradio.com\/eu\/product\/mikro-vysilac\/"},"modified":"2023-11-14T21:56:56","modified_gmt":"2023-11-14T21:56:56","slug":"mikro-vysilac","status":"publish","type":"product","link":"https:\/\/marshallradio.com\/eu\/product\/mikro-vysilac\/?lang=cs","title":{"rendered":"Mikro vys\u00edla\u010d"},"content":{"rendered":"<p><strong>NEJV\u011aT\u0160\u00cd VELIKOST, OSV\u011aT\u0160\u00cd HMOTNOST<\/strong><br \/>\nMicro je n\u00e1\u0161 nejmen\u0161\u00ed design vys\u00edla\u010de, kter\u00fd v\u00e1\u017e\u00ed pouze 3,5 gramu s instalovanou malou lithiovou bateri\u00ed 1225 3V. Jeho rozsah v\u0161ak p\u0159evy\u0161uje dosah v\u011bt\u0161iny vys\u00edla\u010d\u016f dvakr\u00e1t a\u017e t\u0159ikr\u00e1t v\u011bt\u0161\u00ed ne\u017e je velikost a hmotnost.<\/p>\n<p><strong>MICRO VELIKOSTI K\u016e\u017dE A INSTALA\u010cN\u00cd N\u00c1STROJ NA MATCH<\/strong><br \/>\nMal\u00fd ocasn\u00ed perov\u00fd kus je pou\u017e\u00edv\u00e1n s odpov\u00eddaj\u00edc\u00edm instala\u010dn\u00edm n\u00e1strojem, kter\u00fd umo\u017e\u0148uje rychlou instalaci ocasn\u00edho kusu na palubu pe\u0159\u00ed va\u0161eho pt\u00e1ka. Tento proces je rychl\u00fd a jednoduch\u00fd a zp\u016fsobuje velmi mal\u00fd tlak na pt\u00e1ka.<\/p>\n<p><strong>NEJVY\u0160\u0160\u00cd NAP\u00c1JEC\u00cd MO\u017dNOST Z DROBN\u00dd BATERIE<\/strong><\/p>\n<p>Pomoc\u00ed velmi mal\u00fdch a lehk\u00fdch \u010dl\u00e1nk\u016f lithiov\u00fdch minc\u00ed je vys\u00edla\u010d Micro navr\u017een tak, aby vyza\u0159oval co nejv\u00edc energie p\u0159i co nej\u00fa\u010dinn\u011bj\u0161\u00edm stla\u010dov\u00e1n\u00ed rezerv. P\u0159i pokojov\u00e9 teplot\u011b Micro bude vys\u00edlat nep\u0159etr\u017eit\u011b po dobu 30 hodin norm\u00e1ln\u00edho pou\u017e\u00edv\u00e1n\u00ed (30 hodin za hodinu, jeden m\u011bs\u00edc), ne\u017e v\u00e1m \u0159ekne, \u017ee je t\u0159eba vym\u011bnit baterii s dvojit\u00fdm p\u00edpnut\u00edm p\u0159i ka\u017ed\u00e9m des\u00e1t\u00e9m pulsu. Po uplynut\u00ed t\u00e9to doby se akumul\u00e1tor rozb\u011bhne o dal\u0161\u00edch 70 hodin po dobu p\u0159ibli\u017en\u011b 100 hodin. Pomoc\u00ed p\u0159ep\u00edna\u010de Mag pro zapnut\u00ed a vypnut\u00ed ka\u017ed\u00e9ho letu se to m\u016f\u017ee prom\u00edtnout do jednoho nebo dvou m\u011bs\u00edc\u016f b\u011b\u017en\u00e9ho pou\u017e\u00edv\u00e1n\u00ed na v\u00fdm\u011bnu baterie, p\u0159i\u010dem\u017e je v\u017edy nutn\u00e9 dodr\u017eet bezpe\u010dnou rezervu na t\u0159i dny, aby bylo mo\u017en\u00e9 vyhledat ztracen\u00e9ho pt\u00e1ka.<\/p>\n<p>Baterii m\u016f\u017eete nechat v Micro po dobu a\u017e \u0161esti m\u011bs\u00edc\u016f. Vys\u00edla\u010d sleduje kumulativn\u00ed dobu p\u0159enosu, aby odhadl zb\u00fdvaj\u00edc\u00ed \u017eivotnost baterie, i kdy\u017e nen\u00ed vys\u00edl\u00e1n.<\/p>\n<p>Pokud dost\u00e1v\u00e1te varov\u00e1n\u00ed p\u0159ed dvojit\u00fdm p\u00edpnut\u00edm, je mo\u017en\u00e9, \u017ee se pam\u011b\u0165 uvnit\u0159 vys\u00edla\u010de p\u0159i posledn\u00ed zm\u011bn\u011b baterie nevynulovala. Pro obnoven\u00ed pam\u011bti jednodu\u0161e<\/p>\n<p>a) Zapn\u011bte vys\u00edla\u010d magnetem p\u0159ed v\u00fdm\u011bnou baterie nebo<\/p>\n<p>b) zkratujte kontakty p\u0159i ka\u017ed\u00e9 v\u00fdm\u011bn\u011b baterie.<\/p>\n<p>T\u00edm bude zaji\u0161t\u011bn \u00fapln\u00fd reset \u010dasova\u010de baterie a p\u0159ed spu\u0161t\u011bn\u00edm dvojit\u00e9ho p\u00edpnut\u00ed z\u00edsk\u00e1te spr\u00e1vnou dobu chodu.<\/p>\n<p><strong>ANT\u00c9NA <\/strong><\/p>\n<p>Pro Micro jsou k dispozici jak standardn\u00ed (tenk\u00e9), tak i t\u011b\u017ek\u00e9 (tlust\u00e9) ant\u00e9ny, kter\u00e9 jsou vyrobeny s mal\u00fdm hlin\u00edkov\u00fdm dr\u017e\u00e1kem.<\/p>\n<p><strong>MO\u017dNOST NOHA NEBO OCAS MOUNT<\/strong><br \/>\nPod\u00edv\u00e1te-li se pozorn\u011b na prvn\u00ed obr\u00e1zek v Galerii obr\u00e1zk\u016f, uvid\u00edte, \u017ee existuj\u00ed dva n\u00e1vrhy t\u011bles: 1) pouzdro na upevn\u011bn\u00ed nohy s malou smy\u010dkou Bewit naho\u0159e a hladk\u00fdm h\u0159betem. D\u00edky tomu je verze Leg Mount ide\u00e1ln\u00ed i pro mont\u00e1\u017e na krk a 2) pouzdro na ocasn\u00ed pouzdro, kter\u00e9 m\u00e1 t\u0159i mal\u00e9 sloupky na z\u00e1dech, kter\u00e9 dr\u017e\u00ed ocasn\u00ed pru\u017einu a tak\u00e9 je vym\u011bniteln\u00e9 za pole.<\/p>\n<p>Abychom udr\u017eeli v\u00e1hu na absolutn\u00ed minim\u00e1ln\u00ed, ud\u011bl\u00e1me je tak \u010di onak.<\/p>\n<p><strong>M\u016e\u017dE B\u00ddT TAK\u00c9 POU\u017d\u00cdVANO NA VELK\u00ddCH V\u011aTRECH<\/strong><br \/>\nLze pou\u017e\u00edt jako ocas pro v\u011bt\u0161\u00ed pt\u00e1ky. I kdy\u017e jsou ur\u010deny pro pou\u017eit\u00ed na nejmen\u0161\u00edch pt\u00e1c\u00edch, ka\u017ed\u00fd z n\u00e1s chce m\u00edt po celou dobu co nejmen\u0161\u00ed hmotnost, pokud nen\u00ed u moci v\u00fdznamn\u00e1 ob\u011b\u0165. Je to n\u00e1\u0161 n\u00e1zor, \u017ee Micro se \u010dasem stane z tohoto d\u016fvodu preferovanou volbou ocas\u016f.<\/p>\n<p><strong>Pracuje v <\/strong><b>chladn\u00fdch teplot\u00e1ch<\/b><\/p>\n<p>S novou bateri\u00ed bude Micro pracovat a\u017e do extr\u00e9mn\u011b n\u00edzk\u00fdch teplot (-40F). Baterie v Micro je v\u0161ak velmi mal\u00e1 a jej\u00ed schopnost dod\u00e1vat energii do vys\u00edla\u010de je p\u0159i t\u011bchto teplot\u00e1ch omezena (co\u017e sni\u017euje dobu chodu). P\u0159i l\u00e9t\u00e1n\u00ed v extr\u00e9mn\u011b n\u00edzk\u00fdch teplot\u00e1ch doporu\u010dujeme ka\u017ed\u00fd den pou\u017e\u00edvat novou baterii.<\/p>\n<p><strong>VELK\u00c1 NOV\u00c1 MO\u017dNOST PRO LICEN\u010cN\u00cd HAMY<\/strong><\/p>\n<p>Pro Ameri\u010dany (USA \/ Kanada \/ Mexiko) Z\u00e1kazn\u00edci, kte\u0159\u00ed maj\u00ed licenci HAM, se m\u016f\u017eeme ujistit, \u017ee spln\u00edte po\u017eadavky na pou\u017e\u00edv\u00e1n\u00ed tohoto p\u00e1sma naprogramov\u00e1n\u00edm volac\u00edho znaku do vys\u00edla\u010de. Va\u0161e volac\u00ed zna\u010dka bude vys\u00edl\u00e1na v Morseov\u011b kodexu p\u0159i startu a jednou za deset minut, jak to vy\u017eaduje z\u00e1kon.<\/p>\n<p>Pokud nem\u00e1te licenci pro amat\u00e9rsk\u00e9 r\u00e1dio, m\u016f\u017eete b\u00fdt p\u0159ekvapeni, jak snadn\u00e9 je z\u00edskat. Absolvujte jednoduch\u00fd test, na kter\u00fd si m\u016f\u017eete p\u0159edem prostudovat v\u0161echny odpov\u011bdi, zaplatit deset dolar\u016f as platnost\u00ed 80%, m\u00e1te desetiletou licenci, nov\u00e9 znalosti o r\u00e1diov\u00e9m telemetrii a opr\u00e1vn\u011bn\u00ed k pou\u017eit\u00ed nekomer\u010dn\u00edch kapel (nap\u0159. 433-434) nejen pro sledov\u00e1n\u00ed, ale tak\u00e9 pro komunikaci a nouzov\u00e9 situace.<\/p>\n<p>Pro ty, kte\u0159\u00ed se cht\u011bj\u00ed dozv\u011bd\u011bt, co je pot\u0159eba pro z\u00edsk\u00e1n\u00ed licence HAM, zde je skv\u011bl\u00e9 m\u00edsto, kde za\u010d\u00edt: <a href=\"http:\/\/www.eham.net\/\">Jak z\u00edskat licenci pro amat\u00e9rsk\u00e9 r\u00e1dio<\/a><\/p>\n","protected":false},"excerpt":{"rendered":"<p>Tento mal\u00fd vys\u00edla\u010d je &#8220;Ide\u00e1ln\u00ed ocas Mount&#8221; pro v\u0161echny velikosti pt\u00e1k\u016f. V\u00e1\u017e\u00ed pouze 3,5 gramu s bateri\u00ed, p\u0159esto je st\u0159edn\u00ed rozsah ploch\u00fd design, kter\u00fd v\u00e1\u017e\u00ed pouze 1\/3 v\u00e1hy na jedin\u00e9 ocasn\u00ed pero.<\/p>\n<p>Na rozd\u00edl od jin\u00fdch vys\u00edla\u010d\u016f pou\u017e\u00edvaj\u00edc\u00edch velmi mal\u00e9 baterie, Micro nevymiz\u00ed ani neum\u0159e v situac\u00edch s n\u00edzkou teplotou.<\/p>\n<p>Je ide\u00e1ln\u00ed pro mal\u00e9 specializovan\u00e9 pt\u00e1ky: Merlins, mal\u00e9 hybridy, ost\u0159e vyholen\u00e9 jest\u0159\u00e1by a dal\u0161\u00ed extr\u00e9mn\u011b mal\u00e9 dravce. M\u016f\u017eete si jej objednat s \u201ejemnou\u201c nebo \u201est\u0159edn\u00ed\u201c ant\u00e9nou v z\u00e1vislosti na zam\u00fd\u0161len\u00e9m pou\u017eit\u00ed.<\/p>\n<p>Mikro obsahuje tak\u00e9 magnetick\u00fd p\u0159ep\u00edna\u010d \u201etap on \/ tap off\u201c, 7,5palcovou nebo 9palcovou ant\u00e9nu s neuv\u011b\u0159iteln\u00fdm v\u00fdkonem a v\u00fdkonem. Ka\u017ed\u00e1 jednotka se spaluje po dobu p\u011bti dn\u016f a testuje se od spole\u010dnosti Enviro od + 150F do -40F p\u0159ed odesl\u00e1n\u00edm. Dostupn\u00e9 kmito\u010dty: 216, 217, 218, 219, stejn\u011b jako extr\u00e9mn\u011b v\u00fdkonn\u00e9 nov\u00e9 frekvence UHF (433 a 434).<\/p>\n<div class=\"read-more\"><a href=\"https:\/\/marshallradio.com\/eu\/product\/mikro-vysilac\/?lang=cs\">Read more <span class=\"screen-reader-text\">Mikro vys\u00edla\u010d<\/span><span class=\"meta-nav\"> &#8250;<\/span><\/a><\/div>\n<p><!-- end of .read-more --><\/p>\n","protected":false},"featured_media":44115,"template":"","meta":{"_acf_changed":false},"product_brand":[],"product_cat":[81],"product_tag":[],"class_list":{"0":"post-35225","1":"product","2":"type-product","3":"status-publish","4":"has-post-thumbnail","6":"product_cat-vysilace","7":"product_shipping_class-combine-small-items","9":"first","10":"instock","11":"taxable","12":"shipping-taxable","13":"purchasable","14":"product-type-variable"},"acf":[],"_links":{"self":[{"href":"https:\/\/marshallradio.com\/eu\/wp-json\/wp\/v2\/product\/35225","targetHints":{"allow":["GET"]}}],"collection":[{"href":"https:\/\/marshallradio.com\/eu\/wp-json\/wp\/v2\/product"}],"about":[{"href":"https:\/\/marshallradio.com\/eu\/wp-json\/wp\/v2\/types\/product"}],"wp:featuredmedia":[{"embeddable":true,"href":"https:\/\/marshallradio.com\/eu\/wp-json\/wp\/v2\/media\/44115"}],"wp:attachment":[{"href":"https:\/\/marshallradio.com\/eu\/wp-json\/wp\/v2\/media?parent=35225"}],"wp:term":[{"taxonomy":"product_brand","embeddable":true,"href":"https:\/\/marshallradio.com\/eu\/wp-json\/wp\/v2\/product_brand?post=35225"},{"taxonomy":"product_cat","embeddable":true,"href":"https:\/\/marshallradio.com\/eu\/wp-json\/wp\/v2\/product_cat?post=35225"},{"taxonomy":"product_tag","embeddable":true,"href":"https:\/\/marshallradio.com\/eu\/wp-json\/wp\/v2\/product_tag?post=35225"}],"curies":[{"name":"wp","href":"https:\/\/api.w.org\/{rel}","templated":true}]}}