
{"id":35247,"date":"2018-06-15T21:35:54","date_gmt":"2019-07-11T22:43:08","guid":{"rendered":"http:\/\/marshallradio.com\/eu\/product\/micro-emetteur\/"},"modified":"2023-11-14T21:57:55","modified_gmt":"2023-11-14T21:57:55","slug":"micro-emetteur","status":"publish","type":"product","link":"https:\/\/marshallradio.com\/eu\/product\/micro-emetteur\/?lang=fr","title":{"rendered":"Micro \u00e9metteur"},"content":{"rendered":"<p><strong>TAILLE LA PLUS PETITE, POIDS LE PLUS L\u00c9GER<\/strong><br \/>\nLe Micro est notre plus petit mod\u00e8le d\u2019\u00e9metteur, ne pesant que 3,5 grammes avec la minuscule pile bouton au lithium 1225 3v install\u00e9e. Cependant, sa port\u00e9e d\u00e9passe celle de la plupart des \u00e9metteurs, deux fois ou trois fois sa taille et son poids.<\/p>\n<p><strong>PI\u00c8CES DE QUEUE MICRODIMENSIONN\u00c9ES ET OUTIL D&#8217;INSTALLATION ADAPT\u00c9<\/strong><br \/>\nLe petit morceau de plume de queue est utilis\u00e9 avec l&#8217;outil d&#8217;installation correspondant pour installer rapidement le morceau de queue sur la plume de pont de votre oiseau. Le processus est rapide et simple, causant tr\u00e8s peu de stress \u00e0 l&#8217;oiseau.<\/p>\n<p><strong>LA PLUS PUISSANCE POSSIBLE DEPUIS LA BATTERIE<\/strong><\/p>\n<p>Utilisant des piles au lithium tr\u00e8s petites et l\u00e9g\u00e8res, le micro-\u00e9metteur est con\u00e7u pour \u00e9mettre le plus de puissance possible tout en comprimant le plus efficacement possible les r\u00e9serves de la batterie. \u00c0 la temp\u00e9rature ambiante, le Micro \u00e9met en continu pendant 30 heures d&#8217;utilisation normale (30 vols d&#8217;une heure, un mois) avant de vous demander de changer de pile avec un double bip toutes les dix impulsions. Apr\u00e8s cela, la batterie fonctionne environ 70 heures suppl\u00e9mentaires pour une dur\u00e9e totale d\u2019environ 100 heures. En utilisant l&#8217;interrupteur Mag pour appuyer sur chaque vol, cela pourrait se traduire par un ou deux mois d&#8217;utilisation normale par changement de pile, tout en maintenant toujours une marge de s\u00e9curit\u00e9 de trois jours pour rechercher un oiseau perdu.<\/p>\n<p>Vous pouvez laisser votre batterie dans le Micro jusqu&#8217;\u00e0 six mois. L&#8217;\u00e9metteur suit le temps de transmission cumul\u00e9 pour estimer la dur\u00e9e de vie restante de la batterie, m\u00eame en l&#8217;absence de transmission.<\/p>\n<p>Si vous recevez un double bip pr\u00e9coce, il est possible que la m\u00e9moire \u00e0 l&#8217;int\u00e9rieur de l&#8217;\u00e9metteur n&#8217;ait pas \u00e9t\u00e9 r\u00e9initialis\u00e9e lors du dernier changement de pile. Pour r\u00e9initialiser la m\u00e9moire, simplement soit<\/p>\n<p>a) allumez l&#8217;\u00e9metteur avec l&#8217;aimant avant de changer la pile ou<\/p>\n<p>b) court-circuitez les contacts \u00e0 chaque changement de pile.<\/p>\n<p>Cela garantira une r\u00e9initialisation compl\u00e8te du compteur de la batterie et vous donnera le temps de fonctionnement correct avant que le double bip ne se produise.<\/p>\n<p><strong>ANTENNE <\/strong><\/p>\n<p>Les antennes la norme (fines) et lourdes (\u00e9paisses) sont disponibles pour le Micro, fabriqu\u00e9es avec le minuscule embout en aluminium.<\/p>\n<p><strong>OPTION DE MONTAGE DE JAMBES OU DE QUEUE<\/strong><br \/>\nSi vous regardez de pr\u00e8s la premi\u00e8re image de la galerie d&#8217;images, vous verrez qu&#8217;il existe deux mod\u00e8les de corps: 1) le bo\u00eetier de montage sur jambe avec une petite boucle d\u2019attachement Bewit en haut et un dos lisse. Cela rend la version Montage de jambe \u00e9galement id\u00e9ale pour le montage dans la nuque. 2) le bo\u00eetier de montage arri\u00e8re comprend trois minuscules montants \u00e0 l&#8217;arri\u00e8re pour maintenir le ressort arri\u00e8re et le rendre rempla\u00e7able sur site.<\/p>\n<p>Pour garder le poids au minimum absolu, nous les faisons d&#8217;une mani\u00e8re ou d&#8217;une autre.<\/p>\n<p><strong>Peut aussi \u00eatre utilis\u00e9 sur des oiseaux plus gros<\/strong><br \/>\nPeut \u00eatre utilis\u00e9 comme monture de queue pour les plus gros oiseaux. Bien que con\u00e7us pour \u00eatre utilis\u00e9s sur les tr\u00e8s petits oiseaux, nous souhaitons tous avoir le moins de poids possible \u00e0 tout moment, tant que le pouvoir n\u2019est pas sacrifi\u00e9 de mani\u00e8re significative. Nous sommes d\u2019avis que le micro-ordinateur deviendra, avec le temps, l\u2019option de montage arri\u00e8re pr\u00e9f\u00e9r\u00e9e pour cette raison.<\/p>\n<p><strong>TRAVAUX \u00c0<\/strong><b>TEMP\u00c9RATURES FROIDES<\/b><\/p>\n<p>Avec une nouvelle batterie, le Micro fonctionnera jusqu&#8217;\u00e0 des temp\u00e9ratures extr\u00eamement froides (-40F). Cependant, la batterie du Micro est tr\u00e8s petite et sa capacit\u00e9 \u00e0 fournir de l&#8217;\u00e9nergie \u00e0 l&#8217;\u00e9metteur est limit\u00e9e \u00e0 ces temp\u00e9ratures (ce qui r\u00e9duit le temps de fonctionnement). Nous vous recommandons d\u2019utiliser une nouvelle batterie tous les jours lorsque vous voyagez par temps extr\u00eamement froid.<\/p>\n<p><strong>UNE NOUVELLE GRANDE OPTION POUR LES JAMBONS SOUS LICENCE<\/strong><\/p>\n<p>Pour les clients am\u00e9ricains (\u00c9tats-Unis \/ Canada \/ Mexique) disposant d&#8217;une licence HAM, nous pouvons nous assurer que vous vous conformez aux exigences d&#8217;utilisation de cette bande en programmant votre indicatif d&#8217;appel dans l&#8217;\u00e9metteur. Votre indicatif d&#8217;appel sera diffus\u00e9 en code Morse au d\u00e9marrage et toutes les dix minutes, conform\u00e9ment \u00e0 la loi.<\/p>\n<p>Si vous n&#8217;avez pas de licence de radioamateur, vous serez peut-\u00eatre surpris de la facilit\u00e9 avec laquelle vous pouvez en obtenir une. Passez un test simple pour lequel vous pouvez \u00e9tudier toutes les r\u00e9ponses \u00e0 l&#8217;avance, payez 10 dollars et avec une note de passage de 80%, vous disposez d&#8217;une licence de 10 ans, de nouvelles connaissances en mati\u00e8re de radio t\u00e9l\u00e9m\u00e9trie et l&#8217;autorisation d&#8217;utiliser les bandes non commerciales (tels que 433-434) non seulement pour le suivi, mais aussi pour la communication et les urgences.<\/p>\n<p>Pour ceux qui souhaitent savoir ce qui est n\u00e9cessaire pour obtenir une licence HAM, voici un excellent point de d\u00e9part: <a href=\"http:\/\/www.eham.net\/\">Comment obtenir votre licence de radioamateur<\/a><\/p>\n","protected":false},"excerpt":{"rendered":"<p>Cet \u00e9metteur minuscule est le &#8220;montage id\u00e9al pour la queue&#8221; pour tous les oiseaux de taille. Il ne p\u00e8se que 3,5 grammes avec la batterie, mais son design plat \u00e0 moyenne port\u00e9e ne repr\u00e9sente que 1\/3 du poids sur une seule plume de queue.<\/p>\n<p>Contrairement aux autres \u00e9metteurs utilisant de tr\u00e8s petites piles, le Micro ne s&#8217;efface pas et ne meurt pas \u00e0 basse temp\u00e9rature.<\/p>\n<p>Il est parfait pour les petits oiseaux de sp\u00e9cialit\u00e9: Merlins, petits hybrides, faucons \u00e0 t\u00eate fine et autres rapaces extr\u00eamement petits. Vous pouvez le commander avec une antenne &#8220;fine&#8221; ou &#8220;moyenne&#8221;, en fonction de l&#8217;utilisation pr\u00e9vue.<\/p>\n<p>Le Micro contient \u00e9galement le commutateur magn\u00e9tique \u00abtap on \/ tap off\u00bb, une antenne demi-longueur de 7,5 ou 9 pouces avec une puissance et une efficacit\u00e9 incroyables. Chaque unit\u00e9 est br\u00fbl\u00e9e pendant cinq jours et test\u00e9e par Enviro de + 150 \u00b0 F \u00e0 -40 \u00b0 F avant exp\u00e9dition. Fr\u00e9quences disponibles: 216, 217, 218, 219, ainsi que les nouvelles fr\u00e9quences extr\u00eamement puissantes UHF (433 et 434).<\/p>\n<div class=\"read-more\"><a href=\"https:\/\/marshallradio.com\/eu\/product\/micro-emetteur\/?lang=fr\">Read more <span class=\"screen-reader-text\">Micro \u00e9metteur<\/span><span class=\"meta-nav\"> &#8250;<\/span><\/a><\/div>\n<p><!-- end of .read-more --><\/p>\n","protected":false},"featured_media":44117,"template":"","meta":{"_acf_changed":false},"product_brand":[],"product_cat":[85],"product_tag":[],"class_list":{"0":"post-35247","1":"product","2":"type-product","3":"status-publish","4":"has-post-thumbnail","6":"product_cat-emetteurs","7":"product_shipping_class-combine-small-items","9":"first","10":"instock","11":"taxable","12":"shipping-taxable","13":"purchasable","14":"product-type-variable"},"acf":[],"_links":{"self":[{"href":"https:\/\/marshallradio.com\/eu\/wp-json\/wp\/v2\/product\/35247","targetHints":{"allow":["GET"]}}],"collection":[{"href":"https:\/\/marshallradio.com\/eu\/wp-json\/wp\/v2\/product"}],"about":[{"href":"https:\/\/marshallradio.com\/eu\/wp-json\/wp\/v2\/types\/product"}],"wp:featuredmedia":[{"embeddable":true,"href":"https:\/\/marshallradio.com\/eu\/wp-json\/wp\/v2\/media\/44117"}],"wp:attachment":[{"href":"https:\/\/marshallradio.com\/eu\/wp-json\/wp\/v2\/media?parent=35247"}],"wp:term":[{"taxonomy":"product_brand","embeddable":true,"href":"https:\/\/marshallradio.com\/eu\/wp-json\/wp\/v2\/product_brand?post=35247"},{"taxonomy":"product_cat","embeddable":true,"href":"https:\/\/marshallradio.com\/eu\/wp-json\/wp\/v2\/product_cat?post=35247"},{"taxonomy":"product_tag","embeddable":true,"href":"https:\/\/marshallradio.com\/eu\/wp-json\/wp\/v2\/product_tag?post=35247"}],"curies":[{"name":"wp","href":"https:\/\/api.w.org\/{rel}","templated":true}]}}