
{"id":35290,"date":"2018-06-15T21:04:15","date_gmt":"2019-07-12T19:39:35","guid":{"rendered":"http:\/\/marshallradio.com\/eu\/product\/transmetteur-uhf-scout\/"},"modified":"2021-04-21T18:58:33","modified_gmt":"2021-04-21T18:58:33","slug":"scout-uhf-transmetteur","status":"publish","type":"product","link":"https:\/\/marshallradio.com\/eu\/product\/scout-uhf-transmetteur\/?lang=fr","title":{"rendered":"Transmetteur UHF Scout"},"content":{"rendered":"<p><strong>CONCEPTION<\/strong><br \/>\nLe nouveau Scout \u00e9tait \u00e0 l\u2019origine destin\u00e9 \u00e0 \u00eatre l\u2019option d\u2019\u00e9metteur id\u00e9ale pour le Hawker \u00e0 voilure courte, offrant la meilleure combinaison de port\u00e9e, de taille, de longue dur\u00e9e de vie de la batterie et de faible co\u00fbt que ce groupe recherche.<\/p>\n<p>Lors de la cr\u00e9ation de la version Turbo du Scout, un objectif cl\u00e9 de la conception consistait \u00e0 fournir une autre option de transmetteur haute puissance en UHF: une conception plate et profil\u00e9e id\u00e9ale pour les m\u00e9thodes de montage dorsal (queue et sac \u00e0 dos). Cela donne \u00e9galement la possibilit\u00e9 de personnaliser le grand couvercle plat avec les noms ou les num\u00e9ros de clients, et d\u2019\u00e9liminer le besoin d\u2019une autre &#8220;\u00e9tiquette perdue&#8221; sur la jambe.<\/p>\n<p><strong>Comme une jambe de montage<\/strong><br \/>\nPour les plus grands oiseaux tels que les Harris Hawks, les Goshawks et les Redtail Hawks de Harris, le Scout constitue un support id\u00e9al pour la jambe avec son poids r\u00e9duit et son antenne courte. Ce support peut \u00e9galement \u00eatre utilis\u00e9 pour le cou.<\/p>\n<p>Lorsque command\u00e9 dans cet emballage, il y a une fente Bewit de taille g\u00e9n\u00e9reuse sur le dessus et le bo\u00eetier est plat et lisse des deux c\u00f4t\u00e9s.<\/p>\n<p><strong>Comme un montage de queue<\/strong><br \/>\nLorsque vous commandez un Scout en montage sur queue, il est livr\u00e9 avec un petit ressort fix\u00e9 au bas du bo\u00eetier. Le bo\u00eetier est usin\u00e9 avec trois minuscules poteaux de r\u00e9tention sur le dessous qui maintiennent le ressort arri\u00e8re en place. Ce montage peut \u00e9galement \u00eatre utilis\u00e9 pour appliquer \u00e0 un TrackPack.<\/p>\n<p>La forme plate et l&#8217;antenne courte de 7 pouces le rendent id\u00e9al pour un &#8220;montage dorsal&#8221; comme le Tail ou le TrackPack<\/p>\n<p>La fixation de la fente Bewit fait toujours partie du bo\u00eetier, de sorte qu&#8217;en cas d&#8217;urgence (ou si le ressort se brise pour une raison quelconque), vous pouvez toujours utiliser l&#8217;\u00e9metteur comme support de jambe temporairement.<\/p>\n","protected":false},"excerpt":{"rendered":"<p>&nbsp;<\/p>\n<p>La version UHF de Scout est con\u00e7ue pour \u00eatre utilis\u00e9e avec les faucons de grande taille, tels que Redtails, Goshawks et Harris &#8216;Hawks. Cependant, lorsqu&#8217;il est mont\u00e9 sur un TrackPack, il peut \u00eatre utilis\u00e9 par des oiseaux aussi petits qu&#8217;un p\u00e8lerin tiercel.<\/p>\n<ul>\n<li>Fonctionne 12 jours avec une seule batterie<\/li>\n<li>Quatre fois la puissance du Scout ordinaire<\/li>\n<li>P\u00e8se encore que 9 grammes<\/li>\n<li>Utilise une antenne courte de 7 pouces<\/li>\n<li>Ligne de vis\u00e9e de soixante milles<\/li>\n<li>Fr\u00e9quences: 433, 434<\/li>\n<li>Pile bouton au lithium 2032 largement disponible partout<\/li>\n<p>Scout kan zowel als staart- als beenbevestiging worden gebruikt.\n<\/ul>\n<p>&nbsp;<\/p>\n<p>&nbsp;<\/p>\n<div class=\"read-more\"><a href=\"https:\/\/marshallradio.com\/eu\/product\/scout-uhf-transmetteur\/?lang=fr\">Read more <span class=\"screen-reader-text\">Transmetteur UHF Scout<\/span><span class=\"meta-nav\"> &#8250;<\/span><\/a><\/div>\n<p><!-- end of .read-more --><\/p>\n","protected":false},"featured_media":44131,"template":"","meta":{"_acf_changed":false},"product_brand":[],"product_cat":[85],"product_tag":[],"class_list":{"0":"post-35290","1":"product","2":"type-product","3":"status-publish","4":"has-post-thumbnail","6":"product_cat-emetteurs","8":"first","9":"instock","10":"taxable","11":"shipping-taxable","12":"purchasable","13":"product-type-variable"},"acf":[],"_links":{"self":[{"href":"https:\/\/marshallradio.com\/eu\/wp-json\/wp\/v2\/product\/35290","targetHints":{"allow":["GET"]}}],"collection":[{"href":"https:\/\/marshallradio.com\/eu\/wp-json\/wp\/v2\/product"}],"about":[{"href":"https:\/\/marshallradio.com\/eu\/wp-json\/wp\/v2\/types\/product"}],"wp:featuredmedia":[{"embeddable":true,"href":"https:\/\/marshallradio.com\/eu\/wp-json\/wp\/v2\/media\/44131"}],"wp:attachment":[{"href":"https:\/\/marshallradio.com\/eu\/wp-json\/wp\/v2\/media?parent=35290"}],"wp:term":[{"taxonomy":"product_brand","embeddable":true,"href":"https:\/\/marshallradio.com\/eu\/wp-json\/wp\/v2\/product_brand?post=35290"},{"taxonomy":"product_cat","embeddable":true,"href":"https:\/\/marshallradio.com\/eu\/wp-json\/wp\/v2\/product_cat?post=35290"},{"taxonomy":"product_tag","embeddable":true,"href":"https:\/\/marshallradio.com\/eu\/wp-json\/wp\/v2\/product_tag?post=35290"}],"curies":[{"name":"wp","href":"https:\/\/api.w.org\/{rel}","templated":true}]}}