
{"id":35295,"date":"2018-06-15T21:04:15","date_gmt":"2019-07-12T19:45:55","guid":{"rendered":"http:\/\/marshallradio.com\/eu\/product\/scout-uhf-trasmettitore\/"},"modified":"2021-04-21T18:59:00","modified_gmt":"2021-04-21T18:59:00","slug":"esploratore-uhf-trasmettitore","status":"publish","type":"product","link":"https:\/\/marshallradio.com\/eu\/product\/esploratore-uhf-trasmettitore\/?lang=it","title":{"rendered":"Scout UHF Trasmettitore"},"content":{"rendered":"<p><strong>DESIGN<\/strong><br \/>\nIl nuovo Scout era originariamente concepito per essere l&#8217;opzione di trasmettitore ideale per l&#8217;Hawker ad ala corta, con la migliore combinazione di portata, dimensioni, lunga durata della batteria e basso costo di questo gruppo.<\/p>\n<p>Un obiettivo chiave del design nella creazione della versione Turbo dello Scout era di fornire un&#8217;altra opzione di trasmettitore ad alta potenza in UHF che fosse un design piatto a basso profilo, che \u00e8 il migliore per i metodi di montaggio dorsale (coda e zaino). Questo d\u00e0 anche la possibilit\u00e0 di personalizzare il grande coperchio piatto con nomi o numeri di clienti, ed eliminando la necessit\u00e0 di un altro &#8220;Etichetta Uccello perduto&#8221; sulla gamba.<\/p>\n<p><strong>COME UN SUPPORTO DI GAMBE<\/strong><br \/>\nPer gli uccelli pi\u00f9 grandi come Harris &#8216;Hawks, Goshawks e Redtail Hawks, lo Scout fa un attacco gamba ideale con il suo peso leggero e l&#8217;antenna corta. Questo supporto pu\u00f2 essere utilizzato anche per il collo.<\/p>\n<p>Quando ordinato in questo pacchetto, vi \u00e8 uno slot Bewit di dimensioni generose nella parte superiore e la cassa \u00e8 piatta e liscia su entrambi i lati.<\/p>\n<p><strong>COME UN SUPPORTO CODA<\/strong><br \/>\nQuando si ordina un Scout come attacco per la coda, viene fornito con una piccola molla attaccata al fondo della custodia. La cassa \u00e8 lavorata con tre minuscoli pali di ritenzione sul lato inferiore che fissano la molla di coda in posizione. Questa montatura pu\u00f2 anche essere utilizzata per applicare a un TrackPack.<\/p>\n<p>La forma piatta e l&#8217;antenna corta da 7 pollici lo rendono ideale per un &#8220;attacco dorsale&#8221; come la coda o il trackpack.<\/p>\n<p>L&#8217;allegato dello slot Bewit fa ancora parte del caso, quindi in caso di emergenza (o se la molla si \u00e8 rotta per qualche motivo) \u00e8 possibile utilizzare temporaneamente il trasmettitore come attacco per la gamba.<\/p>\n","protected":false},"excerpt":{"rendered":"<p>&nbsp;<\/p>\n<p>La versione Scout UHF \u00e8 progettata per l&#8217;uso con i falchi pi\u00f9 grandi, come Redtail, Goshawks e Harris &#8216;Hawks. Tuttavia, quando montato su un TrackPack pu\u00f2 essere utilizzato da uccelli piccoli come un peregrino tiercel.<\/p>\n<ul>\n<li>Funziona 12 giorni con una sola batteria<\/li>\n<li>Quattro volte la potenza del normale Scout<\/li>\n<li>Pesa ancora solo 9 grammi<\/li>\n<li>Utilizza una breve antenna da 7 pollici<\/li>\n<li>Gamma di vedute di sessanta miglia<\/li>\n<li>Frequenze: 433, 434<\/li>\n<li>2032 batteria a bottone al litio ampiamente disponibile ovunque<\/li>\n<p>Scout pu\u00f2 essere utilizzato sia come supporto per coda che per gamba.\n<\/ul>\n<p>&nbsp;<\/p>\n<p>&nbsp;<\/p>\n<div class=\"read-more\"><a href=\"https:\/\/marshallradio.com\/eu\/product\/esploratore-uhf-trasmettitore\/?lang=it\">Read more <span class=\"screen-reader-text\">Scout UHF Trasmettitore<\/span><span class=\"meta-nav\"> &#8250;<\/span><\/a><\/div>\n<p><!-- end of .read-more --><\/p>\n","protected":false},"featured_media":44133,"template":"","meta":{"_acf_changed":false},"product_brand":[],"product_cat":[89],"product_tag":[],"class_list":{"0":"post-35295","1":"product","2":"type-product","3":"status-publish","4":"has-post-thumbnail","6":"product_cat-trasmettitori","8":"first","9":"instock","10":"taxable","11":"shipping-taxable","12":"purchasable","13":"product-type-variable"},"acf":[],"_links":{"self":[{"href":"https:\/\/marshallradio.com\/eu\/wp-json\/wp\/v2\/product\/35295","targetHints":{"allow":["GET"]}}],"collection":[{"href":"https:\/\/marshallradio.com\/eu\/wp-json\/wp\/v2\/product"}],"about":[{"href":"https:\/\/marshallradio.com\/eu\/wp-json\/wp\/v2\/types\/product"}],"wp:featuredmedia":[{"embeddable":true,"href":"https:\/\/marshallradio.com\/eu\/wp-json\/wp\/v2\/media\/44133"}],"wp:attachment":[{"href":"https:\/\/marshallradio.com\/eu\/wp-json\/wp\/v2\/media?parent=35295"}],"wp:term":[{"taxonomy":"product_brand","embeddable":true,"href":"https:\/\/marshallradio.com\/eu\/wp-json\/wp\/v2\/product_brand?post=35295"},{"taxonomy":"product_cat","embeddable":true,"href":"https:\/\/marshallradio.com\/eu\/wp-json\/wp\/v2\/product_cat?post=35295"},{"taxonomy":"product_tag","embeddable":true,"href":"https:\/\/marshallradio.com\/eu\/wp-json\/wp\/v2\/product_tag?post=35295"}],"curies":[{"name":"wp","href":"https:\/\/api.w.org\/{rel}","templated":true}]}}