
{"id":35306,"date":"2018-06-15T20:25:34","date_gmt":"2019-07-12T20:00:55","guid":{"rendered":"http:\/\/marshallradio.com\/eu\/product\/poustni-tvrde-pouzdro\/"},"modified":"2023-03-15T17:12:43","modified_gmt":"2023-03-15T17:12:43","slug":"poustni-tvrde-pouzdro","status":"publish","type":"product","link":"https:\/\/marshallradio.com\/eu\/product\/poustni-tvrde-pouzdro\/?lang=cs","title":{"rendered":"Pou\u0161tn\u00ed tvrd\u00e9 pouzdro"},"content":{"rendered":"<p><iframe loading=\"lazy\" title=\"New Desert Case - Mini\" src=\"https:\/\/player.vimeo.com\/video\/173808122?dnt=1&#038;app_id=122963\" width=\"750\" height=\"422\" frameborder=\"0\" allow=\"autoplay; fullscreen\" allowfullscreen><\/iframe><\/p>\n","protected":false},"excerpt":{"rendered":"<p>Udr\u017eujte v\u0161echny sv\u00e9 komponenty na jednom m\u00edst\u011b ve vzduchot\u011bsn\u00e9m a vodot\u011bsn\u00e9m proveden\u00ed, kter\u00e9 se m\u016f\u017ee celou sez\u00f3nu ot\u00e1\u010det kolem zadn\u00ed \u010d\u00e1sti jest\u0159\u00e1bov\u00e9 plo\u0161iny. Za\u0159\u00edzen\u00ed je bezpe\u010dn\u011b ulo\u017eeno uvnit\u0159 a m\u016f\u017eete jej sprejovat p\u0159i myt\u00ed aut, aby vypadalo \u00fapln\u011b nov\u00e9.<\/p>\n<p>K dispozici jsou dv\u011b verze pouzdra Desert Hard, kter\u00e9 chr\u00e1n\u00ed v\u00e1\u0161 nov\u00fd syst\u00e9m GPS. Mini se hod\u00ed k va\u0161emu GPS syst\u00e9mu, kter\u00fd zahrnuje GPS vys\u00edla\u010d, kapesn\u00ed spojku, nab\u00edje\u010dku, magnetickou h\u016flku a p\u0159\u00edslu\u0161enstv\u00ed. Pln\u00e1 velikost tak\u00e9 vybav\u00ed v\u00e1\u0161 Field Marshall UHF sledovac\u00ed p\u0159ij\u00edma\u010d.<\/p>\n<p>M\u00e1me tak\u00e9 pou\u0161tn\u00ed pouzdra k dispozici pro va\u0161e Field Marshall p\u0159ij\u00edma\u010de.<\/p>\n<div class=\"read-more\"><a href=\"https:\/\/marshallradio.com\/eu\/product\/poustni-tvrde-pouzdro\/?lang=cs\">Read more <span class=\"screen-reader-text\">Pou\u0161tn\u00ed tvrd\u00e9 pouzdro<\/span><span class=\"meta-nav\"> &#8250;<\/span><\/a><\/div>\n<p><!-- end of .read-more --><\/p>\n","protected":false},"featured_media":44228,"template":"","meta":{"_acf_changed":false},"product_brand":[],"product_cat":[59],"product_tag":[],"class_list":{"0":"post-35306","1":"product","2":"type-product","3":"status-publish","4":"has-post-thumbnail","6":"product_cat-worldwide-accessories-excluding-gulf","8":"first","9":"instock","10":"taxable","11":"shipping-taxable","12":"purchasable","13":"product-type-variable"},"acf":[],"_links":{"self":[{"href":"https:\/\/marshallradio.com\/eu\/wp-json\/wp\/v2\/product\/35306","targetHints":{"allow":["GET"]}}],"collection":[{"href":"https:\/\/marshallradio.com\/eu\/wp-json\/wp\/v2\/product"}],"about":[{"href":"https:\/\/marshallradio.com\/eu\/wp-json\/wp\/v2\/types\/product"}],"wp:featuredmedia":[{"embeddable":true,"href":"https:\/\/marshallradio.com\/eu\/wp-json\/wp\/v2\/media\/44228"}],"wp:attachment":[{"href":"https:\/\/marshallradio.com\/eu\/wp-json\/wp\/v2\/media?parent=35306"}],"wp:term":[{"taxonomy":"product_brand","embeddable":true,"href":"https:\/\/marshallradio.com\/eu\/wp-json\/wp\/v2\/product_brand?post=35306"},{"taxonomy":"product_cat","embeddable":true,"href":"https:\/\/marshallradio.com\/eu\/wp-json\/wp\/v2\/product_cat?post=35306"},{"taxonomy":"product_tag","embeddable":true,"href":"https:\/\/marshallradio.com\/eu\/wp-json\/wp\/v2\/product_tag?post=35306"}],"curies":[{"name":"wp","href":"https:\/\/api.w.org\/{rel}","templated":true}]}}