
{"id":35318,"date":"2018-06-15T20:25:34","date_gmt":"2019-07-12T20:09:53","guid":{"rendered":"http:\/\/marshallradio.com\/eu\/product\/desert-etui-rigide\/"},"modified":"2023-03-15T17:13:11","modified_gmt":"2023-03-15T17:13:11","slug":"desert-etui-rigide","status":"publish","type":"product","link":"https:\/\/marshallradio.com\/eu\/product\/desert-etui-rigide\/?lang=fr","title":{"rendered":"D\u00e9sert \u00c9tui rigide"},"content":{"rendered":"<p><iframe loading=\"lazy\" title=\"New Desert Case - Mini\" src=\"https:\/\/player.vimeo.com\/video\/173808122?dnt=1&#038;app_id=122963\" width=\"750\" height=\"422\" frameborder=\"0\" allow=\"autoplay; fullscreen\" allowfullscreen><\/iframe><\/p>\n","protected":false},"excerpt":{"rendered":"<p>Conservez tous vos composants au m\u00eame endroit dans une conception \u00e9tanche \u00e0 l\u2019air et \u00e0 l\u2019eau qui peut basculer \u00e0 l\u2019arri\u00e8re d\u2019une plate-forme de colportage toute la saison. Le mat\u00e9riel est rang\u00e9 en toute s\u00e9curit\u00e9 \u00e0 l&#8217;int\u00e9rieur et vous pouvez le vaporiser dans le lave-auto pour lui donner un nouveau look.<\/p>\n<p>Deux versions du bo\u00eetier D\u00e9sert Difficile sont disponibles pour h\u00e9berger et prot\u00e9ger votre nouveau syst\u00e8me GPS. La Mini convient \u00e0 votre syst\u00e8me GPS. Elle comprend l\u2019\u00e9metteur GPS, le Pocketlink, le kit chargeur, la baguette magn\u00e9tique et les accessoires. La taille normale \u00e9quipera \u00e9galement votre r\u00e9cepteur de suivi UHF Field Marshall.<\/p>\n<p>Nous avons \u00e9galement des cas de d\u00e9sert disponibles pour adapter vos r\u00e9cepteurs Field Marshall.<\/p>\n<div class=\"read-more\"><a href=\"https:\/\/marshallradio.com\/eu\/product\/desert-etui-rigide\/?lang=fr\">Read more <span class=\"screen-reader-text\">D\u00e9sert \u00c9tui rigide<\/span><span class=\"meta-nav\"> &#8250;<\/span><\/a><\/div>\n<p><!-- end of .read-more --><\/p>\n","protected":false},"featured_media":44230,"template":"","meta":{"_acf_changed":false},"product_brand":[],"product_cat":[61],"product_tag":[],"class_list":{"0":"post-35318","1":"product","2":"type-product","3":"status-publish","4":"has-post-thumbnail","6":"product_cat-worldwide-accessories-excluding-gulf-fr","8":"first","9":"instock","10":"taxable","11":"shipping-taxable","12":"purchasable","13":"product-type-variable"},"acf":[],"_links":{"self":[{"href":"https:\/\/marshallradio.com\/eu\/wp-json\/wp\/v2\/product\/35318","targetHints":{"allow":["GET"]}}],"collection":[{"href":"https:\/\/marshallradio.com\/eu\/wp-json\/wp\/v2\/product"}],"about":[{"href":"https:\/\/marshallradio.com\/eu\/wp-json\/wp\/v2\/types\/product"}],"wp:featuredmedia":[{"embeddable":true,"href":"https:\/\/marshallradio.com\/eu\/wp-json\/wp\/v2\/media\/44230"}],"wp:attachment":[{"href":"https:\/\/marshallradio.com\/eu\/wp-json\/wp\/v2\/media?parent=35318"}],"wp:term":[{"taxonomy":"product_brand","embeddable":true,"href":"https:\/\/marshallradio.com\/eu\/wp-json\/wp\/v2\/product_brand?post=35318"},{"taxonomy":"product_cat","embeddable":true,"href":"https:\/\/marshallradio.com\/eu\/wp-json\/wp\/v2\/product_cat?post=35318"},{"taxonomy":"product_tag","embeddable":true,"href":"https:\/\/marshallradio.com\/eu\/wp-json\/wp\/v2\/product_tag?post=35318"}],"curies":[{"name":"wp","href":"https:\/\/api.w.org\/{rel}","templated":true}]}}