
{"id":35330,"date":"2018-06-15T20:25:34","date_gmt":"2019-07-12T20:17:35","guid":{"rendered":"http:\/\/marshallradio.com\/eu\/product\/estuche-rigido-del-desierto\/"},"modified":"2023-03-15T17:13:48","modified_gmt":"2023-03-15T17:13:48","slug":"estuche-rigido-del-desierto","status":"publish","type":"product","link":"https:\/\/marshallradio.com\/eu\/product\/estuche-rigido-del-desierto\/?lang=es","title":{"rendered":"Estuche r\u00edgido del desierto"},"content":{"rendered":"<p><iframe loading=\"lazy\" title=\"New Desert Case - Mini\" src=\"https:\/\/player.vimeo.com\/video\/173808122?dnt=1&#038;app_id=122963\" width=\"750\" height=\"422\" frameborder=\"0\" allow=\"autoplay; fullscreen\" allowfullscreen><\/iframe><\/p>\n","protected":false},"excerpt":{"rendered":"<p>Mantenga todos sus componentes en un solo lugar en un dise\u00f1o herm\u00e9tico e impermeable que pueda volcarse en la parte trasera de una plataforma vendiendo toda la temporada. El equipo se almacena de manera segura en el interior y se puede rociar en el lavadero de autos para lucir como nuevo nuevamente.<\/p>\n<p>Hay dos versiones de la funda Desierto duro disponibles para alojar y proteger su nuevo sistema GPS. El Mini se adapta a su sistema GPS, que incluye el transmisor GPS, el enlace de bolsillo, el kit de cargador, la varita magn\u00e9tica y los accesorios. El tama\u00f1o completo tambi\u00e9n equipar\u00e1 su receptor de seguimiento UHF Field Marshall.<\/p>\n<p>Tambi\u00e9n tenemos cajas disponibles en el desierto para adaptarse a sus receptores Field Marshall.<\/p>\n<div class=\"read-more\"><a href=\"https:\/\/marshallradio.com\/eu\/product\/estuche-rigido-del-desierto\/?lang=es\">Read more <span class=\"screen-reader-text\">Estuche r\u00edgido del desierto<\/span><span class=\"meta-nav\"> &#8250;<\/span><\/a><\/div>\n<p><!-- end of .read-more --><\/p>\n","protected":false},"featured_media":44233,"template":"","meta":{"_acf_changed":false},"product_brand":[],"product_cat":[64],"product_tag":[],"class_list":{"0":"post-35330","1":"product","2":"type-product","3":"status-publish","4":"has-post-thumbnail","6":"product_cat-worldwide-accessories-excluding-gulf-es","8":"first","9":"instock","10":"taxable","11":"shipping-taxable","12":"purchasable","13":"product-type-variable"},"acf":[],"_links":{"self":[{"href":"https:\/\/marshallradio.com\/eu\/wp-json\/wp\/v2\/product\/35330","targetHints":{"allow":["GET"]}}],"collection":[{"href":"https:\/\/marshallradio.com\/eu\/wp-json\/wp\/v2\/product"}],"about":[{"href":"https:\/\/marshallradio.com\/eu\/wp-json\/wp\/v2\/types\/product"}],"wp:featuredmedia":[{"embeddable":true,"href":"https:\/\/marshallradio.com\/eu\/wp-json\/wp\/v2\/media\/44233"}],"wp:attachment":[{"href":"https:\/\/marshallradio.com\/eu\/wp-json\/wp\/v2\/media?parent=35330"}],"wp:term":[{"taxonomy":"product_brand","embeddable":true,"href":"https:\/\/marshallradio.com\/eu\/wp-json\/wp\/v2\/product_brand?post=35330"},{"taxonomy":"product_cat","embeddable":true,"href":"https:\/\/marshallradio.com\/eu\/wp-json\/wp\/v2\/product_cat?post=35330"},{"taxonomy":"product_tag","embeddable":true,"href":"https:\/\/marshallradio.com\/eu\/wp-json\/wp\/v2\/product_tag?post=35330"}],"curies":[{"name":"wp","href":"https:\/\/api.w.org\/{rel}","templated":true}]}}