
{"id":35350,"date":"2018-06-15T17:20:01","date_gmt":"2019-07-12T20:41:56","guid":{"rendered":"http:\/\/marshallradio.com\/eu\/product\/kit-de-batterie-rechargeable-gps\/"},"modified":"2021-04-21T18:27:23","modified_gmt":"2021-04-21T18:27:23","slug":"rt-gps-rechargeable-battery-kit","status":"publish","type":"product","link":"https:\/\/marshallradio.com\/eu\/product\/rt-gps-rechargeable-battery-kit\/?lang=fr","title":{"rendered":"Kit de batterie rechargeable GPS"},"content":{"rendered":"<p><strong>Conception int\u00e9grale<\/strong><br \/>\nLes piles rechargeables Marshall Radio sont incorpor\u00e9es en permanence dans le couvercle, offrant un design simple, robuste et monobloc. Il suffit de visser sur votre \u00e9metteur et l\u2019ex\u00e9cuter. Vissez-le \u00e0 votre chargeur et attendez que le voyant vert indique une charge compl\u00e8te et pr\u00eat \u00e0 \u00eatre r\u00e9utilis\u00e9. Un circuit de protection \u00e0 l\u2019int\u00e9rieur du couvercle vous maintient en s\u00e9curit\u00e9.<\/p>\n<p><strong>Plusieurs options pour correspondre \u00e0 votre m\u00e9thode de montage pr\u00e9f\u00e9r\u00e9e<\/strong><br \/>\nEn tant que seul \u00e9metteur GPS au monde suffisamment petit pour \u00eatre utilis\u00e9 sur la jambe ou la queue, nous avons cr\u00e9\u00e9 trois types de couvercle de batterie: 1) couvercle de balle, utilis\u00e9 pour le montage TrackPack ou talon, 2) style traditionnel Bewit pour la fixation des jambes, et 3) la nouvelle conception de poteau \u00e0 visser d\u2019EZ TWIST maintenant utilis\u00e9e par les fauteurs du monde entier.<\/p>\n<p><strong>Conception de charge rapide<\/strong><br \/>\nLe chargeur remplira une batterie \u00e9puis\u00e9e en moins de deux heures, mais pour une utilisation normale o\u00f9 la batterie est utilis\u00e9e pendant moins d\u2019une heure, la batterie peut \u00eatre surmont\u00e9e en quelques minutes.<\/p>\n<p><strong>Gamme am\u00e9lior\u00e9e<\/strong><br \/>\nAvec la tension de fonctionnement plus \u00e9lev\u00e9e des batteries rechargeables, vous pouvez remarquer jusqu\u2019\u00e0 un 50 am\u00e9lioration de la port\u00e9e.<\/p>\n<p><strong>Am\u00e9lioration de la performance par temps froid<\/strong><br \/>\n80 capacit\u00e9 de la batterie \u00e0-20C.<\/p>\n<p><strong>Pas d\u2019utilisation du stress<\/strong><br \/>\nRedescendez-les autant de fois que vous le souhaitez (pas de m\u00e9moire) ou laissez-les branch\u00e9s, sans risque de dommages.<\/p>\n<p><strong>Temps d&#8217;ex\u00e9cution<\/strong><br \/>\nBatterie au lithium-polym\u00e8re fonctionne approximativement le m\u00eame laps de temps que le 1\/3N.<\/p>\n","protected":false},"excerpt":{"rendered":"<p>Am\u00e9liorez votre syst\u00e8me GPS 2015-2017 avec des piles rechargeables<\/p>\n<p>Le kit de batterie rechargeable a \u00e9t\u00e9 sp\u00e9cialement con\u00e7u pour le RT-GPS afin de vous permettre de d\u00e9marrer chaque vol avec une nouvelle batterie, \u00e0 chaque fois.<\/p>\n<p><strong>Remarque: le kit est livr\u00e9 en standard avec les syst\u00e8mes GPS<\/strong><\/p>\n<p><strong>Le kit de batterie rechargeable comprend:<\/strong><\/p>\n<p>&#8211; Unit\u00e9 de charge<br \/>\n&#8211; deux batteries<br \/>\n&#8211; C\u00e2ble de charge USB (comprend un cache pour prot\u00e9ger la prise non utilis\u00e9e)<br \/>\n&#8211; Ajouter une troisi\u00e8me batterie<\/p>\n<p>Remarque: fonctionnera \u00e9galement avec certains \u00e9metteurs de t\u00e9l\u00e9m\u00e9trie Falconry RT et RT Turbo (2018 et plus r\u00e9cents). Ne charge pas les batteries 1 \/ 3N. Le kit standard sera livr\u00e9 avec des piles bleues. Sp\u00e9cifiez dans les notes si vous utilisez pour la t\u00e9l\u00e9m\u00e9trie compatible afin que nous puissions mieux faire correspondre la couleur pr\u00e9f\u00e9r\u00e9e.<\/p>\n<div class=\"read-more\"><a href=\"https:\/\/marshallradio.com\/eu\/product\/rt-gps-rechargeable-battery-kit\/?lang=fr\">Read more <span class=\"screen-reader-text\">Kit de batterie rechargeable GPS<\/span><span class=\"meta-nav\"> &#8250;<\/span><\/a><\/div>\n<p><!-- end of .read-more --><\/p>\n","protected":false},"featured_media":44061,"template":"","meta":{"_acf_changed":false},"product_brand":[],"product_cat":[61,153,74],"product_tag":[],"class_list":{"0":"post-35350","1":"product","2":"type-product","3":"status-publish","4":"has-post-thumbnail","6":"product_cat-worldwide-accessories-excluding-gulf-fr","7":"product_cat-produits-parrot","8":"product_cat-systeme-gps","10":"first","11":"instock","12":"taxable","13":"shipping-taxable","14":"purchasable","15":"product-type-variable"},"acf":[],"_links":{"self":[{"href":"https:\/\/marshallradio.com\/eu\/wp-json\/wp\/v2\/product\/35350","targetHints":{"allow":["GET"]}}],"collection":[{"href":"https:\/\/marshallradio.com\/eu\/wp-json\/wp\/v2\/product"}],"about":[{"href":"https:\/\/marshallradio.com\/eu\/wp-json\/wp\/v2\/types\/product"}],"wp:featuredmedia":[{"embeddable":true,"href":"https:\/\/marshallradio.com\/eu\/wp-json\/wp\/v2\/media\/44061"}],"wp:attachment":[{"href":"https:\/\/marshallradio.com\/eu\/wp-json\/wp\/v2\/media?parent=35350"}],"wp:term":[{"taxonomy":"product_brand","embeddable":true,"href":"https:\/\/marshallradio.com\/eu\/wp-json\/wp\/v2\/product_brand?post=35350"},{"taxonomy":"product_cat","embeddable":true,"href":"https:\/\/marshallradio.com\/eu\/wp-json\/wp\/v2\/product_cat?post=35350"},{"taxonomy":"product_tag","embeddable":true,"href":"https:\/\/marshallradio.com\/eu\/wp-json\/wp\/v2\/product_tag?post=35350"}],"curies":[{"name":"wp","href":"https:\/\/api.w.org\/{rel}","templated":true}]}}