
{"id":35364,"date":"2018-06-15T17:20:01","date_gmt":"2019-07-12T20:56:04","guid":{"rendered":"http:\/\/marshallradio.com\/eu\/product\/kit-de-bateria-recargable-gps\/"},"modified":"2021-04-21T18:28:07","modified_gmt":"2021-04-21T18:28:07","slug":"rt-gps-rechargeable-battery-kit","status":"publish","type":"product","link":"https:\/\/marshallradio.com\/eu\/product\/rt-gps-rechargeable-battery-kit\/?lang=es","title":{"rendered":"Kit de bater\u00eda recargable GPS"},"content":{"rendered":"<p><strong>Dise\u00f1o integral<\/strong><br \/>\nLas bater\u00edas recargables de Marshall Radio se incorporan directamente en la tapa, lo que crea un dise\u00f1o simple, robusto y de una sola pieza. Simplemente enrosque en su transmisor. Atornille a su cargador y espere a que la luz verde indique una carga completa y est\u00e9 lista para ser reutilizada. Un circuito de protecci\u00f3n dentro de la tapa la mantiene a salvo de posibles sobrecargas.<\/p>\n<p><strong>M\u00faltiples opciones para que coincida con su m\u00e9todo de montaje preferido<\/strong><br \/>\nComo el \u00fanico transmisor de GPS en el mundo lo suficientemente peque\u00f1o como para ser usado en la pata o la cola, hemos creado tres tipos de tapa de bater\u00eda: 1) tapa de bala, utilizada para montaje en arn\u00e9s o Cola, 2) estilo Bewit tradicional para montaje en la pata, y 3) El nuevo dise\u00f1o de pata con rosca EZ Giro ahora est\u00e1 siendo utilizado por los cetreros de todo el mundo.<\/p>\n<p><strong>Dise\u00f1o de carga r\u00e1pida<\/strong><br \/>\nEl cargador completar\u00e1 la carga de una bater\u00eda agotada en menos de dos horas, pero para un uso normal en el que la bater\u00eda se utiliza durante menos de una hora, la bater\u00eda se puede cargar en solo unos minutos.<\/p>\n<p><strong>Alcance mejorado<\/strong><br \/>\nCon el mayor voltaje de funcionamiento de las bater\u00edas recargables, puede notar una mejora de hasta el 50% en el alcance.<\/p>\n<p><strong>Rendimiento mejorado en clima fr\u00edo<\/strong><br \/>\n80% de capacidad de la bater\u00eda a -20C.<\/p>\n<p><strong>Sin uso riesgos<\/strong><br \/>\nCarga completa tantas veces como desee (sin memoria) o d\u00e9jelos enchufados, sin riesgo de da\u00f1os.<\/p>\n<p><strong>Duraci\u00f3n<\/strong><br \/>\nLa bater\u00eda de pol\u00edmero de litio funciona aproximadamente la misma cantidad de tiempo que la 1 \/ 3N.<\/p>\n","protected":false},"excerpt":{"rendered":"<p>Actualice su sistema GPS 2015-2017 con bater\u00edas recargables<\/p>\n<p>El kit de bater\u00eda recargable ha sido dise\u00f1ado espec\u00edficamente para el RT-GPS para permitirle comenzar cada vuelo con una bater\u00eda nueva, todo el tiempo.<\/p>\n<p><strong>Nota: el kit viene de serie con los sistemas GPS<\/strong><\/p>\n<p><strong>El kit de bater\u00eda recargable incluye:<\/strong><\/p>\n<p>&#8211; Unidad de carga<br \/>\n&#8211; Dos Baterias<br \/>\n&#8211; Cable de carga USB (incluye tapa para proteger el enchufe no utilizado)<br \/>\n&#8211; A\u00f1adir tercera bater\u00eda<\/p>\n<p>Nota: Tambi\u00e9n funcionar\u00e1 con ciertos transmisores de telemetr\u00eda Falconry RT y RT Turbo (2018 y posteriores). No cargar\u00e1 bater\u00edas 1 \/ 3N. El kit est\u00e1ndar vendr\u00e1 con bater\u00edas azules. Especifique en notas si se usa para telemetr\u00eda compatible para que podamos combinar mejor el color preferido.<\/p>\n<div class=\"read-more\"><a href=\"https:\/\/marshallradio.com\/eu\/product\/rt-gps-rechargeable-battery-kit\/?lang=es\">Read more <span class=\"screen-reader-text\">Kit de bater\u00eda recargable GPS<\/span><span class=\"meta-nav\"> &#8250;<\/span><\/a><\/div>\n<p><!-- end of .read-more --><\/p>\n","protected":false},"featured_media":44064,"template":"","meta":{"_acf_changed":false},"product_brand":[],"product_cat":[64,156,77],"product_tag":[],"class_list":{"0":"post-35364","1":"product","2":"type-product","3":"status-publish","4":"has-post-thumbnail","6":"product_cat-worldwide-accessories-excluding-gulf-es","7":"product_cat-productos-para-loros","8":"product_cat-sistema-gps-es","10":"first","11":"instock","12":"taxable","13":"shipping-taxable","14":"purchasable","15":"product-type-variable"},"acf":[],"_links":{"self":[{"href":"https:\/\/marshallradio.com\/eu\/wp-json\/wp\/v2\/product\/35364","targetHints":{"allow":["GET"]}}],"collection":[{"href":"https:\/\/marshallradio.com\/eu\/wp-json\/wp\/v2\/product"}],"about":[{"href":"https:\/\/marshallradio.com\/eu\/wp-json\/wp\/v2\/types\/product"}],"wp:featuredmedia":[{"embeddable":true,"href":"https:\/\/marshallradio.com\/eu\/wp-json\/wp\/v2\/media\/44064"}],"wp:attachment":[{"href":"https:\/\/marshallradio.com\/eu\/wp-json\/wp\/v2\/media?parent=35364"}],"wp:term":[{"taxonomy":"product_brand","embeddable":true,"href":"https:\/\/marshallradio.com\/eu\/wp-json\/wp\/v2\/product_brand?post=35364"},{"taxonomy":"product_cat","embeddable":true,"href":"https:\/\/marshallradio.com\/eu\/wp-json\/wp\/v2\/product_cat?post=35364"},{"taxonomy":"product_tag","embeddable":true,"href":"https:\/\/marshallradio.com\/eu\/wp-json\/wp\/v2\/product_tag?post=35364"}],"curies":[{"name":"wp","href":"https:\/\/api.w.org\/{rel}","templated":true}]}}