
{"id":35383,"date":"2019-01-10T19:45:05","date_gmt":"2019-07-16T15:22:42","guid":{"rendered":"http:\/\/marshallradio.com\/eu\/product\/rt-gps-sender\/"},"modified":"2024-07-18T22:39:30","modified_gmt":"2024-07-18T22:39:30","slug":"rt-turbo-transmitter-worldwide","status":"publish","type":"product","link":"https:\/\/marshallradio.com\/eu\/product\/rt-turbo-transmitter-worldwide\/?lang=de","title":{"rendered":"Turbo-GPS Sender"},"content":{"rendered":"<p><strong>GPS BATTERIE LEBEN<\/strong><br \/>\nDie in AeroVision verf\u00fcgbaren vom Benutzer konfigurierbaren Modi erm\u00f6glichen es dem RT GPS, bis zu einer Woche mit dem Akku zu arbeiten. Die Verwendung im gemischten Modus kann f\u00fcr mehrere Stunden GPS mit hoher Aktualisierungsrate sowie f\u00fcr viele Stunden Tracking mit niedriger Aktualisierungsrate konfiguriert werden. Standardeinstellungen die Akkulaufzeit betr\u00e4gt 2-3 Tage.<\/p>\n<p><strong>GPS-Sender<\/strong><\/p>\n<ul>\n<li>Gewicht: 9 Gramm mit eingesetzter Batterie<\/li>\n<li>Batterie verwendet: wiederaufladbare Lithium-Batterie (vom Benutzer austauschbar)<\/li>\n<li>Batterielebensdauer: 2-3 Tage mit konfigurierbaren Modi f\u00fcr bis zu 7 Tage<\/li>\n<li>Antenne: 7-Zoll-Dipol, gespeist mit GPS<\/li>\n<li>Turbo GPS Reichweite: 2 bis 100 Meilen *<\/li>\n<\/ul>\n<p>* Entfernungsmessungen werden mit einer Omni-Antenne angegeben. Die Bedingungen sind je nach Gel\u00e4nde und Hindernissen unterschiedlich.<\/p>\n","protected":false},"excerpt":{"rendered":"<p>&nbsp;<\/p>\n<p style=\"text-align: left\">Wenn Sie auf AeroVision upgedatet haben, k\u00f6nnen Sie bis zu 5 Sender zeitgleich verwenden.<\/p>\n<h3>Modelle: Turbo GPS<\/h3>\n<p>Der Turbo-GPS-Sender hat die gleiche Gr\u00f6\u00dfe, Form und das gleiche Gewicht wie unsere RT-Sender, aber im Inneren haben wir einen Weg gefunden, einen winzigen GPS-Empf\u00e4nger einzubauen. Das Turbo-GPS lernt, wo es ist und sendet diese Daten per Funk an einen Transceiver, den wir Pocketlink nennen. Es ist der PocketLink, der diese Situationsdaten, die er empf\u00e4ngt, \u00fcber Bluetooth an unsere App auf Ihrem iPhone oder iPad weiterleitet. Gleichzeitig sendet das Turbo-GPS ein akustisches Signal im UHF-Band, das vom Field Marshall zur regelm\u00e4\u00dfigen Peilung empfangen werden kann.<\/p>\n<p>Wenn der Sender aufh\u00f6rt, vom PocketLink zu h\u00f6ren, schaltet er nach 30 Sekunden ohne Kontakt automatisch den Turbo ein. Dies erm\u00f6glicht eine 2-3-fache Reichweite bei sehr geringer Auswirkung auf die Akkulaufzeit, wodurch das GPS-Signal mithilfe von Situationsbewusstsein und intelligenter Reaktion \u00fcber gro\u00dfe Entfernungen gesendet werden kann. Wenn der Sender wieder vom PocketLink h\u00f6rt, schaltet er automatisch den Turbo-Modus aus.<\/p>\n<p><strong>Android-Benutzer:<\/strong> Bitte geben Sie beim Bezahlen in den Notizen Ihre Systemfrequenz und Sendernummer an. <\/p>\n<h5>Erfahren Sie, wie Sie Ihre Systemfrequenz ermitteln <a href=\"https:\/\/marshallradio.com\/eu\/systemfrequenz\/?lang=de\">Hier<\/a>.<\/h5>\n<hr>\n<p>&nbsp;<br \/>\n&nbsp;<\/p>\n<div class=\"read-more\"><a href=\"https:\/\/marshallradio.com\/eu\/product\/rt-turbo-transmitter-worldwide\/?lang=de\">Read more <span class=\"screen-reader-text\">Turbo-GPS Sender<\/span><span class=\"meta-nav\"> &#8250;<\/span><\/a><\/div>\n<p><!-- end of .read-more --><\/p>\n","protected":false},"featured_media":44289,"template":"","meta":{"_acf_changed":false},"product_brand":[],"product_cat":[75,86],"product_tag":[],"class_list":{"0":"post-35383","1":"product","2":"type-product","3":"status-publish","4":"has-post-thumbnail","6":"product_cat-gps-system","7":"product_cat-sender","9":"first","10":"instock","11":"taxable","12":"shipping-taxable","13":"purchasable","14":"product-type-variable"},"acf":[],"_links":{"self":[{"href":"https:\/\/marshallradio.com\/eu\/wp-json\/wp\/v2\/product\/35383","targetHints":{"allow":["GET"]}}],"collection":[{"href":"https:\/\/marshallradio.com\/eu\/wp-json\/wp\/v2\/product"}],"about":[{"href":"https:\/\/marshallradio.com\/eu\/wp-json\/wp\/v2\/types\/product"}],"wp:featuredmedia":[{"embeddable":true,"href":"https:\/\/marshallradio.com\/eu\/wp-json\/wp\/v2\/media\/44289"}],"wp:attachment":[{"href":"https:\/\/marshallradio.com\/eu\/wp-json\/wp\/v2\/media?parent=35383"}],"wp:term":[{"taxonomy":"product_brand","embeddable":true,"href":"https:\/\/marshallradio.com\/eu\/wp-json\/wp\/v2\/product_brand?post=35383"},{"taxonomy":"product_cat","embeddable":true,"href":"https:\/\/marshallradio.com\/eu\/wp-json\/wp\/v2\/product_cat?post=35383"},{"taxonomy":"product_tag","embeddable":true,"href":"https:\/\/marshallradio.com\/eu\/wp-json\/wp\/v2\/product_tag?post=35383"}],"curies":[{"name":"wp","href":"https:\/\/api.w.org\/{rel}","templated":true}]}}