
{"id":35622,"date":"2018-06-15T17:20:01","date_gmt":"2018-06-15T17:20:01","guid":{"rendered":"http:\/\/marshallradio.com\/eu\/product\/35622\/"},"modified":"2021-04-21T18:27:37","modified_gmt":"2021-04-21T18:27:37","slug":"kit-batteria-ricaricabile-gps","status":"publish","type":"product","link":"https:\/\/marshallradio.com\/eu\/product\/kit-batteria-ricaricabile-gps\/?lang=de","title":{"rendered":"GPS Ladeger\u00e4t kit"},"content":{"rendered":"<p><strong>Ganzheitliches Design<br \/>\n<\/strong> Die Marshall Radio wiederaufladbaren Batterien werden dauerhaft in den Deckel integriert, was ein einfaches, robustes und einteiliges Design erzeugt. Einfach an Ihren Sender anschrauben und benutzen. Drehen Sie die Akkus einfach in Ihr Ladeger\u00e4t und warten Sie auf das gr\u00fcne Licht, was eine vollst\u00e4ndige Ladung anzeigt und nun bereit f\u00fcr die Wiederverwendung ist. Ein Schutzkreis im Deckel sorgt f\u00fcr Sicherheit.<\/p>\n<p><strong>Mehrere Optionen, um Ihre bevorzugte Montagemethode zu nutzen<\/strong><br \/>\nWir haben drei Arten von Batteriedeckel erstellt: 1) Kugeldeckel, f\u00fcr TrackPack oder die Sto\u00dfmontage, 2) traditioneller Riemchen-Stil f\u00fcr die St\u00e4ndermontage und 3) Das neue EZ Twist wird jetzt von Falknerinnen auf der ganzen Welt genutzt.<\/p>\n<p><strong>Schnell-Auflade-Design<\/strong><br \/>\nDas Ladeger\u00e4t f\u00fcllt eine leere Batterie in weniger als zwei Stunden, aber f\u00fcr den normalen Gebrauch, wenn der Akku f\u00fcr weniger als eine Stunde verwendet wird, kann der Akku in nur wenigen Minuten aufgeladen werden.<\/p>\n<p><strong>Verbesserte Reichweite<\/strong><br \/>\nMit der h\u00f6heren Betriebsspannung der Akkus k\u00f6nnen Sie bis zu 50% mehr Reichweite erhalten.<\/p>\n<p><strong>Verbesserte Leistung in der K\u00e4lte<\/strong><br \/>\n80% Batteriekapazit\u00e4t bei -20C.<\/p>\n<p><strong>Keine Abnutzung <\/strong><br \/>\nLaden Sie die Akuus so oft Sie wollen (kein Memory-Effekt) oder lassen Sie sie im Ladeger\u00e4t, es besteht kein Risiko einer \u00dcberladung oder anderer Sch\u00e4den.<\/p>\n<p><strong>Laufzeit<\/strong><br \/>\nDie Lithium-Polymer-Batterie arbeitet ungef\u00e4hr f\u00fcr die gleiche Zeitspanne wie die 1\/3N.<\/p>\n","protected":false},"excerpt":{"rendered":"<p>Aggiorna il tuo sistema GPS 2015-2017 con batterie ricaricabili<\/p>\n<p>Il kit batteria ricaricabile \u00e8 stato progettato appositamente per RT-GPS per consentire di iniziare ogni volo con una batteria nuova, ogni volta.<\/p>\n<p><strong>Hinweis: Das Kit wird standardm\u00e4\u00dfig mit GPS-Systemen geliefert<\/strong><\/p>\n<p>Il kit batteria ricaricabile include:<\/p>\n<p>&#8211; Unit\u00e0 di ricarica<br \/>\n&#8211; Due batterie<br \/>\n&#8211; Cavo di ricarica USB (include il coperchio per proteggere la presa non utilizzata)<br \/>\n&#8211; Aggiungi terza batteria<\/p>\n<p>Hinweis: Funktioniert auch mit bestimmten Falconry RT- und RT Turbo-Telemetriesendern (2018 und neuer). L\u00e4dt keine 1 \/ 3N-Batterien. Das Standard-Kit wird mit blauen Batterien geliefert. Geben Sie in Notizen an, wenn Sie kompatible Telemetrie verwenden, damit wir die bevorzugte Farbe am besten anpassen k\u00f6nnen.<\/p>\n<div class=\"read-more\"><a href=\"https:\/\/marshallradio.com\/eu\/product\/kit-batteria-ricaricabile-gps\/?lang=de\">Read more <span class=\"screen-reader-text\">GPS Ladeger\u00e4t kit<\/span><span class=\"meta-nav\"> &#8250;<\/span><\/a><\/div>\n<p><!-- end of .read-more --><\/p>\n","protected":false},"featured_media":44062,"template":"","meta":{"_acf_changed":false},"product_brand":[],"product_cat":[62,75,154],"product_tag":[],"class_list":{"0":"post-35622","1":"product","2":"type-product","3":"status-publish","4":"has-post-thumbnail","6":"product_cat-worldwide-accessories-excluding-gulf-de","7":"product_cat-gps-system","8":"product_cat-papageienprodukte","10":"first","11":"instock","12":"taxable","13":"shipping-taxable","14":"purchasable","15":"product-type-variable"},"acf":[],"_links":{"self":[{"href":"https:\/\/marshallradio.com\/eu\/wp-json\/wp\/v2\/product\/35622","targetHints":{"allow":["GET"]}}],"collection":[{"href":"https:\/\/marshallradio.com\/eu\/wp-json\/wp\/v2\/product"}],"about":[{"href":"https:\/\/marshallradio.com\/eu\/wp-json\/wp\/v2\/types\/product"}],"wp:featuredmedia":[{"embeddable":true,"href":"https:\/\/marshallradio.com\/eu\/wp-json\/wp\/v2\/media\/44062"}],"wp:attachment":[{"href":"https:\/\/marshallradio.com\/eu\/wp-json\/wp\/v2\/media?parent=35622"}],"wp:term":[{"taxonomy":"product_brand","embeddable":true,"href":"https:\/\/marshallradio.com\/eu\/wp-json\/wp\/v2\/product_brand?post=35622"},{"taxonomy":"product_cat","embeddable":true,"href":"https:\/\/marshallradio.com\/eu\/wp-json\/wp\/v2\/product_cat?post=35622"},{"taxonomy":"product_tag","embeddable":true,"href":"https:\/\/marshallradio.com\/eu\/wp-json\/wp\/v2\/product_tag?post=35622"}],"curies":[{"name":"wp","href":"https:\/\/api.w.org\/{rel}","templated":true}]}}