
{"id":35682,"date":"2018-06-15T20:25:34","date_gmt":"2018-06-15T20:25:34","guid":{"rendered":"http:\/\/marshallradio.com\/eu\/product\/189\/"},"modified":"2023-03-15T17:13:24","modified_gmt":"2023-03-15T17:13:24","slug":"189","status":"publish","type":"product","link":"https:\/\/marshallradio.com\/eu\/product\/189\/?lang=de","title":{"rendered":"Desert Hard Case"},"content":{"rendered":"","protected":false},"excerpt":{"rendered":"<p>Haben Sie alle Einzelteile Staub und Wasserdicht an einem Ort. Dieser Koffer kann ohne Problem die ganze Saison im Kofferraum bleiben. Die Ausr\u00fcstung ist darin sicher verwahrt und kann sogar mit dem Hochdruckreiniger sauber gemacht werden.<\/p>\n<p>Wir bieten ihnen das Desert Hard case in zwei Gr\u00f6\u00dfen an um Ihr neues GPS System zu sch\u00fctzen. Die Mini Variante bietet Platz f+r GPS Sender, Pocketlinkg, Ladeger\u00e4t, Magnete und Zubeh\u00f6r. Die &#8220;komplette&#8221; Gr\u00f6\u00dfe, bietet zus\u00e4tzlich noch Platz f\u00fcr den Field Marshalll UHF Empf\u00e4nger.<\/p>\n<div class=\"read-more\"><a href=\"https:\/\/marshallradio.com\/eu\/product\/189\/?lang=de\">Read more <span class=\"screen-reader-text\">Desert Hard Case<\/span><span class=\"meta-nav\"> &#8250;<\/span><\/a><\/div>\n<p><!-- end of .read-more --><\/p>\n","protected":false},"featured_media":44231,"template":"","meta":{"_acf_changed":false},"product_brand":[],"product_cat":[62],"product_tag":[],"class_list":{"0":"post-35682","1":"product","2":"type-product","3":"status-publish","4":"has-post-thumbnail","6":"product_cat-worldwide-accessories-excluding-gulf-de","8":"first","9":"instock","10":"taxable","11":"shipping-taxable","12":"purchasable","13":"product-type-variable"},"acf":[],"_links":{"self":[{"href":"https:\/\/marshallradio.com\/eu\/wp-json\/wp\/v2\/product\/35682","targetHints":{"allow":["GET"]}}],"collection":[{"href":"https:\/\/marshallradio.com\/eu\/wp-json\/wp\/v2\/product"}],"about":[{"href":"https:\/\/marshallradio.com\/eu\/wp-json\/wp\/v2\/types\/product"}],"wp:featuredmedia":[{"embeddable":true,"href":"https:\/\/marshallradio.com\/eu\/wp-json\/wp\/v2\/media\/44231"}],"wp:attachment":[{"href":"https:\/\/marshallradio.com\/eu\/wp-json\/wp\/v2\/media?parent=35682"}],"wp:term":[{"taxonomy":"product_brand","embeddable":true,"href":"https:\/\/marshallradio.com\/eu\/wp-json\/wp\/v2\/product_brand?post=35682"},{"taxonomy":"product_cat","embeddable":true,"href":"https:\/\/marshallradio.com\/eu\/wp-json\/wp\/v2\/product_cat?post=35682"},{"taxonomy":"product_tag","embeddable":true,"href":"https:\/\/marshallradio.com\/eu\/wp-json\/wp\/v2\/product_tag?post=35682"}],"curies":[{"name":"wp","href":"https:\/\/api.w.org\/{rel}","templated":true}]}}