
{"id":36327,"date":"2019-01-10T19:47:42","date_gmt":"2019-01-10T19:47:42","guid":{"rendered":"http:\/\/marshallradio.com\/eu\/product\/36327\/"},"modified":"2024-12-23T22:05:39","modified_gmt":"2024-12-23T22:05:39","slug":"rt-uhf-sender","status":"publish","type":"product","link":"https:\/\/marshallradio.com\/eu\/product\/rt-uhf-sender\/?lang=de","title":{"rendered":"RT XP UHF-Sender"},"content":{"rendered":"<p><b>MONTAGEMETHODEN \u2013 Konvertierbar f\u00fcr maximale Vielseitigkeit<\/b><\/p>\n<p>Der neue RT XP VHF ist unser leistungsst\u00e4rkster, robustester und vielseitigster herk\u00f6mmlicher Telemetriesender. Es bietet maximale Sicherheit bei der Bergung Ihres Vogels. Der RT XP ist f\u00fcr den Einsatz in jeder Montagekonfiguration (Bein-, Schwanz-, Rucksack- oder Halsmontage) erh\u00e4ltlich und kann auf dem von Ihnen gew\u00e4hlten Kanal im 433-434-MHz-Band bestellt werden.<\/p>\n<p>F\u00fcr gro\u00dfe Falken und Habichte empfehlen wir den RT XP entweder als prim\u00e4ren Ortungssender oder als idealen sekund\u00e4ren Sender mit langer Lebensdauer und gro\u00dfer Reichweite, wenn er in Verbindung mit dem Marshall GPS verwendet wird.<\/p>\n<p><strong>Die Telemetriesender RT XP sind mit unseren wiederaufladbaren Batterien kompatibel.<\/strong><\/p>\n<p>Die Verwendung wiederaufladbarer Batterien mit Ihrem RT XP bietet eine noch gr\u00f6\u00dfere Verfolgungsreichweite und erm\u00f6glicht es, jeden Flug mit einer vollen Batterie zu beginnen, was bei Bedarf eine maximale Erholungszeit erm\u00f6glicht. Um diese Option zu erwerben, <a href=\"https:\/\/marshallradio.com\/eu\/product\/rt-gps-rechargeable-battery-kit\/\">Klicken Sie hier f\u00fcr unsere Ladeger\u00e4te-Sets.<\/a> Bitte geben Sie in den Hinweisen an der Kasse an, ob das Ladeger\u00e4t f\u00fcr Ihren RT XP geeignet ist, damit wir die Farbe optimal an Ihren Sender anpassen k\u00f6nnen. Wenn Sie bereits eine Ladestation haben, k\u00f6nnen Sie einfach eine kaufen <a href=\"https:\/\/marshallradio.com\/eu\/product\/additional-rechargeable-batteries\/\">Hier gibt es nur einen wiederaufladbaren Akku.<\/a> Wenn Sie bereits \u00fcber die wiederaufladbaren Batterien f\u00fcr Ihr GPS verf\u00fcgen, k\u00f6nnen Sie dieselbe Batterie auch mit Ihrem RT XP verwenden.<\/p>\n<p><strong>VOLLFARBIGE LED<\/strong><\/p>\n<p>Der RT XP ist \u00e4u\u00dferst effizient und nutzt die neueste mehrfarbige LED-Technologie, um Ihnen den Senderstatus auf einen Blick anzuzeigen.<\/p>\n<p>Jede Farbe bedeutet:<\/p>\n<ul>\n<li>GR\u00dcN = normale Stromversorgung und Betrieb<\/li>\n<li>GELB = Low-Battery-Modus, Zeit zum Batteriewechsel<\/li>\n<li>ROT = Batterie fast leer (weniger als 24 Stunden verbleibend)<\/li>\n<\/ul>\n<p><strong>MAGNETSCHALTER<\/strong><\/p>\n<p>Dank des magnetischen Ein-\/Ausschalters k\u00f6nnen die Batterien im Sender verbleiben, bis sie ausgetauscht werden m\u00fcssen. Zum Einschalten klopfen Sie einfach mit dem Magneten auf den Deckel oder das Geh\u00e4use des Senders, bis die LED drei Mal schnell blinkt (zusammen mit drei Piept\u00f6nen auf Ihrem UHF-Empf\u00e4nger), was Ihnen mitteilt, dass der Sender eingeschaltet ist und l\u00e4uft. Machen Sie dasselbe, um den Sender auszuschalten. Bei Verlust des Magneten kann der Sender durch Entfernen der Batterie immer noch manuell ein- und ausgeschaltet werden.<\/p>\n<p><strong>Batterie<br \/>\n<\/strong><\/p>\n<p>Der RT XP verwendet entweder die bew\u00e4hrte Duracell 1\/3N-Batterie oder die wiederaufladbaren Batterien von Marshall (wie das Turbo GPS) und bietet erstaunliche Leistung unter allen Bedingungen, auch bei kaltem Wetter (ausgelegt bis -40 \u00b0C). Batterielebensdauer: 5\u20137 Tage ununterbrochen.<\/p>\n<p><strong>WELCHE REICHWEITE K\u00d6NNEN SIE ERWARTEN?<\/strong><\/p>\n<p>Wir haben diese Sender mit einer guten Sichtverbindung bis \u00fcber 70 Meilen getestet. Die wichtigen Messungen erfolgen jedoch am Boden und im tats\u00e4chlichen Jagdgebiet, wo es Hindernisse und andere Bedingungen gibt, die das Signal negativ beeinflussen. Und in jeder Situation bietet der RT XP UHF die bestm\u00f6gliche Reichweite.<\/p>\n","protected":false},"excerpt":{"rendered":"<p>Der RT UHF ist unser robustester und vielseitigster traditioneller Telemetriesender. Es bietet maximale Sicherheit bei der Bergung Ihres Vogels. Der RT UHF ist f\u00fcr jede Montagekonfiguration (Bein-, Schwanz-, Rucksack- oder Halsmontage) erh\u00e4ltlich und kann auf dem von Ihnen gew\u00e4hlten Kanal im 433-434-MHz-Band bestellt werden.<\/p>\n<p>F\u00fcr gro\u00dfe Falken und Habichte empfehlen wir den RT XP UHF entweder als prim\u00e4ren Ortungssender oder als idealen sekund\u00e4ren Sender mit langer Lebensdauer und gro\u00dfer Reichweite, wenn er in Verbindung mit dem Marshall GPS verwendet wird.<\/p>\n<div class=\"read-more\"><a href=\"https:\/\/marshallradio.com\/eu\/product\/rt-uhf-sender\/?lang=de\">Read more <span class=\"screen-reader-text\">RT XP UHF-Sender<\/span><span class=\"meta-nav\"> &#8250;<\/span><\/a><\/div>\n<p><!-- end of .read-more --><\/p>\n","protected":false},"featured_media":44104,"template":"","meta":{"_acf_changed":false},"product_brand":[],"product_cat":[86],"product_tag":[],"class_list":{"0":"post-36327","1":"product","2":"type-product","3":"status-publish","4":"has-post-thumbnail","6":"product_cat-sender","8":"first","9":"instock","10":"taxable","11":"shipping-taxable","12":"purchasable","13":"product-type-variable"},"acf":[],"_links":{"self":[{"href":"https:\/\/marshallradio.com\/eu\/wp-json\/wp\/v2\/product\/36327","targetHints":{"allow":["GET"]}}],"collection":[{"href":"https:\/\/marshallradio.com\/eu\/wp-json\/wp\/v2\/product"}],"about":[{"href":"https:\/\/marshallradio.com\/eu\/wp-json\/wp\/v2\/types\/product"}],"wp:featuredmedia":[{"embeddable":true,"href":"https:\/\/marshallradio.com\/eu\/wp-json\/wp\/v2\/media\/44104"}],"wp:attachment":[{"href":"https:\/\/marshallradio.com\/eu\/wp-json\/wp\/v2\/media?parent=36327"}],"wp:term":[{"taxonomy":"product_brand","embeddable":true,"href":"https:\/\/marshallradio.com\/eu\/wp-json\/wp\/v2\/product_brand?post=36327"},{"taxonomy":"product_cat","embeddable":true,"href":"https:\/\/marshallradio.com\/eu\/wp-json\/wp\/v2\/product_cat?post=36327"},{"taxonomy":"product_tag","embeddable":true,"href":"https:\/\/marshallradio.com\/eu\/wp-json\/wp\/v2\/product_tag?post=36327"}],"curies":[{"name":"wp","href":"https:\/\/api.w.org\/{rel}","templated":true}]}}