
{"id":36347,"date":"2018-07-03T20:22:03","date_gmt":"2018-07-03T20:22:03","guid":{"rendered":"http:\/\/marshallradio.com\/eu\/product\/field-marshall-digital-tracking-empfanger-uhf\/"},"modified":"2023-08-14T22:11:52","modified_gmt":"2023-08-14T22:11:52","slug":"field-marshall-digital-tracking-empfanger-uhf","status":"publish","type":"product","link":"https:\/\/marshallradio.com\/eu\/product\/field-marshall-digital-tracking-empfanger-uhf\/?lang=de","title":{"rendered":"Field Marshall Digital Tracking Empf\u00e4nger UHF"},"content":{"rendered":"<p><strong>MAXIMALE EMPFINDLICHKEIT<\/strong><br \/>\nUm die bestm\u00f6gliche Reichweite zu erzielen, muss ein Empf\u00e4nger \u00fcber die \u201en\u00fctzlichste Empfindlichkeit\u201c verf\u00fcgen. Die Kombination aus Empf\u00e4nger, passendem Kabel und speziell daf\u00fcr entwickelter Antenne bildet ein komplettes Paket, das harmonisch zusammenarbeiten muss, um die gr\u00f6\u00dftm\u00f6gliche Empfindlichkeit zu erzielen. Der Digital Field Marshall bietet die gr\u00f6\u00dfte Reichweite aller Tracking-Empf\u00e4nger der Welt. Nichts geht weiter als der Field Marshall, insbesondere in St\u00e4dten oder Gebieten mit \u201eunerw\u00fcnschtem Funkrauschen\u201c. Mit einer Empfindlichkeit von \u00fcber -154 dBm kann der Field Marshall die schw\u00e4chsten Signale erkennen.<\/p>\n<p><strong>VERWENDUNG MIT GPS<\/strong><\/p>\n<p>Durch Hinzuf\u00fcgen eines Field Marshall UHF zu Ihrem GPS-System k\u00f6nnen Sie den Sender in Umgebungen mit verweigertem GPS (innerhalb eines Geb\u00e4udes oder bei blockierten GPS-Satelliten) oder in dicker Abdeckung pr\u00e4zise orten. Die Verwendung des Field Marshall UHF zur Verfolgung des &#8220;Beeping&#8221; -Signals von RT und Turbo GPS erweitert die Reichweite, wenn sich der Sender in Bodenn\u00e4he befindet.<\/p>\n<p><strong>EINFACHE ABSTIMMUNG<\/strong><\/p>\n<p>Die Abstimmung mit dem erweiterten Abstimmknopf ist breit und vor versehentlichem Ber\u00fchren gesch\u00fctzt, sodass Sie beim Ein- und Aussteigen aus dem Fahrzeug nicht so leicht an der Abstimmung h\u00e4ngen bleiben.<\/p>\n<p><strong>LEICHT<\/strong><br \/>\nMit Hilfe von elektronischen Bauteilen der neuesten Generation, einem zusammenlegbaren Yagi und einer kreativen Verpackung k\u00f6nnen wir viel auf kleinem Raum unterbringen.<\/p>\n<p>Unsere Verpflichtung, Aluminiumlegierungen mit einem maximalen Verh\u00e4ltnis von Festigkeit zu Gewicht zu verwenden, macht diesen Empf\u00e4nger so leicht und stark wie technisch m\u00f6glich.<\/p>\n<p><strong>WASSERABWEISEND<\/strong><\/p>\n<p>Fast. Der Empf\u00e4nger ist nicht f\u00fcr den Einsatz in sehr feuchten Umgebungen konzipiert, h\u00e4lt jedoch bei leichtem Regen. Wenn es versehentlich durch einen Unfall oder einen Sturz untergetaucht ist, sollte es abgelassen und getrocknet werden, bevor es erneut verwendet wird.<\/p>\n<p><strong>OPTION ZUR BENUTZUNG DES FAHRZEUGS F\u00dcR DEN EMPF\u00c4NGER<\/strong><\/p>\n<p>Der Autoadapter dient dazu, die Batterien zu umgehen und den Empf\u00e4nger f\u00fcr l\u00e4ngere Zeit im Fahrzeug mit Strom zu versorgen, um die Batterien zu schonen und sie f\u00fcr lange Spazierg\u00e4nge vom Auto weg aufzubewahren. Den Adapter f\u00fcr den Zigarettenanz\u00fcnder finden Sie im Zubeh\u00f6r. Der Field Marshall verwendet handels\u00fcbliche, leicht zu findende AAA-Batterien, die nicht wiederaufladbar sind.<\/p>\n<p><strong>WELCHE BATTERIEN ZU VERWENDEN<\/strong><\/p>\n<p>F\u00fcr den allgemeinen Gebrauch sind AAA-Alkalibatterien am kosteng\u00fcnstigsten und bieten eine gute Batterielebensdauer. Lithium-AAA-Batterien bieten jedoch die beste Leistung bei kaltem Wetter, sind am leichtesten und halten am l\u00e4ngsten. Denken Sie daran, die Batterien bei l\u00e4ngerer Lagerung (au\u00dferhalb der Saison) immer aus dem Receiver zu entfernen. Wiederaufladbare Batterien (wie NiCad oder NiMH) sollten nicht verwendet werden, da sie keine ausreichende und gleichm\u00e4\u00dfige Spannung liefern, um den Empf\u00e4nger effektiv zu betreiben.<\/p>\n<p>Verwenden Sie immer Markenbatterien (wie Energizer oder Duracell) mit umfassender Garantie, falls es jemals zu einem Unfall mit den tats\u00e4chlichen Batterien in Ihrem Receiver kommen sollte.<\/p>\n<p><strong>OPTION ZUR VERWENDUNG MIT OMNI ANTENNA<\/strong><\/p>\n<p>Der Field Marshall kann problemlos Eingaben von einer externen Antenne ausschlie\u00dfen. Entfernen Sie einfach das Koaxialkabel vom Empf\u00e4ngergeh\u00e4use und schlie\u00dfen Sie das Koaxialkabel von Ihrer externen Antenne an. Der Field Marshall verwendet einen SMB-Anschluss. F\u00fcr einige externe Antennen ist m\u00f6glicherweise ein Adapter erforderlich.<\/p>\n<p><strong>KOMPAKTE ZUSAMMENKLAPPBARE YAGI-ANTENNE<br \/>\n<\/strong><\/p>\n<p>Der Field Marshall UHF wird standardm\u00e4\u00dfig mit unserer zusammenklappbaren Yagi-Antenne der neuesten Generation geliefert.<\/p>\n<p><strong>Berichterstattung<\/strong><\/p>\n<p>Der Field Marshall 100 deckt die ersten 100 kHz des Bandes ab (434.000-434.099)<br \/>\nDer Field Marshall 500 deckt die ersten 500 kHz des Bandes ab (434.000-.499).<br \/>\nDer Field Marshall 2000 umfasst 2 Full Bands (433.000-434.999)<\/p>\n<p>&nbsp;<\/p>\n","protected":false},"excerpt":{"rendered":"<p>Aufbauend auf dem Erfolg des urspr\u00fcnglichen Field Marshall-UHF-Designs beh\u00e4lt die n\u00e4chste Generation weiterhin die Merkmale bei, die Kunden am ersten UHF-Empf\u00e4nger geliebt haben, wie z. B. die winzige Yagi-Antenne, der kompakte und tragbare Formfaktor und die \u00fcberlegene Reichweite gegen\u00fcber UKW-basierten Empf\u00e4ngern. Dieser Receiver bietet verschiedene Funktionen wie die Temperaturkompensation (keine Neuabstimmung erforderlich, wenn ein Signal aus der Ferne bei Temperatur\u00e4nderungen verfolgt wird), eine verbesserte Genauigkeit bei der Suche bis auf die letzten Meter und eine noch bessere Klangqualit\u00e4t. Es hat auch ein neues, unverwechselbares Farbschema, das unsere k\u00fcnftige UHF-Ausstattungslinie kennzeichnet.<\/p>\n<p>Der Field Marshall UHF bietet Falknern in Gro\u00dfbritannien und der EU die beste Leistung aller heute erh\u00e4ltlichen Ortungsempf\u00e4nger.<\/p>\n<p>Jeder Empf\u00e4nger wird weiterhin mit einem Feldholster geliefert. Aufgrund seiner geringen Gr\u00f6\u00dfe und Form ist er jedoch ein &#8220;Taschenempf\u00e4nger&#8221;, der in Ihre Hawking-Tasche oder einen Teil Ihrer Pineo Hawking-Weste gesteckt werden kann.<\/p>\n<p>FM UHF 100: (Frequenz 434)<br \/>\nFM UHF 500:\u00a0 \u00a0(Frequenzen 434)<br \/>\nFM UHF 2000: (Zwei Bandauswahlen 433 und 434)<\/p>\n<div class=\"read-more\"><a href=\"https:\/\/marshallradio.com\/eu\/product\/field-marshall-digital-tracking-empfanger-uhf\/?lang=de\">Read more <span class=\"screen-reader-text\">Field Marshall Digital Tracking Empf\u00e4nger UHF<\/span><span class=\"meta-nav\"> &#8250;<\/span><\/a><\/div>\n<p><!-- end of .read-more --><\/p>\n","protected":false},"featured_media":44347,"template":"","meta":{"_acf_changed":false},"product_brand":[],"product_cat":[87,75],"product_tag":[],"class_list":{"0":"post-36347","1":"product","2":"type-product","3":"status-publish","4":"has-post-thumbnail","6":"product_cat-empfanger","7":"product_cat-gps-system","9":"first","10":"instock","11":"taxable","12":"shipping-taxable","13":"purchasable","14":"product-type-variable"},"acf":[],"_links":{"self":[{"href":"https:\/\/marshallradio.com\/eu\/wp-json\/wp\/v2\/product\/36347","targetHints":{"allow":["GET"]}}],"collection":[{"href":"https:\/\/marshallradio.com\/eu\/wp-json\/wp\/v2\/product"}],"about":[{"href":"https:\/\/marshallradio.com\/eu\/wp-json\/wp\/v2\/types\/product"}],"wp:featuredmedia":[{"embeddable":true,"href":"https:\/\/marshallradio.com\/eu\/wp-json\/wp\/v2\/media\/44347"}],"wp:attachment":[{"href":"https:\/\/marshallradio.com\/eu\/wp-json\/wp\/v2\/media?parent=36347"}],"wp:term":[{"taxonomy":"product_brand","embeddable":true,"href":"https:\/\/marshallradio.com\/eu\/wp-json\/wp\/v2\/product_brand?post=36347"},{"taxonomy":"product_cat","embeddable":true,"href":"https:\/\/marshallradio.com\/eu\/wp-json\/wp\/v2\/product_cat?post=36347"},{"taxonomy":"product_tag","embeddable":true,"href":"https:\/\/marshallradio.com\/eu\/wp-json\/wp\/v2\/product_tag?post=36347"}],"curies":[{"name":"wp","href":"https:\/\/api.w.org\/{rel}","templated":true}]}}