
{"id":36351,"date":"2018-07-02T22:07:42","date_gmt":"2018-07-02T22:07:42","guid":{"rendered":"http:\/\/marshallradio.com\/eu\/product\/field-marshall-handbuch\/"},"modified":"2020-03-25T21:49:17","modified_gmt":"2020-03-25T21:49:17","slug":"field-marshall-handbuch","status":"publish","type":"product","link":"https:\/\/marshallradio.com\/eu\/product\/field-marshall-handbuch\/?lang=de","title":{"rendered":"Field Marshall Handbuch"},"content":{"rendered":"","protected":false},"excerpt":{"rendered":"<p>Dieses 35-seitige Handbuch ist im Lieferumfang jedes Field Marshall-Empf\u00e4ngers enthalten. Es wurde von Dave Marshall geschrieben und enth\u00e4lt praktische Tipps zum grundlegenden Tracking. Funkausbreitungsthemen wie Polarisation, Reflexionen und Beugung, die im Feld h\u00e4ufig zu Verwirrung f\u00fchren, werden erkl\u00e4rt und verst\u00e4ndlich gemacht.<\/p>\n<p>Sie k\u00f6nnen entweder das gesamte Handbuch zur Ansicht herunterladen (mit Adobe Acrobat Reader) oder Ihr eigenes gedrucktes Exemplar bestellen.<\/p>\n<p>Nur Englisch<\/p>\n<div class=\"read-more\"><a href=\"https:\/\/marshallradio.com\/eu\/product\/field-marshall-handbuch\/?lang=de\">Read more <span class=\"screen-reader-text\">Field Marshall Handbuch<\/span><span class=\"meta-nav\"> &#8250;<\/span><\/a><\/div>\n<p><!-- end of .read-more --><\/p>\n","protected":false},"featured_media":29850,"template":"","meta":{"_acf_changed":false},"product_brand":[],"product_cat":[62],"product_tag":[],"class_list":{"0":"post-36351","1":"product","2":"type-product","3":"status-publish","4":"has-post-thumbnail","6":"product_cat-worldwide-accessories-excluding-gulf-de","8":"first","9":"instock","10":"taxable","11":"shipping-taxable","12":"purchasable","13":"product-type-simple"},"acf":[],"_links":{"self":[{"href":"https:\/\/marshallradio.com\/eu\/wp-json\/wp\/v2\/product\/36351","targetHints":{"allow":["GET"]}}],"collection":[{"href":"https:\/\/marshallradio.com\/eu\/wp-json\/wp\/v2\/product"}],"about":[{"href":"https:\/\/marshallradio.com\/eu\/wp-json\/wp\/v2\/types\/product"}],"wp:featuredmedia":[{"embeddable":true,"href":"https:\/\/marshallradio.com\/eu\/wp-json\/wp\/v2\/media\/29850"}],"wp:attachment":[{"href":"https:\/\/marshallradio.com\/eu\/wp-json\/wp\/v2\/media?parent=36351"}],"wp:term":[{"taxonomy":"product_brand","embeddable":true,"href":"https:\/\/marshallradio.com\/eu\/wp-json\/wp\/v2\/product_brand?post=36351"},{"taxonomy":"product_cat","embeddable":true,"href":"https:\/\/marshallradio.com\/eu\/wp-json\/wp\/v2\/product_cat?post=36351"},{"taxonomy":"product_tag","embeddable":true,"href":"https:\/\/marshallradio.com\/eu\/wp-json\/wp\/v2\/product_tag?post=36351"}],"curies":[{"name":"wp","href":"https:\/\/api.w.org\/{rel}","templated":true}]}}