
{"id":36352,"date":"2018-07-02T21:50:46","date_gmt":"2018-07-02T21:50:46","guid":{"rendered":"http:\/\/marshallradio.com\/eu\/product\/zusammenklappbare-yagi-handantenne\/"},"modified":"2025-08-04T18:38:20","modified_gmt":"2025-08-04T18:38:20","slug":"zusammenklappbare-yagi-handantenne","status":"publish","type":"product","link":"https:\/\/marshallradio.com\/eu\/product\/zusammenklappbare-yagi-handantenne\/?lang=de","title":{"rendered":"Zusammenklappbare Yagi-Handantenne"},"content":{"rendered":"","protected":false},"excerpt":{"rendered":"<p>In Sachen Portabilit\u00e4t k\u00f6nnen Sie jetzt das zweitbeste an einem Marshall-Empf\u00e4nger haben: unsere zum Patent angemeldete zusammenklappbare Yagi-Antenne.<\/p>\n<p>Um die beste Portabilit\u00e4t zu erzielen, l\u00e4sst es sich in Sekundenschnelle zu einem Yagi-Array mit drei Elementen zusammenfalten. W\u00e4hlen Sie das Adapterkabel, das an Ihren vorhandenen Box-Empf\u00e4nger angeschlossen wird.<\/p>\n<p>Das robuste Design wurde \u00fcber 12 Jahre mit Tausenden und Abertausenden auf dem Gebiet weiterentwickelt, vereinfacht, bew\u00e4hrt und optimiert. Keine Fl\u00fcgelmuttern mehr.<\/p>\n<p>Ausschlie\u00dflich im 215\u2013220 MHz-Band verf\u00fcgbar. Diese neueren Yagi-Antennen sind auch r\u00fcckw\u00e4rtskompatibel und k\u00f6nnen an \u00e4ltere Empf\u00e4nger angepasst werden.<\/p>\n<div class=\"read-more\"><a href=\"https:\/\/marshallradio.com\/eu\/product\/zusammenklappbare-yagi-handantenne\/?lang=de\">Read more <span class=\"screen-reader-text\">Zusammenklappbare Yagi-Handantenne<\/span><span class=\"meta-nav\"> &#8250;<\/span><\/a><\/div>\n<p><!-- end of .read-more --><\/p>\n","protected":false},"featured_media":44238,"template":"","meta":{"_acf_changed":false},"product_brand":[],"product_cat":[62],"product_tag":[],"class_list":{"0":"post-36352","1":"product","2":"type-product","3":"status-publish","4":"has-post-thumbnail","6":"product_cat-worldwide-accessories-excluding-gulf-de","8":"first","9":"instock","10":"taxable","11":"shipping-taxable","12":"purchasable","13":"product-type-variable"},"acf":[],"_links":{"self":[{"href":"https:\/\/marshallradio.com\/eu\/wp-json\/wp\/v2\/product\/36352","targetHints":{"allow":["GET"]}}],"collection":[{"href":"https:\/\/marshallradio.com\/eu\/wp-json\/wp\/v2\/product"}],"about":[{"href":"https:\/\/marshallradio.com\/eu\/wp-json\/wp\/v2\/types\/product"}],"wp:featuredmedia":[{"embeddable":true,"href":"https:\/\/marshallradio.com\/eu\/wp-json\/wp\/v2\/media\/44238"}],"wp:attachment":[{"href":"https:\/\/marshallradio.com\/eu\/wp-json\/wp\/v2\/media?parent=36352"}],"wp:term":[{"taxonomy":"product_brand","embeddable":true,"href":"https:\/\/marshallradio.com\/eu\/wp-json\/wp\/v2\/product_brand?post=36352"},{"taxonomy":"product_cat","embeddable":true,"href":"https:\/\/marshallradio.com\/eu\/wp-json\/wp\/v2\/product_cat?post=36352"},{"taxonomy":"product_tag","embeddable":true,"href":"https:\/\/marshallradio.com\/eu\/wp-json\/wp\/v2\/product_tag?post=36352"}],"curies":[{"name":"wp","href":"https:\/\/api.w.org\/{rel}","templated":true}]}}