
{"id":36362,"date":"2018-06-25T20:35:34","date_gmt":"2018-06-25T20:35:34","guid":{"rendered":"http:\/\/marshallradio.com\/eu\/product\/gepolstertes-cordura-softcase\/"},"modified":"2021-04-13T18:42:51","modified_gmt":"2021-04-13T18:42:51","slug":"gepolstertes-cordura-softcase","status":"publish","type":"product","link":"https:\/\/marshallradio.com\/eu\/product\/gepolstertes-cordura-softcase\/?lang=de","title":{"rendered":"Gepolstertes Cordura Softcase"},"content":{"rendered":"","protected":false},"excerpt":{"rendered":"<p>Mit unserer Cordura-Softcase, die dem Schutz teurer Schusswaffen nachempfunden ist, k\u00f6nnen Sie den Empf\u00e4nger und die Sender an einem bequemen Ort aufbewahren.<\/p>\n<p>Die benutzerdefinierte Schaumstoffeinlage passt sich dem Profil des Empf\u00e4ngers an und bietet zus\u00e4tzliche Ausschnitte und Innentaschen, in denen Sie alle kleinen Dinge aufbewahren k\u00f6nnen: zus\u00e4tzliche Batterien, Antennen, Batterietester, Autoadapter usw. Entwickelt, um mit Ihnen im Fahrzeug mitzufahren .<\/p>\n<p>Nur f\u00fcr HSL UHF 434 MHz<\/p>\n<div class=\"read-more\"><a href=\"https:\/\/marshallradio.com\/eu\/product\/gepolstertes-cordura-softcase\/?lang=de\">Read more <span class=\"screen-reader-text\">Gepolstertes Cordura Softcase<\/span><span class=\"meta-nav\"> &#8250;<\/span><\/a><\/div>\n<p><!-- end of .read-more --><\/p>\n","protected":false},"featured_media":44247,"template":"","meta":{"_acf_changed":false},"product_brand":[],"product_cat":[62],"product_tag":[],"class_list":{"0":"post-36362","1":"product","2":"type-product","3":"status-publish","4":"has-post-thumbnail","6":"product_cat-worldwide-accessories-excluding-gulf-de","8":"first","9":"instock","10":"taxable","11":"shipping-taxable","12":"purchasable","13":"product-type-variable"},"acf":[],"_links":{"self":[{"href":"https:\/\/marshallradio.com\/eu\/wp-json\/wp\/v2\/product\/36362","targetHints":{"allow":["GET"]}}],"collection":[{"href":"https:\/\/marshallradio.com\/eu\/wp-json\/wp\/v2\/product"}],"about":[{"href":"https:\/\/marshallradio.com\/eu\/wp-json\/wp\/v2\/types\/product"}],"wp:featuredmedia":[{"embeddable":true,"href":"https:\/\/marshallradio.com\/eu\/wp-json\/wp\/v2\/media\/44247"}],"wp:attachment":[{"href":"https:\/\/marshallradio.com\/eu\/wp-json\/wp\/v2\/media?parent=36362"}],"wp:term":[{"taxonomy":"product_brand","embeddable":true,"href":"https:\/\/marshallradio.com\/eu\/wp-json\/wp\/v2\/product_brand?post=36362"},{"taxonomy":"product_cat","embeddable":true,"href":"https:\/\/marshallradio.com\/eu\/wp-json\/wp\/v2\/product_cat?post=36362"},{"taxonomy":"product_tag","embeddable":true,"href":"https:\/\/marshallradio.com\/eu\/wp-json\/wp\/v2\/product_tag?post=36362"}],"curies":[{"name":"wp","href":"https:\/\/api.w.org\/{rel}","templated":true}]}}