
{"id":36364,"date":"2018-06-25T19:58:45","date_gmt":"2018-06-25T19:58:45","guid":{"rendered":"http:\/\/marshallradio.com\/eu\/product\/buch-das-fliegen-der-falken\/"},"modified":"2023-04-04T22:14:44","modified_gmt":"2023-04-04T22:14:44","slug":"buch-das-fliegen-der-falken","status":"publish","type":"product","link":"https:\/\/marshallradio.com\/eu\/product\/buch-das-fliegen-der-falken\/?lang=de","title":{"rendered":"Buch: Das Fliegen der Falken"},"content":{"rendered":"<p>[et_pb_section bb_built=&#8221;1&#8243;][et_pb_row][et_pb_column type=&#8221;4_4&#8243;][et_pb_text]<\/p>\n<p>Ed Pitcher<\/p>\n<p>&#8220;1969 hat mein Leben ver\u00e4ndert; es ver\u00e4ndert immer noch mein Leben. Ich habe gesehen, wie ein junger Pr\u00e4riefalke auf einem K\u00f6der landete, eine tote Taube. Der Falke wollte hacken. Sie war nicht zahm, aber sie w\u00fcrde den Falkner und mich ohne tolerieren.&#8221; Ich bemerkte, dass etwas in mir erwachte, ich konnte meinen Blick nicht von diesem Falken abwenden, jede Feder, jede Bewegung, alles an diesem Vogel faszinierte mich, mein Leben ver\u00e4nderte sich gerade, ich sollte ein Falkner werden.<\/p>\n<p>Da ich die Urspr\u00fcnge meiner Grundphilosophie in Bezug auf die Falknerei nicht genau bestimmen kann, habe ich schon fr\u00fch die \u00dcberzeugung akzeptiert, dass jeder in meine Hand gebrachte Raubvogel nichts Schlimmeres tun sollte, als wenn er sich selbst \u00fcberlassen w\u00fcrde. Meine Hoffnung war es, diese pr\u00e4chtigen V\u00f6gel zu fliegen, wie sie in der Literatur beschrieben wurden; nicht nur in der Falknereiliteratur, sondern auch in den Werken von Naturforschern, Eiersammlern und Wanderfans auf der ganzen Welt.<\/p>\n<p>Mein Lieblingsst\u00fcck im Folgenden von The Hawks of North America:<\/p>\n<p>&#8220;Der Wanderfalke ist heute vielleicht der am h\u00f6chsten spezialisierte und bestens entwickelte Flugorganismus auf unserem Planeten, der in erstaunlichem Ma\u00dfe die h\u00f6chsten Kr\u00e4fte der Geschwindigkeit und der Geschicklichkeit aus der Luft mit massiver, kriegs\u00e4hnlicher St\u00e4rke kombiniert. Eine m\u00e4chtige, wilde, majest\u00e4tische, Ein unabh\u00e4ngiger Vogel, der von sauberem, fleischlichem Essen lebt, frisch aus der Luft oder von der Wasseroberfl\u00e4che gepfl\u00fcckt wird, seine Jungen in den Winkeln gef\u00e4hrlicher Bergklippen aufzieht, die gesamte Atmosph\u00e4re als seine Dom\u00e4ne beansprucht und sich vor keinem Tier f\u00fcrchtet, das l\u00e4uft Auch wenn der Vogel nicht fliegt, ist er der Inbegriff von edler Vergewaltigung und einsamer Freiheit. Er hat seinen legitimen Platz in dem gro\u00dfen Schema der Dinge, und wenn dies jemals eintreten sollte, w\u00e4re die ganze Welt verarmt und abgestumpft . &#8221;<\/p>\n<p>G.H. Thayer, 1904<\/p>\n<p>Wenn die Falken, die ich fliege, nicht die Atmosph\u00e4re beherrschen, wenn sie nicht den Himmel erobern und mit der K\u00fchnheit des Besitzes fliegen, schaue ich schuldbewusst auf mich. Ich habe das Gef\u00fchl, den Vogel seiner nat\u00fcrlichen Talente beraubt zu haben. Ich habe es nicht geschafft, meine eigenen Ziele und mein Engagement f\u00fcr die Falken zu verwirklichen.<\/p>\n<p>Ich sehe jeden Falken, den ich geflogen habe, als Gelegenheit, sein einzigartiges Talent und seine Finesse zu bezeugen. Jeder Falke, der die M\u00f6glichkeit hat, seine eigenen Talente zu entwickeln, \u00fcbertrifft meine F\u00e4higkeit, ihn zu trainieren. Jeder Falke, den ich &#8220;trainiert&#8221; habe, wurde reduziert. Meine Eingriffe in die nat\u00fcrliche Entwicklung des Falken durch ein rigides Trainingsprogramm haben nur zu mittelm\u00e4\u00dfigen Fl\u00fcgen von begrenztem Raum, begrenzter Zeit und Absicht gef\u00fchrt. &#8221;<\/p>\n<p>Ed Pitcher ist ein Biologe, der sich k\u00fcrzlich von einer langen Karriere in der Krankenpflege zur\u00fcckgezogen hat. Er und seine Frau Barabra wohnen jetzt in der N\u00e4he von Malad, Idaho, in einem Haus in den H\u00fcgeln, das ausschlie\u00dflich von Wind und Sonne angetrieben wird, auf einer Fl\u00e4che, die es ihm erlaubt, jedes Jahr eine junge Gruppe von Wanderfalken zu hacken.<\/p>\n<p>Ricardo Velarde<\/p>\n<p>&#8220;Ich besch\u00e4ftige mich seit fast vierzig Jahren mit der Falknerei. Ed Pitcher und ich haben uns 1978 auf der Falknerei in Alamosa kennengelernt. Eine der vielen gro\u00dfartigen Geschichten in diesem Buch, mit der ich Ed Pitcher auf dieser Webseite und im Buch vorstelle .<\/p>\n<p>Nachdem ich gute Freunde geworden war und Falken zusammen geflogen waren, wusste ich, dass Ed eine einzigartige Art hatte, mit seinen Falken umzugehen, und die Idee, ein Buch zu schreiben, entstand. 25 Jahre sp\u00e4ter wurde es Realit\u00e4t. &#8221;<\/p>\n<p>Ricardo Velarde wurde 1957 in Mexiko-Stadt als zweites Kind von f\u00fcnf Br\u00fcdern geboren. Schon in jungen Jahren war er ein begeisterter Sportler und langj\u00e4hriger Sprungbrett- und Plattformtaucher. W\u00e4hrend seiner Schulzeit zeigte ihm ein Freund ein Falknereibuch, das seine Fantasie erregte, und bald darauf begann er als Handwerker zu arbeiten und stellte Falknereiausr\u00fcstungen her.<\/p>\n<p>Sp\u00e4ter wurde er als Taucher f\u00fcr die Brigam Young University in Provo Utah angeworben, wo er mehrere gro\u00dfe Falkner seiner Zeit traf, die ihm halfen, sich st\u00e4rker f\u00fcr den Sport zu engagieren, darunter Gerald Richards, der auf die Idee der Sky Trials kam , das mittlerweile zu einem weltbekannten Ereignis geworden ist. Als Ricardo nach Reno, Nevada, zog, um mit Dave Jamieson an einem Falkenzuchtprojekt zu arbeiten, erwarb er auch das Glockengesch\u00e4ft von Pete Asborno. Dort lernte er in einem kleinen Coffeeshop den Besitzer kennen, der sp\u00e4ter seine Frau wurde, und unterst\u00fctzte seine Falknerei und Sport-Haabits seit jeher sehr.<\/p>\n<p>Viele Jahre sp\u00e4ter zogen sie nach Park City, Utah, wo er sich in seinen neuen Therapiesport, das Short Track Speed \u200b\u200bSkating, verliebte. Ein weiteres Hobby von ihm, das Messermachen, hat sich zu einem Lebensunterhalt entwickelt, und seine Messer sind mittlerweile auf der ganzen Welt gefragt. Die Fertigstellung dieses Buches nach so vielen Jahren erreicht ein weiteres Ziel in Ricardos interessantem und reichem Leben.<\/p>\n<p>Andrew Ellis<\/p>\n<p>&#8220;Ich erinnere mich in guter Erinnerung an einen Nachmittagsbesuch bei Ed Pitcher. Ich h\u00f6rte beeindruckt zu, als er von Erfahrungen berichtete, die er mit vielen seiner geflogenen Falken gemacht hatte. Als Ricardo mich bat, zu diesem neuen Band beizutragen, tat ich dies nicht Z\u00f6gern Sie. Eds einzigartige Sichtweise und sein umsichtiger Ansatz bei der Ausbildung von Falken haben mich an die frische Luft gebracht. Es war mir eine gro\u00dfe Ehre, sowohl mit Ricardo als auch mit Ed an diesem Buch beteiligt zu sein. Ich hoffe, Sie nehmen so viel Inspiration davon<\/p>\n<p>[\/et_pb_text][\/et_pb_column][\/et_pb_row][\/et_pb_section]<\/p>\n","protected":false},"excerpt":{"rendered":"<p>Dies ist das neue amerikanische Falknereibuch, das Falkner weltweit dazu veranlasst, ihre Kunst zu \u00fcberdenken. Und begeistertes Lob bekommen. Sobald Sie die Gelegenheit haben, es in Ihren H\u00e4nden zu halten und es zu lesen, werden Sie wissen, warum. In Anlehnung an die Entwicklungssequenz eines jungen Falken erkl\u00e4rt Ed, warum er bestrebt ist, seinen V\u00f6geln zu erm\u00f6glichen, die nat\u00fcrlichen Phasen zu durchlaufen, um das beabsichtigte Selbstvertrauen, die Initiative und die F\u00e4higkeiten der Natur zu entwickeln, ohne dass der Falkner in die Quere kommt. Das Ergebnis ist ein in Gefangenschaft gehaltener Falke mit einem &#8220;wilden Verstand&#8221;, der fliegt und sich so verh\u00e4lt und erfolgreich ist wie sein wildes Gegenst\u00fcck.<\/p>\n<div class=\"read-more\"><a href=\"https:\/\/marshallradio.com\/eu\/product\/buch-das-fliegen-der-falken\/?lang=de\">Read more <span class=\"screen-reader-text\">Buch: Das Fliegen der Falken<\/span><span class=\"meta-nav\"> &#8250;<\/span><\/a><\/div>\n<p><!-- end of .read-more --><\/p>\n","protected":false},"featured_media":29962,"template":"","meta":{"_acf_changed":false},"product_brand":[],"product_cat":[62],"product_tag":[],"class_list":{"0":"post-36364","1":"product","2":"type-product","3":"status-publish","4":"has-post-thumbnail","6":"product_cat-worldwide-accessories-excluding-gulf-de","8":"first","9":"instock","10":"taxable","11":"shipping-taxable","12":"purchasable","13":"product-type-variable"},"acf":[],"_links":{"self":[{"href":"https:\/\/marshallradio.com\/eu\/wp-json\/wp\/v2\/product\/36364","targetHints":{"allow":["GET"]}}],"collection":[{"href":"https:\/\/marshallradio.com\/eu\/wp-json\/wp\/v2\/product"}],"about":[{"href":"https:\/\/marshallradio.com\/eu\/wp-json\/wp\/v2\/types\/product"}],"wp:featuredmedia":[{"embeddable":true,"href":"https:\/\/marshallradio.com\/eu\/wp-json\/wp\/v2\/media\/29962"}],"wp:attachment":[{"href":"https:\/\/marshallradio.com\/eu\/wp-json\/wp\/v2\/media?parent=36364"}],"wp:term":[{"taxonomy":"product_brand","embeddable":true,"href":"https:\/\/marshallradio.com\/eu\/wp-json\/wp\/v2\/product_brand?post=36364"},{"taxonomy":"product_cat","embeddable":true,"href":"https:\/\/marshallradio.com\/eu\/wp-json\/wp\/v2\/product_cat?post=36364"},{"taxonomy":"product_tag","embeddable":true,"href":"https:\/\/marshallradio.com\/eu\/wp-json\/wp\/v2\/product_tag?post=36364"}],"curies":[{"name":"wp","href":"https:\/\/api.w.org\/{rel}","templated":true}]}}