
{"id":36368,"date":"2018-06-25T18:42:44","date_gmt":"2018-06-25T18:42:44","guid":{"rendered":"http:\/\/marshallradio.com\/eu\/product\/volumenpreise-fur-batterien\/"},"modified":"2023-03-14T18:06:23","modified_gmt":"2023-03-14T18:06:23","slug":"volumenpreise-fur-batterien","status":"publish","type":"product","link":"https:\/\/marshallradio.com\/eu\/product\/volumenpreise-fur-batterien\/?lang=de","title":{"rendered":"Volumenpreise f\u00fcr Batterien"},"content":{"rendered":"","protected":false},"excerpt":{"rendered":"<p>Die unten aufgef\u00fchrten Gro\u00dfhandelspreise sind auf das Volumen zur\u00fcckzuf\u00fchren, in dem wir Batterien f\u00fcr die interne Pr\u00fcfung \/ das Einbrennen jedes Senders und f\u00fcr den weltweiten Vertrieb kaufen. Haltbarkeit von Lithium-Batterien: 5-7 Jahre<\/p>\n<div class=\"read-more\"><a href=\"https:\/\/marshallradio.com\/eu\/product\/volumenpreise-fur-batterien\/?lang=de\">Read more <span class=\"screen-reader-text\">Volumenpreise f\u00fcr Batterien<\/span><span class=\"meta-nav\"> &#8250;<\/span><\/a><\/div>\n<p><!-- end of .read-more --><\/p>\n","protected":false},"featured_media":44417,"template":"","meta":{"_acf_changed":false},"product_brand":[],"product_cat":[62],"product_tag":[],"class_list":{"0":"post-36368","1":"product","2":"type-product","3":"status-publish","4":"has-post-thumbnail","6":"product_cat-worldwide-accessories-excluding-gulf-de","8":"first","9":"instock","10":"taxable","11":"shipping-taxable","12":"purchasable","13":"product-type-variable"},"acf":[],"_links":{"self":[{"href":"https:\/\/marshallradio.com\/eu\/wp-json\/wp\/v2\/product\/36368","targetHints":{"allow":["GET"]}}],"collection":[{"href":"https:\/\/marshallradio.com\/eu\/wp-json\/wp\/v2\/product"}],"about":[{"href":"https:\/\/marshallradio.com\/eu\/wp-json\/wp\/v2\/types\/product"}],"wp:featuredmedia":[{"embeddable":true,"href":"https:\/\/marshallradio.com\/eu\/wp-json\/wp\/v2\/media\/44417"}],"wp:attachment":[{"href":"https:\/\/marshallradio.com\/eu\/wp-json\/wp\/v2\/media?parent=36368"}],"wp:term":[{"taxonomy":"product_brand","embeddable":true,"href":"https:\/\/marshallradio.com\/eu\/wp-json\/wp\/v2\/product_brand?post=36368"},{"taxonomy":"product_cat","embeddable":true,"href":"https:\/\/marshallradio.com\/eu\/wp-json\/wp\/v2\/product_cat?post=36368"},{"taxonomy":"product_tag","embeddable":true,"href":"https:\/\/marshallradio.com\/eu\/wp-json\/wp\/v2\/product_tag?post=36368"}],"curies":[{"name":"wp","href":"https:\/\/api.w.org\/{rel}","templated":true}]}}