
{"id":36376,"date":"2018-06-25T16:27:34","date_gmt":"2018-06-25T16:27:34","guid":{"rendered":"http:\/\/marshallradio.com\/eu\/product\/schwanzfedern\/"},"modified":"2021-04-27T17:40:55","modified_gmt":"2021-04-27T17:40:55","slug":"schwanzfedern","status":"publish","type":"product","link":"https:\/\/marshallradio.com\/eu\/product\/schwanzfedern\/?lang=de","title":{"rendered":"Schwanzfedern"},"content":{"rendered":"","protected":false},"excerpt":{"rendered":"<p>Sie k\u00f6nnen bei Bedarf leicht einen besch\u00e4digten Schwanzfederdraht austauschen. W\u00e4hlen Sie unten das Federmodell, das Sie f\u00fcr Ihren Sender ben\u00f6tigen.<\/p>\n<p>Die UHF-Senderfedern f\u00fcr RT vor 2018 sind fest eingebaut und m\u00fcssen bei Ihrer \u00f6rtlichen Niederlassung ausgetauscht werden.<\/p>\n<p>Der Preis gilt f\u00fcr eine einzelne Schwanzfeder.<\/p>\n<div class=\"read-more\"><a href=\"https:\/\/marshallradio.com\/eu\/product\/schwanzfedern\/?lang=de\">Read more <span class=\"screen-reader-text\">Schwanzfedern<\/span><span class=\"meta-nav\"> &#8250;<\/span><\/a><\/div>\n<p><!-- end of .read-more --><\/p>\n","protected":false},"featured_media":44340,"template":"","meta":{"_acf_changed":false},"product_brand":[],"product_cat":[62],"product_tag":[],"class_list":{"0":"post-36376","1":"product","2":"type-product","3":"status-publish","4":"has-post-thumbnail","6":"product_cat-worldwide-accessories-excluding-gulf-de","8":"first","9":"instock","10":"taxable","11":"shipping-taxable","12":"purchasable","13":"product-type-variable"},"acf":[],"_links":{"self":[{"href":"https:\/\/marshallradio.com\/eu\/wp-json\/wp\/v2\/product\/36376","targetHints":{"allow":["GET"]}}],"collection":[{"href":"https:\/\/marshallradio.com\/eu\/wp-json\/wp\/v2\/product"}],"about":[{"href":"https:\/\/marshallradio.com\/eu\/wp-json\/wp\/v2\/types\/product"}],"wp:featuredmedia":[{"embeddable":true,"href":"https:\/\/marshallradio.com\/eu\/wp-json\/wp\/v2\/media\/44340"}],"wp:attachment":[{"href":"https:\/\/marshallradio.com\/eu\/wp-json\/wp\/v2\/media?parent=36376"}],"wp:term":[{"taxonomy":"product_brand","embeddable":true,"href":"https:\/\/marshallradio.com\/eu\/wp-json\/wp\/v2\/product_brand?post=36376"},{"taxonomy":"product_cat","embeddable":true,"href":"https:\/\/marshallradio.com\/eu\/wp-json\/wp\/v2\/product_cat?post=36376"},{"taxonomy":"product_tag","embeddable":true,"href":"https:\/\/marshallradio.com\/eu\/wp-json\/wp\/v2\/product_tag?post=36376"}],"curies":[{"name":"wp","href":"https:\/\/api.w.org\/{rel}","templated":true}]}}