
{"id":36381,"date":"2018-06-25T16:22:21","date_gmt":"2018-06-25T16:22:21","guid":{"rendered":"http:\/\/marshallradio.com\/eu\/product\/ersatzdeckel-fur-sender\/"},"modified":"2024-07-18T22:23:15","modified_gmt":"2024-07-18T22:23:15","slug":"ersatzdeckel-fur-sender","status":"publish","type":"product","link":"https:\/\/marshallradio.com\/eu\/product\/ersatzdeckel-fur-sender\/?lang=de","title":{"rendered":"Ersatzdeckel f\u00fcr Sender"},"content":{"rendered":"","protected":false},"excerpt":{"rendered":"<p>Obwohl f\u00fcr eine Ewigkeit ausgelegt, ben\u00f6tigen Sie von Zeit zu Zeit m\u00f6glicherweise einen Ersatzdeckel f\u00fcr Ihren Sender.<\/p>\n<p>Die EZ Twist Option<\/p>\n<p>Die einfachste und schnellste M\u00f6glichkeit, einen am Bein montierten Sender zu installieren oder ihn zwischen mehreren V\u00f6geln zu bewegen. Einfache Installation Ihres Senders mit einer Hand vor dem Flug. Mit wenigen Umdrehungen wird der Sender am Bein befestigt. Kauf beinhaltet Beh\u00e4lter. Verf\u00fcgbar ab sofort f\u00fcr RT-GPS sowie f\u00fcr alle batteriebetriebenen Marshall 1 \/ 3N-Sender, einschlie\u00dflich der Modelle RT Standard, RT UHF und RT Plus (2005+)<\/p>\n<div class=\"read-more\"><a href=\"https:\/\/marshallradio.com\/eu\/product\/ersatzdeckel-fur-sender\/?lang=de\">Read more <span class=\"screen-reader-text\">Ersatzdeckel f\u00fcr Sender<\/span><span class=\"meta-nav\"> &#8250;<\/span><\/a><\/div>\n<p><!-- end of .read-more --><\/p>\n","protected":false},"featured_media":44581,"template":"","meta":{"_acf_changed":false},"product_brand":[],"product_cat":[62],"product_tag":[],"class_list":{"0":"post-36381","1":"product","2":"type-product","3":"status-publish","4":"has-post-thumbnail","6":"product_cat-worldwide-accessories-excluding-gulf-de","8":"first","9":"instock","10":"taxable","11":"shipping-taxable","12":"purchasable","13":"product-type-variable"},"acf":[],"_links":{"self":[{"href":"https:\/\/marshallradio.com\/eu\/wp-json\/wp\/v2\/product\/36381","targetHints":{"allow":["GET"]}}],"collection":[{"href":"https:\/\/marshallradio.com\/eu\/wp-json\/wp\/v2\/product"}],"about":[{"href":"https:\/\/marshallradio.com\/eu\/wp-json\/wp\/v2\/types\/product"}],"wp:featuredmedia":[{"embeddable":true,"href":"https:\/\/marshallradio.com\/eu\/wp-json\/wp\/v2\/media\/44581"}],"wp:attachment":[{"href":"https:\/\/marshallradio.com\/eu\/wp-json\/wp\/v2\/media?parent=36381"}],"wp:term":[{"taxonomy":"product_brand","embeddable":true,"href":"https:\/\/marshallradio.com\/eu\/wp-json\/wp\/v2\/product_brand?post=36381"},{"taxonomy":"product_cat","embeddable":true,"href":"https:\/\/marshallradio.com\/eu\/wp-json\/wp\/v2\/product_cat?post=36381"},{"taxonomy":"product_tag","embeddable":true,"href":"https:\/\/marshallradio.com\/eu\/wp-json\/wp\/v2\/product_tag?post=36381"}],"curies":[{"name":"wp","href":"https:\/\/api.w.org\/{rel}","templated":true}]}}