
{"id":36410,"date":"2018-06-25T16:03:47","date_gmt":"2018-06-25T16:03:47","guid":{"rendered":"http:\/\/marshallradio.com\/eu\/product\/ersatzantenne\/"},"modified":"2024-07-18T22:18:33","modified_gmt":"2024-07-18T22:18:33","slug":"ersatzantenne","status":"publish","type":"product","link":"https:\/\/marshallradio.com\/eu\/product\/ersatzantenne\/?lang=de","title":{"rendered":"Ersatzantenne"},"content":{"rendered":"<p>Im folgenden Video finden Sie Anweisungen zum Ersetzen einer Antenne bei Sendern mit W\u00e4rmeschrumpfung. Wenn Ihr Sender einen Antennenschutz hat, m\u00fcssen Sie keinen W\u00e4rmeschrumpf anwenden.<\/p>\n<p><iframe loading=\"lazy\" title=\"Replacing the antenna on a Transmitter\" src=\"https:\/\/player.vimeo.com\/video\/10494003?h=5b3ea3aaa5&amp;dnt=1&amp;app_id=122963\" width=\"640\" height=\"424\" frameborder=\"0\" allow=\"autoplay; fullscreen; picture-in-picture\" allowfullscreen><\/iframe><\/p>\n","protected":false},"excerpt":{"rendered":"<p>Eine gerade Antenne ist wichtig f\u00fcr die Erzeugung eines starken Signals. Wenn Ihre Antennen geknickt, gewellt und zum letzten Mal gerade ausgerichtet sind, sollten Sie m\u00f6glicherweise eine neue kaufen, um die Spitzenleistung aufrechtzuerhalten. Vor Ort austauschbare Antennen werden direkt am Antennenstecker des Senders angeschraubt.<\/p>\n<p>Erh\u00e4ltlich in normaler oder schwerer St\u00e4rke.<\/p>\n<p>Geben Sie in den Hinweisen f\u00fcr Heavy- und Eagle-Antennen an, f\u00fcr welchen Sender Sie kaufen.<\/p>\n<div class=\"read-more\"><a href=\"https:\/\/marshallradio.com\/eu\/product\/ersatzantenne\/?lang=de\">Read more <span class=\"screen-reader-text\">Ersatzantenne<\/span><span class=\"meta-nav\"> &#8250;<\/span><\/a><\/div>\n<p><!-- end of .read-more --><\/p>\n","protected":false},"featured_media":44181,"template":"","meta":{"_acf_changed":false},"product_brand":[],"product_cat":[62],"product_tag":[],"class_list":{"0":"post-36410","1":"product","2":"type-product","3":"status-publish","4":"has-post-thumbnail","6":"product_cat-worldwide-accessories-excluding-gulf-de","8":"first","9":"instock","10":"taxable","11":"shipping-taxable","12":"purchasable","13":"product-type-variable"},"acf":[],"_links":{"self":[{"href":"https:\/\/marshallradio.com\/eu\/wp-json\/wp\/v2\/product\/36410","targetHints":{"allow":["GET"]}}],"collection":[{"href":"https:\/\/marshallradio.com\/eu\/wp-json\/wp\/v2\/product"}],"about":[{"href":"https:\/\/marshallradio.com\/eu\/wp-json\/wp\/v2\/types\/product"}],"wp:featuredmedia":[{"embeddable":true,"href":"https:\/\/marshallradio.com\/eu\/wp-json\/wp\/v2\/media\/44181"}],"wp:attachment":[{"href":"https:\/\/marshallradio.com\/eu\/wp-json\/wp\/v2\/media?parent=36410"}],"wp:term":[{"taxonomy":"product_brand","embeddable":true,"href":"https:\/\/marshallradio.com\/eu\/wp-json\/wp\/v2\/product_brand?post=36410"},{"taxonomy":"product_cat","embeddable":true,"href":"https:\/\/marshallradio.com\/eu\/wp-json\/wp\/v2\/product_cat?post=36410"},{"taxonomy":"product_tag","embeddable":true,"href":"https:\/\/marshallradio.com\/eu\/wp-json\/wp\/v2\/product_tag?post=36410"}],"curies":[{"name":"wp","href":"https:\/\/api.w.org\/{rel}","templated":true}]}}