
{"id":36426,"date":"2018-06-25T15:36:07","date_gmt":"2018-06-25T15:36:07","guid":{"rendered":"http:\/\/marshallradio.com\/eu\/product\/uhf-rundstrahlantenne\/"},"modified":"2023-03-15T17:09:30","modified_gmt":"2023-03-15T17:09:30","slug":"uhf-rundstrahlantenne","status":"publish","type":"product","link":"https:\/\/marshallradio.com\/eu\/product\/uhf-rundstrahlantenne\/?lang=de","title":{"rendered":"UHF-Rundstrahlantenne"},"content":{"rendered":"<p><iframe loading=\"lazy\" title=\"Omni and Yagi connections\" width=\"750\" height=\"422\" src=\"https:\/\/www.youtube.com\/embed\/_H2id2LEC9c?feature=oembed\" frameborder=\"0\" allow=\"accelerometer; autoplay; encrypted-media; gyroscope; picture-in-picture\" allowfullscreen><\/iframe><\/p>\n","protected":false},"excerpt":{"rendered":"<p>Falkner verwenden OMNIs seit vielen Jahren, um die N\u00e4he in einem fahrenden Auto zu bestimmen, w\u00e4hrend sie einen Bereich abdecken, in dem sie ihre V\u00f6gel verfolgen. Dieses Modell ist eine qualitativ hochwertigere Version des bekannten Designs. Wird mit einem 10-Fu\u00df-Koaxialkabel und einem SMB-Anschluss f\u00fcr Ihren Field Marshall-Empf\u00e4nger geliefert.<\/p>\n<p>* Omni-Antenne auf dem Foto oben auf dem Fahrzeug abgebildet<\/p>\n<div class=\"read-more\"><a href=\"https:\/\/marshallradio.com\/eu\/product\/uhf-rundstrahlantenne\/?lang=de\">Read more <span class=\"screen-reader-text\">UHF-Rundstrahlantenne<\/span><span class=\"meta-nav\"> &#8250;<\/span><\/a><\/div>\n<p><!-- end of .read-more --><\/p>\n","protected":false},"featured_media":44069,"template":"","meta":{"_acf_changed":false},"product_brand":[],"product_cat":[62,75],"product_tag":[],"class_list":{"0":"post-36426","1":"product","2":"type-product","3":"status-publish","4":"has-post-thumbnail","6":"product_cat-worldwide-accessories-excluding-gulf-de","7":"product_cat-gps-system","9":"first","10":"instock","11":"taxable","12":"shipping-taxable","13":"purchasable","14":"product-type-simple"},"acf":[],"_links":{"self":[{"href":"https:\/\/marshallradio.com\/eu\/wp-json\/wp\/v2\/product\/36426","targetHints":{"allow":["GET"]}}],"collection":[{"href":"https:\/\/marshallradio.com\/eu\/wp-json\/wp\/v2\/product"}],"about":[{"href":"https:\/\/marshallradio.com\/eu\/wp-json\/wp\/v2\/types\/product"}],"wp:featuredmedia":[{"embeddable":true,"href":"https:\/\/marshallradio.com\/eu\/wp-json\/wp\/v2\/media\/44069"}],"wp:attachment":[{"href":"https:\/\/marshallradio.com\/eu\/wp-json\/wp\/v2\/media?parent=36426"}],"wp:term":[{"taxonomy":"product_brand","embeddable":true,"href":"https:\/\/marshallradio.com\/eu\/wp-json\/wp\/v2\/product_brand?post=36426"},{"taxonomy":"product_cat","embeddable":true,"href":"https:\/\/marshallradio.com\/eu\/wp-json\/wp\/v2\/product_cat?post=36426"},{"taxonomy":"product_tag","embeddable":true,"href":"https:\/\/marshallradio.com\/eu\/wp-json\/wp\/v2\/product_tag?post=36426"}],"curies":[{"name":"wp","href":"https:\/\/api.w.org\/{rel}","templated":true}]}}