
{"id":36427,"date":"2018-06-20T18:42:35","date_gmt":"2018-06-20T18:42:35","guid":{"rendered":"http:\/\/marshallradio.com\/eu\/product\/signalsensor\/"},"modified":"2021-05-07T17:37:07","modified_gmt":"2021-05-07T17:37:07","slug":"signalsensor","status":"publish","type":"product","link":"https:\/\/marshallradio.com\/eu\/product\/signalsensor\/?lang=de","title":{"rendered":"Signal sensor"},"content":{"rendered":"<p>Evolution im Design<br \/>\nDer Signalsensor ist ein kompakter Breitband-Mikroempf\u00e4nger, der vom Radioexperten Ron Kumetz entwickelt wurde, um den Betrieb von Marshall Radio Telemetry-Sendern aus n\u00e4chster N\u00e4he zu erfassen. Jeder Sender mit Magnetschalter kann mit dem internen Magnet des Signalsensors ein- und ausgeschaltet werden, w\u00e4hrend das Signal gleichzeitig geh\u00f6rt und mit einer blinkenden LED f\u00fcr die Einhandbedienung in einem Schritt angezeigt wird.<\/p>\n<p>Wenn Sie den Ein-Schalter gedr\u00fcckt halten, h\u00f6ren und sehen Sie zwei kurze Piept\u00f6ne, gefolgt von Stille, wenn sich kein betriebsbereiter Sender in der N\u00e4he befindet. Wenn Sie es jedoch in die N\u00e4he eines laufenden Senders bringen, h\u00f6ren Sie, wie es l\u00e4uft. Die LED blinkt bei jedem Impuls. Ber\u00fchren Sie den Sender mit dem Ger\u00e4t, wie in diesem Bild gezeigt, und Sie h\u00f6ren die f\u00fcnf kurzen Piept\u00f6ne, wenn sich der Magnetschalter ausschaltet, gefolgt von der Stille.<\/p>\n<p>Dieses handliche kleine Ger\u00e4t ist bei uns in einer Farbe erh\u00e4ltlich (&#8220;Marshall Grey&#8221;), aber das gleiche Produkt kann bei Western Sporting in verschiedenen Farben als &#8220;Signal Finder&#8221; erworben werden.<\/p>\n<p>In einem robusten wetterfesten Geh\u00e4use untergebracht.<br \/>\nInterner Magnet zum Ein- und Ausschalten des Senders.<br \/>\nEinfache Druckknopfbedienung verhindert Batterieentladung bei Nichtgebrauch.<br \/>\nMikroprozessorgesteuerter Signalerkennungsalgorithmus.<br \/>\nLED- und Tonanzeigen signalisieren, dass der Sender betriebsbereit ist.<br \/>\nLED- und Tonanzeigen signalisieren, dass die Testbatterie funktioniert.<br \/>\nLanyard-Befestigungspunkt, um einen Verlust auf dem Feld zu verhindern.<br \/>\nFAQ<br \/>\nKann ich den Signalsensor anstelle eines Tracking-Empf\u00e4ngers verwenden?<\/p>\n<p>Sie k\u00f6nnen den Signalsensor verwenden, um zu erkennen, ob ein Sender in sehr kurzer Entfernung l\u00e4uft. Aber es gibt keine Peilung. Der Signalsensor wurde entwickelt, um die Bequemlichkeit des Magnetschalters an Ihren Marshall Radio-Sendern noch komfortabler zu machen, da Sie nicht aufmachen, Ihren Verfolgungsempf\u00e4nger einschalten und das Signal einstellen m\u00fcssen, um nur auf den Sender zu achten, wenn Sie den Magneten verwenden um es auszuschalten. Mit dem Signalsensor haben Sie alles in der Hand (Magnet, Erkennung, Ton), damit der Empf\u00e4nger nach dem Flug in seinem Holster im Lastwagen verstaut bleibt.<\/p>\n<p>Wie ist das im Vergleich zu anderen Sendertestern?<\/p>\n<p>Der Hauptvorteil ist, dass es viel weniger sperrig ist als die beiden hier gezeigten Box-Designs. Im Vergleich dazu ist es mikrogross und durch sein extrem geringes Gewicht ist es ein sehr n\u00fctzliches Ger\u00e4t f\u00fcr unterwegs, entweder mit dem Trageband um den Hals oder verbunden mit einer Falkenweste.<\/p>\n<p>Au\u00dferdem ist die verwendete Batterie die \u00e4u\u00dferst gebr\u00e4uchliche und leicht zu findende CR 2032 Knopfzelle 3v Lithium.<\/p>\n<p>Last but not least sind es nur ein halbes bis ein Drittel der Kosten f\u00fcr die gr\u00f6\u00dferen Kartons!<\/p>\n","protected":false},"excerpt":{"rendered":"<p>Der Signalsensor ist ein kompakter Breitband-Mikroempf\u00e4nger, der den Betrieb Ihrer Marshall-Funksender aus n\u00e4chster N\u00e4he \u00fcberpr\u00fcft. Jeder Sender mit Magnetschalter kann mit dem internen Magnet des Signalsensors ein- und ausgeschaltet werden, w\u00e4hrend das Signal gleichzeitig geh\u00f6rt und mit einer blinkenden LED f\u00fcr die Einhandbedienung in einem Schritt angezeigt wird.<\/p>\n<div class=\"read-more\"><a href=\"https:\/\/marshallradio.com\/eu\/product\/signalsensor\/?lang=de\">Read more <span class=\"screen-reader-text\">Signal sensor<\/span><span class=\"meta-nav\"> &#8250;<\/span><\/a><\/div>\n<p><!-- end of .read-more --><\/p>\n","protected":false},"featured_media":44203,"template":"","meta":{"_acf_changed":false},"product_brand":[],"product_cat":[62],"product_tag":[],"class_list":{"0":"post-36427","1":"product","2":"type-product","3":"status-publish","4":"has-post-thumbnail","6":"product_cat-worldwide-accessories-excluding-gulf-de","8":"first","9":"outofstock","10":"taxable","11":"shipping-taxable","12":"purchasable","13":"product-type-simple"},"acf":[],"_links":{"self":[{"href":"https:\/\/marshallradio.com\/eu\/wp-json\/wp\/v2\/product\/36427","targetHints":{"allow":["GET"]}}],"collection":[{"href":"https:\/\/marshallradio.com\/eu\/wp-json\/wp\/v2\/product"}],"about":[{"href":"https:\/\/marshallradio.com\/eu\/wp-json\/wp\/v2\/types\/product"}],"wp:featuredmedia":[{"embeddable":true,"href":"https:\/\/marshallradio.com\/eu\/wp-json\/wp\/v2\/media\/44203"}],"wp:attachment":[{"href":"https:\/\/marshallradio.com\/eu\/wp-json\/wp\/v2\/media?parent=36427"}],"wp:term":[{"taxonomy":"product_brand","embeddable":true,"href":"https:\/\/marshallradio.com\/eu\/wp-json\/wp\/v2\/product_brand?post=36427"},{"taxonomy":"product_cat","embeddable":true,"href":"https:\/\/marshallradio.com\/eu\/wp-json\/wp\/v2\/product_cat?post=36427"},{"taxonomy":"product_tag","embeddable":true,"href":"https:\/\/marshallradio.com\/eu\/wp-json\/wp\/v2\/product_tag?post=36427"}],"curies":[{"name":"wp","href":"https:\/\/api.w.org\/{rel}","templated":true}]}}