
{"id":36428,"date":"2018-06-20T18:21:18","date_gmt":"2018-06-20T18:21:18","guid":{"rendered":"http:\/\/marshallradio.com\/eu\/product\/trackpack-befestigungssystem\/"},"modified":"2024-11-27T00:18:02","modified_gmt":"2024-11-27T00:18:02","slug":"trackpack-befestigungssystem","status":"publish","type":"product","link":"https:\/\/marshallradio.com\/eu\/product\/trackpack-befestigungssystem\/?lang=de","title":{"rendered":"TrackPack-Befestigungssystem"},"content":{"rendered":"<p><strong>Die Methode zur Befestigung von Rucks\u00e4cken wird von Biologen seit vielen Jahren auf verschiedene Arten angewendet, von denen einige besser sind als andere.<\/strong> Mark Williams aus Alberta, Kanada, verfeinerte das beste Grunddesign und bewies seine Lebensf\u00e4higkeit f\u00fcr die Falknerei. Dieser Ansatz mit der Nummer acht wurde weiter vereinfacht und von Marshall Radio als &#8220;TrackPack-Montagesystem&#8221; in die Produktion eingef\u00fchrt, um eine weitere vierte Montagemethode zur Auswahl hinzuzuf\u00fcgen. In nur sieben Jahren hat es sich bei Falknern auf der ganzen Welt zu einer weit verbreiteten Befestigungsoption entwickelt. Das TrackPack ist das &#8220;Ready-to-Go-Kit&#8221; f\u00fcr die Rucksackmontage. Ausgehend von einer sanft gebogenen Montageplatte aus UV-gesch\u00fctztem Delrin-Kunststoff f\u00fcgen wir 36 Zoll breites Teflon-Schlauchband und einen kleinen Crimpring aus Messing hinzu, der speziell f\u00fcr diesen Zweck hergestellt wurde und mit einem Innengewinde f\u00fcr maximalen Biss in das Band bei der endg\u00fcltigen Einstellung versehen ist .<\/p>\n<p><a href=\"https:\/\/vimeo.com\/442151590\">Neue Methode f\u00fcr die TrackPack-Installation (Englisch)<\/a><\/p>\n<p><a href=\"https:\/\/vimeo.com\/384648120\">Neue Methode f\u00fcr die TrackPack-Installation (Spanisch)<\/a><\/p>\n<p><a href=\"https:\/\/vimeo.com\/97463308\">So installieren Sie ein TrackPack (Englisch)<\/a><\/p>\n<p><a href=\"https:\/\/vimeo.com\/97752481\">So installieren Sie ein TrackPack (Spanisch)<\/a><\/p>\n<p><a href=\"https:\/\/vimeo.com\/235815733\">TrackPack auf einer Taube (Englisch)<\/a><\/p>\n<p><a href=\"https:\/\/vimeo.com\/235812712\">TrackPack auf einer Taube (Spanisch)<\/a><\/p>\n<p>Hauptmerkmale<br \/>\nEs wird nur schlauchf\u00f6rmiges Teflonband verwendet<\/p>\n<p>Das f\u00fcr den tats\u00e4chlichen Gurt verwendete Material ist f\u00fcr die Sicherheit der Idee von entscheidender Bedeutung. Das schlauchf\u00f6rmige Band hat keine zu schneidenden oder verletzenden Kanten und ist von Natur aus rutschig und glatt. Dies ist das gleiche Material, das seit vielen Jahren vom Peregrine Fund hier in den USA und auf der ganzen Welt f\u00fcr die Befestigung von Gurten in ihren Migrationsstudien ausgew\u00e4hlt und verwendet wird.<\/p>\n<p>Glatte und rutschige Delrin-Montageplatte<\/p>\n<p>Wir haben urspr\u00fcnglich ein einfaches Lederpolster mit einem daran befestigten Aluminium-Endst\u00fcck f\u00fcr die Montageplatte verwendet. Es wurde festgestellt, dass das Leder mit der Zeit eine leichte Achtform annehmen w\u00fcrde, wenn sich die Seiten durch Druck zwischen den Schultern w\u00e4hrend der Aufw\u00e4rtsbewegungen des Fl\u00fcgels zusammenrollen.<\/p>\n<p>Wir haben Leder durch ein \u00e4hnliches Formteil aus bearbeitetem Delrin ersetzt, dessen Breite gering war und dessen L\u00e4nge gerade ausreichte, um die Schwanzfeder zu befestigen und den Sender vom Boden zu sch\u00fctzen. Delrin ist ein hochfester zerspanbarer Kunststoff und wirkt nicht als W\u00e4rmeschrumpfmittel oder auf andere Weise reizend in Bezug auf die Temperatur.<\/p>\n<p>Alle Kanten sind abgerundet und glatt, und die Gesamtform ist sanft gebogen, um der Form des R\u00fcckens besser zu entsprechen. Wir verwenden ein teures UV-best\u00e4ndiges Delrin, das f\u00fcr 20 Jahre bei direkter Sonneneinstrahlung zugelassen ist, ohne spr\u00f6de oder rissig zu werden. So ist es m\u00f6glich, dass Ihre Kinder Ihre gebrauchten Montageplatten erben.<\/p>\n<p>\u00dcberl\u00e4nge des Bandes f\u00fcr Gr\u00f6\u00dfen\u00e4nderung und zus\u00e4tzliche Passform<\/p>\n<p>Ab einer L\u00e4nge von 36 Zoll oder 18 Zoll pro Seite haben die meisten Hawks und Falcons ausreichend Platz, um etwa 5-7 Zoll mehr Platz f\u00fcr Manipulationen, Gr\u00f6\u00dfenentscheidungen und allgemeine Handhabungen zu haben.<\/p>\n<p>Kundenspezifischer Crimpring aus Messing mit Innengewinde<\/p>\n<p>Wir nehmen Messingrohre und klopfen einen Faden hinein, um beim Crimpen einen besseren Biss zu erzielen. Es wurde getestet, indem ein Eimer mit Gewichten auf etwa 25 Pfund Haltekraft aufgeh\u00e4ngt wurde.<\/p>\n<p>Drei Gr\u00f6\u00dfen<\/p>\n<p>Das TrackPack in Micro-Gr\u00f6\u00dfe verwendet das engste kleinste Band und nimmt nur eine Feder in Micro-Gr\u00f6\u00dfe auf.<\/p>\n<p>Das TrackPack in normaler Gr\u00f6\u00dfe ist f\u00fcr alle Sender geeignet, auch f\u00fcr das Micro.<\/p>\n<p>Beim XL- oder Eagle-TrackPack wird das 1\/4-Zoll-Band verwendet. Eine l\u00e4ngere Montageplatte hilft dabei, das Band tiefer am Rumpf zu positionieren. Dies kann auch f\u00fcr gro\u00dfe Buteos verwendet werden.<\/p>\n","protected":false},"excerpt":{"rendered":"<p>&nbsp;<\/p>\n<ul>\n<li><strong>Micro TrackPack &#8211;<\/strong> Kleine Raptoren (Merlin, Kestrel), die mit Micro Transmitter verwendet werden<\/li>\n<li><strong>Regular TrackPack &#8211;<\/strong> Mittelgro\u00dfe bis gro\u00dfe Raptoren (Peregrine, Harris, Goshawks, Redtails)<\/li>\n<li><strong>Extra gro\u00dfes TrackPack &#8211;<\/strong> Extra gro\u00dfe Raptoren (Eagles)<\/li>\n<\/ul>\n<p>&nbsp;<\/p>\n<div class=\"read-more\"><a href=\"https:\/\/marshallradio.com\/eu\/product\/trackpack-befestigungssystem\/?lang=de\">Read more <span class=\"screen-reader-text\">TrackPack-Befestigungssystem<\/span><span class=\"meta-nav\"> &#8250;<\/span><\/a><\/div>\n<p><!-- end of .read-more --><\/p>\n","protected":false},"featured_media":44403,"template":"","meta":{"_acf_changed":false},"product_brand":[],"product_cat":[62],"product_tag":[],"class_list":{"0":"post-36428","1":"product","2":"type-product","3":"status-publish","4":"has-post-thumbnail","6":"product_cat-worldwide-accessories-excluding-gulf-de","8":"first","9":"instock","10":"taxable","11":"shipping-taxable","12":"purchasable","13":"product-type-variable"},"acf":[],"_links":{"self":[{"href":"https:\/\/marshallradio.com\/eu\/wp-json\/wp\/v2\/product\/36428","targetHints":{"allow":["GET"]}}],"collection":[{"href":"https:\/\/marshallradio.com\/eu\/wp-json\/wp\/v2\/product"}],"about":[{"href":"https:\/\/marshallradio.com\/eu\/wp-json\/wp\/v2\/types\/product"}],"wp:featuredmedia":[{"embeddable":true,"href":"https:\/\/marshallradio.com\/eu\/wp-json\/wp\/v2\/media\/44403"}],"wp:attachment":[{"href":"https:\/\/marshallradio.com\/eu\/wp-json\/wp\/v2\/media?parent=36428"}],"wp:term":[{"taxonomy":"product_brand","embeddable":true,"href":"https:\/\/marshallradio.com\/eu\/wp-json\/wp\/v2\/product_brand?post=36428"},{"taxonomy":"product_cat","embeddable":true,"href":"https:\/\/marshallradio.com\/eu\/wp-json\/wp\/v2\/product_cat?post=36428"},{"taxonomy":"product_tag","embeddable":true,"href":"https:\/\/marshallradio.com\/eu\/wp-json\/wp\/v2\/product_tag?post=36428"}],"curies":[{"name":"wp","href":"https:\/\/api.w.org\/{rel}","templated":true}]}}