
{"id":36439,"date":"2018-06-20T17:02:06","date_gmt":"2018-06-20T17:02:06","guid":{"rendered":"http:\/\/marshallradio.com\/eu\/product\/marshall-aluminium-schwanzfeder-stucke\/"},"modified":"2023-03-14T18:22:53","modified_gmt":"2023-03-14T18:22:53","slug":"marshall-aluminium-schwanzfeder-stucke","status":"publish","type":"product","link":"https:\/\/marshallradio.com\/eu\/product\/marshall-aluminium-schwanzfeder-stucke\/?lang=de","title":{"rendered":"Marshall Aluminium Sto\u00dfclip"},"content":{"rendered":"<p>Dies sind die ultraleichten, l\u00f6tfreien Ersatzteile der neuen Generation f\u00fcr die Heckmontage, die mittlerweile von so vielen Falknern weltweit verwendet werden. Hier bei Marshall Radio in Eigenregie aus einer speziellen Flugzeugaluminiumlegierung gefertigt, dann f\u00fcr eine glatte Oberfl\u00e4che getrommelt und f\u00fcr Farbe und Schutz eloxiert, wiegen sie 1\/3 des Gewichts des Vorg\u00e4ngers aus gel\u00f6tetem Messing.<br \/>\nWenn Sie in dieser Saison eine Heckhalterung verwenden m\u00f6chten, sind diese winzigen, leicht bearbeiteten Teile die Antwort auf Genauigkeit und Qualit\u00e4t. Mit dem Original-Marshall-Installationstool ist die Installation schnell und einfach<\/p>\n","protected":false},"excerpt":{"rendered":"<ul>\n<li><strong>Mikro-Klein:<\/strong>Kleine Raptoren (die Originalgr\u00f6\u00dfe f\u00fcr Merlins, Spars, Aplomados, Eclectus, Cockatoo, African Grey), die mit einem Mikrosender verwendet werden.<\/li>\n<li><strong>Mikro-Mittel:\u00a0<\/strong>Mittelgro\u00dfe Raptoren (Peregrine, Harris &#8216;, m\u00e4nnliche Habichte), bei denen ein Mikro verwendet werden soll. Unten mittel, oben Mikrogr\u00f6\u00dfe.<\/li>\n<li><strong>Mikro-Gro\u00df:\u00a0<\/strong>Gro\u00dfe Raubv\u00f6gel (weibliche Gyrs, Redtails, Goshawks), bei denen ein Micro verwendet werden soll. Unten gro\u00df, oben Mikrogr\u00f6\u00dfe.<\/li>\n<li><strong>Mittel<\/strong>: Gyrkin, Peregrine, Harris &#8216;, m\u00e4nnliche Habichte, Milit\u00e4raras, Rotfrontaras, Kakadu<\/li>\n<li><strong>Gro\u00df<\/strong>: Weibliche Gos, weibliche Gyrfalcon<\/li>\n<li><strong>Extra<\/strong>\u00a0<strong>Gro\u00df<\/strong>: Extra gro\u00dfe Raptoren (Eagles, Greenwing Macaw, Buffons)<\/li>\n<li><strong>Gro\u00dfer Papagei<\/strong>: Gro\u00dfe Gr\u00f6\u00dfe f\u00fcr Papageien (Scarlet, Blue &#038; Gold)<\/li>\n<\/ul>\n<p>&nbsp;<\/p>\n<div class=\"read-more\"><a href=\"https:\/\/marshallradio.com\/eu\/product\/marshall-aluminium-schwanzfeder-stucke\/?lang=de\">Read more <span class=\"screen-reader-text\">Marshall Aluminium Sto\u00dfclip<\/span><span class=\"meta-nav\"> &#8250;<\/span><\/a><\/div>\n<p><!-- end of .read-more --><\/p>\n","protected":false},"featured_media":30403,"template":"","meta":{"_acf_changed":false},"product_brand":[],"product_cat":[62],"product_tag":[],"class_list":{"0":"post-36439","1":"product","2":"type-product","3":"status-publish","4":"has-post-thumbnail","6":"product_cat-worldwide-accessories-excluding-gulf-de","8":"first","9":"instock","10":"taxable","11":"shipping-taxable","12":"purchasable","13":"product-type-variable"},"acf":[],"_links":{"self":[{"href":"https:\/\/marshallradio.com\/eu\/wp-json\/wp\/v2\/product\/36439","targetHints":{"allow":["GET"]}}],"collection":[{"href":"https:\/\/marshallradio.com\/eu\/wp-json\/wp\/v2\/product"}],"about":[{"href":"https:\/\/marshallradio.com\/eu\/wp-json\/wp\/v2\/types\/product"}],"wp:featuredmedia":[{"embeddable":true,"href":"https:\/\/marshallradio.com\/eu\/wp-json\/wp\/v2\/media\/30403"}],"wp:attachment":[{"href":"https:\/\/marshallradio.com\/eu\/wp-json\/wp\/v2\/media?parent=36439"}],"wp:term":[{"taxonomy":"product_brand","embeddable":true,"href":"https:\/\/marshallradio.com\/eu\/wp-json\/wp\/v2\/product_brand?post=36439"},{"taxonomy":"product_cat","embeddable":true,"href":"https:\/\/marshallradio.com\/eu\/wp-json\/wp\/v2\/product_cat?post=36439"},{"taxonomy":"product_tag","embeddable":true,"href":"https:\/\/marshallradio.com\/eu\/wp-json\/wp\/v2\/product_tag?post=36439"}],"curies":[{"name":"wp","href":"https:\/\/api.w.org\/{rel}","templated":true}]}}