
{"id":36447,"date":"2018-06-18T21:11:46","date_gmt":"2018-06-18T21:11:46","guid":{"rendered":"http:\/\/marshallradio.com\/eu\/product\/field-marshall-digital-800-verfolgungsempfanger\/"},"modified":"2020-08-10T17:34:32","modified_gmt":"2020-08-10T17:34:32","slug":"field-marshall-digital-800-verfolgungsempfanger","status":"publish","type":"product","link":"https:\/\/marshallradio.com\/eu\/product\/field-marshall-digital-800-verfolgungsempfanger\/?lang=de","title":{"rendered":"Field Marshall Digital 800 Verfolgungsempf\u00e4nger"},"content":{"rendered":"<p>&nbsp;<\/p>\n<p><strong>MAXIMALE EMPFINDLICHKEIT<\/strong><br \/>\nUm die bestm\u00f6gliche Reichweite zu erzielen, muss ein Empf\u00e4nger \u00fcber die \u201en\u00fctzlichste Empfindlichkeit\u201c verf\u00fcgen. Die Kombination aus Empf\u00e4nger, passendem Kabel und speziell daf\u00fcr entwickelter Antenne bildet ein komplettes Paket, das harmonisch zusammenarbeiten muss, um die gr\u00f6\u00dftm\u00f6gliche Empfindlichkeit zu erzielen. Der Digital Field Marshall bietet die gr\u00f6\u00dfte Reichweite aller Tracking-Empf\u00e4nger der Welt. Nichts geht weiter als der Field Marshall, insbesondere in St\u00e4dten oder Gebieten mit \u201eunerw\u00fcnschtem Funkrauschen\u201c. Mit einer Empfindlichkeit von \u00fcber -154 dBm kann der Field Marshall die schw\u00e4chsten Signale erkennen.<\/p>\n<p><strong>MEHR FREQUENZWAHL<\/strong><\/p>\n<p>Mit dem Field Marshall 800 erhalten Sie die ersten 200 kHz (20 Kan\u00e4le) auf jedem der 4 B\u00e4nder (216.217.218.219), sodass Sie die Sender weiter auseinander halten k\u00f6nnen (um ein \u00dcberlaufen zu vermeiden) oder Hundehalsb\u00e4nder auf ein von Falknerei-Sendern getrenntes Band legen k\u00f6nnen.<\/p>\n<p><strong>EINFACHES ABSTIMMEN <\/strong><\/p>\n<p>Die Abstimmung mit dem erweiterten Abstimmknopf ist breit und vor versehentlichem Ber\u00fchren gesch\u00fctzt, sodass Sie beim Ein- und Aussteigen aus dem Fahrzeug nicht ohne Weiteres an Ihrer Abstimmungseinstellung h\u00e4ngen bleiben.<\/p>\n<p><strong>LEICHT<\/strong><br \/>\nDank der Verwendung von elektronischen Bauteilen der neuesten Generation, einem zusammenlegbaren Yagi in halber Gr\u00f6\u00dfe und einer kreativen Verpackung k\u00f6nnen wir viel auf kleinem Raum unterbringen.<\/p>\n<p>Unsere Verpflichtung, Aluminiumlegierungen mit einem maximalen Verh\u00e4ltnis von Festigkeit zu Gewicht zu verwenden, macht diesen Empf\u00e4nger so leicht und stark wie technisch m\u00f6glich.<\/p>\n<p><strong>WASSERABWEISEND<\/strong><\/p>\n<p>Fast. Der Empf\u00e4nger ist nicht f\u00fcr den Einsatz in sehr feuchten Umgebungen konzipiert, h\u00e4lt jedoch bei leichtem Regen. Wenn es versehentlich durch einen Unfall oder einen Sturz untergetaucht ist, sollte es abgelassen und getrocknet werden, bevor es erneut verwendet wird.<\/p>\n<p><strong>OPTION ZUR BENUTZUNG DES FAHRZEUGS F\u00dcR DEN EMPF\u00c4NGER<\/strong><\/p>\n<p>Der Autoadapter dient dazu, die Batterien zu umgehen und den Empf\u00e4nger f\u00fcr l\u00e4ngere Zeit im Fahrzeug mit Strom zu versorgen, um die Batterien zu schonen und sie f\u00fcr lange Spazierg\u00e4nge vom Auto weg aufzubewahren. Den Adapter f\u00fcr den Zigarettenanz\u00fcnder finden Sie im Zubeh\u00f6r. Der Field Marshall verwendet handels\u00fcbliche, leicht zu findende AAA-Batterien, die nicht wiederaufladbar sind.<\/p>\n<p><strong>WELCHE BATTERIEN ZU VERWENDEN<\/strong><\/p>\n<p>F\u00fcr den allgemeinen Gebrauch sind AAA-Alkalibatterien am kosteng\u00fcnstigsten und bieten eine gute Batterielebensdauer. Lithium-AAA-Batterien bieten jedoch die beste Leistung bei kaltem Wetter, sind am leichtesten und halten am l\u00e4ngsten. Denken Sie daran, die Batterien bei l\u00e4ngerer Lagerung (au\u00dferhalb der Saison) immer aus dem Receiver zu entfernen. Wiederaufladbare Batterien (wie NiCad oder NiMH) sollten nicht verwendet werden, da sie keine ausreichende und gleichm\u00e4\u00dfige Spannung liefern, um den Empf\u00e4nger effektiv zu betreiben.<\/p>\n<p>Verwenden Sie immer Markenbatterien (wie Energizer oder Duracell) mit umfassender Garantie, falls es jemals zu einem Unfall mit den tats\u00e4chlichen Batterien in Ihrem Receiver kommen sollte.<\/p>\n<p><strong>OPTION ZUR VERWENDUNG MIT OMNI ANTENNA<\/strong><\/p>\n<p>Der Field Marshall kann problemlos Eingaben von einer externen Antenne ausschlie\u00dfen. Entfernen Sie einfach das Koaxialkabel vom Empf\u00e4ngergeh\u00e4use und schlie\u00dfen Sie das Koaxialkabel von Ihrer externen Antenne an. Der Field Marshall verwendet einen SMB-Anschluss, die meisten Omni-Antennen verwenden den gr\u00f6\u00dferen BNC-Anschluss. Mit einem einfachen Adapter (im Lieferumfang eines Omni von Marshall Radio enthalten) k\u00f6nnen Sie andere Fahrzeugantennen an Ihren Marshall Receiver anschlie\u00dfen.<\/p>\n<p><strong>YAGI-ANTENNE IN H\u00c4LFTER GR\u00d6SSE ZUSAMMENKLAPPEN<br \/>\n<\/strong><\/p>\n<p>Der Field Marshall 800 wird standardm\u00e4\u00dfig mit unserer Miniatur-Yagi-Antenne &#8220;Half Size&#8221; geliefert. Damit ist einer der kleinsten UKW-Empf\u00e4nger auf dem Markt noch kompakter und benutzerfreundlicher.<\/p>\n<p>&nbsp;<\/p>\n","protected":false},"excerpt":{"rendered":"<p>Aufbauend auf dem Erfolg des urspr\u00fcnglichen Field Marshall-Designs beh\u00e4lt die n\u00e4chste Generation die Merkmale bei, die Kunden am ersten Empf\u00e4nger geliebt haben, wie z. Dieser Receiver bietet verschiedene Funktionen wie die Temperaturkompensation (keine Neuabstimmung erforderlich, wenn ein Signal aus der Ferne bei Temperatur\u00e4nderungen verfolgt wird), eine verbesserte Genauigkeit bei der Suche bis auf die letzten Meter und eine noch bessere Klangqualit\u00e4t.<\/p>\n<p>Jeder Empf\u00e4nger wird weiterhin mit einem Feldholster geliefert. Aufgrund seiner geringen Gr\u00f6\u00dfe und Form ist er jedoch ein &#8220;Taschenempf\u00e4nger&#8221;, der in Ihre Hawking-Tasche oder einen Teil Ihrer Pineo Hawking-Weste gesteckt werden kann.<\/p>\n<p>UKW UKW 800: (Frequenzen 216-219)<\/p>\n<div class=\"read-more\"><a href=\"https:\/\/marshallradio.com\/eu\/product\/field-marshall-digital-800-verfolgungsempfanger\/?lang=de\">Read more <span class=\"screen-reader-text\">Field Marshall Digital 800 Verfolgungsempf\u00e4nger<\/span><span class=\"meta-nav\"> &#8250;<\/span><\/a><\/div>\n<p><!-- end of .read-more --><\/p>\n","protected":false},"featured_media":38402,"template":"","meta":{"_acf_changed":false},"product_brand":[],"product_cat":[94],"product_tag":[],"class_list":{"0":"post-36447","1":"product","2":"type-product","3":"status-publish","4":"has-post-thumbnail","6":"product_cat-nicht-kategorisiert","8":"first","9":"outofstock","10":"taxable","11":"shipping-taxable","12":"purchasable","13":"product-type-simple"},"acf":[],"_links":{"self":[{"href":"https:\/\/marshallradio.com\/eu\/wp-json\/wp\/v2\/product\/36447","targetHints":{"allow":["GET"]}}],"collection":[{"href":"https:\/\/marshallradio.com\/eu\/wp-json\/wp\/v2\/product"}],"about":[{"href":"https:\/\/marshallradio.com\/eu\/wp-json\/wp\/v2\/types\/product"}],"wp:featuredmedia":[{"embeddable":true,"href":"https:\/\/marshallradio.com\/eu\/wp-json\/wp\/v2\/media\/38402"}],"wp:attachment":[{"href":"https:\/\/marshallradio.com\/eu\/wp-json\/wp\/v2\/media?parent=36447"}],"wp:term":[{"taxonomy":"product_brand","embeddable":true,"href":"https:\/\/marshallradio.com\/eu\/wp-json\/wp\/v2\/product_brand?post=36447"},{"taxonomy":"product_cat","embeddable":true,"href":"https:\/\/marshallradio.com\/eu\/wp-json\/wp\/v2\/product_cat?post=36447"},{"taxonomy":"product_tag","embeddable":true,"href":"https:\/\/marshallradio.com\/eu\/wp-json\/wp\/v2\/product_tag?post=36447"}],"curies":[{"name":"wp","href":"https:\/\/api.w.org\/{rel}","templated":true}]}}