
{"id":36462,"date":"2018-06-18T17:04:11","date_gmt":"2018-06-18T17:04:11","guid":{"rendered":"http:\/\/marshallradio.com\/eu\/product\/scout-ukw-sender\/"},"modified":"2024-10-10T16:56:37","modified_gmt":"2024-10-10T16:56:37","slug":"scout-ukw-sender","status":"publish","type":"product","link":"https:\/\/marshallradio.com\/eu\/product\/scout-ukw-sender\/?lang=de","title":{"rendered":"Scout UKW Sender"},"content":{"rendered":"<p>DESIGN<br \/>\nDer neue Scout sollte die ideale Senderoption f\u00fcr den Short Wing Hawker sein und die beste Kombination aus Reichweite, Gr\u00f6\u00dfe, langer Akkulaufzeit und niedrigen Kosten bieten, die diese Gruppe sucht.<\/p>\n<p>Ein wichtiges Designziel war es, eine kurze, sichere 7-Zoll-Antenne kritisch abzustimmen, ohne den entsprechenden Leistungsverlust zu verursachen, der auftritt, wenn Sie die Antenne einfach abschneiden. Das Erreichen kurzer Antennen ohne Verwendung h\u00f6herer Frequenzen ist seit mehreren Jahren ein einzigartiger Durchbruch f\u00fcr Marshall.<\/p>\n<p>ALS BEINHALTER<br \/>\nF\u00fcr die gr\u00f6\u00dferen V\u00f6gel wie Harris &#8216;Hawks, Goshawks und Redtail Hawks ist der Scout mit seiner leichten und kurzen Antenne eine ideale Beinhalterung. Sie k\u00f6nnen diese Halterung auch bestellen, um sie als Halshalterung zu verwenden.<\/p>\n<p>Oben befindet sich ein gro\u00dfz\u00fcgiger Bewit-Schlitz, und das Geh\u00e4use ist auf beiden Seiten flach und glatt.<\/p>\n<p>ALS SCHWANZBEFESTIGUNG<br \/>\nWenn Sie einen Scout als Heckhalter bestellen, wird er mit einer kleinen Feder geliefert, die am Boden des Geh\u00e4uses angebracht ist. Das Geh\u00e4use ist an der Unterseite mit drei winzigen Haltestiften versehen, die die Schwanzfeder an Ort und Stelle halten. Sie k\u00f6nnen diese Halterung auch zur Verwendung mit einem TrackPack bestellen.<\/p>\n<p>Die flache Form und die kurze 7-Zoll-Antenne machen es ideal f\u00fcr eine &#8220;R\u00fcckenhalterung&#8221; wie Tail oder TrackPack.<\/p>\n<p>Der Bewit-Steckplatz-Aufsatz ist immer noch im Lieferumfang enthalten, sodass Sie den Sender im Notfall (oder wenn die Feder aus irgendeinem Grund gebrochen ist) vor\u00fcbergehend als Beinhalterung verwenden k\u00f6nnen.<\/p>\n<p>LANGE BATTERIELebensdauer: 30 Tage<\/p>\n<p>Diese langen Laufzeiten werden nur von Forschungstransmittern erreicht. Diese langlebigen Forschungssender, die von Biologen verwendet werden, erreichen jedoch ihre lange Lebensdauer durch den Kompromiss einer starken Verringerung der Leistungsabgabe.<\/p>\n<p>Der Scout hingegen ist insofern einzigartig, als er die Reichweite nicht f\u00fcr die Batterielebensdauer einb\u00fc\u00dft. Es ist das erste seiner Art: ein nicht erforschter und dennoch sehr langlebiger (VLL), professionell verpackter Sender mit h\u00f6herer Leistung f\u00fcr V\u00f6gel.<\/p>\n","protected":false},"excerpt":{"rendered":"<p>Der Scout-Sender ist f\u00fcr die Verwendung mit gr\u00f6\u00dferen Falken wie Redtails, Goshawks und Harris &#8216;Hawks vorgesehen, wenn er als Bein- oder Schwanzhalterung verwendet wird. Es kann auch bei kleineren V\u00f6geln verwendet werden, wenn das TrackPack verwendet wird.<\/p>\n<p>Hauptmerkmale sind der niedrige Preis und die lange Akkulaufzeit:<\/p>\n<p>L\u00e4uft \u00fcber zwanzig Tage mit einer einzigen Batterie<br \/>\n40 Meilen Sichtweite<br \/>\nWiegt nur 9 Gramm mit Akku<br \/>\nDer kosteng\u00fcnstigste Sender<br \/>\n2032 Lithium Knopfzelle \u00fcberall erh\u00e4ltlich<br \/>\nVerf\u00fcgbare Frequenzen: 216, 218<\/p>\n<p>Scout kann sowohl als Heck- als auch als Beinhalterung verwendet werden.<\/p>\n<div class=\"read-more\"><a href=\"https:\/\/marshallradio.com\/eu\/product\/scout-ukw-sender\/?lang=de\">Read more <span class=\"screen-reader-text\">Scout UKW Sender<\/span><span class=\"meta-nav\"> &#8250;<\/span><\/a><\/div>\n<p><!-- end of .read-more --><\/p>\n","protected":false},"featured_media":44139,"template":"","meta":{"_acf_changed":false},"product_brand":[],"product_cat":[86],"product_tag":[],"class_list":{"0":"post-36462","1":"product","2":"type-product","3":"status-publish","4":"has-post-thumbnail","6":"product_cat-sender","8":"first","9":"instock","10":"taxable","11":"shipping-taxable","12":"purchasable","13":"product-type-variable"},"acf":[],"_links":{"self":[{"href":"https:\/\/marshallradio.com\/eu\/wp-json\/wp\/v2\/product\/36462","targetHints":{"allow":["GET"]}}],"collection":[{"href":"https:\/\/marshallradio.com\/eu\/wp-json\/wp\/v2\/product"}],"about":[{"href":"https:\/\/marshallradio.com\/eu\/wp-json\/wp\/v2\/types\/product"}],"wp:featuredmedia":[{"embeddable":true,"href":"https:\/\/marshallradio.com\/eu\/wp-json\/wp\/v2\/media\/44139"}],"wp:attachment":[{"href":"https:\/\/marshallradio.com\/eu\/wp-json\/wp\/v2\/media?parent=36462"}],"wp:term":[{"taxonomy":"product_brand","embeddable":true,"href":"https:\/\/marshallradio.com\/eu\/wp-json\/wp\/v2\/product_brand?post=36462"},{"taxonomy":"product_cat","embeddable":true,"href":"https:\/\/marshallradio.com\/eu\/wp-json\/wp\/v2\/product_cat?post=36462"},{"taxonomy":"product_tag","embeddable":true,"href":"https:\/\/marshallradio.com\/eu\/wp-json\/wp\/v2\/product_tag?post=36462"}],"curies":[{"name":"wp","href":"https:\/\/api.w.org\/{rel}","templated":true}]}}