
{"id":36469,"date":"2018-06-15T21:35:54","date_gmt":"2018-06-15T21:35:54","guid":{"rendered":"http:\/\/marshallradio.com\/eu\/product\/mikrosender\/"},"modified":"2023-11-14T21:58:25","modified_gmt":"2023-11-14T21:58:25","slug":"mikrosender","status":"publish","type":"product","link":"https:\/\/marshallradio.com\/eu\/product\/mikrosender\/?lang=de","title":{"rendered":"Mikrosender"},"content":{"rendered":"<p>KLEINSTE GR\u00d6SSE, LEICHTSTES GEWICHT<br \/>\nDas Micro ist unser kleinstes Sender-Design und wiegt nur 3,5 Gramm, wenn der winzige 3-V-Lithium-Knopfzellen-Akku 1225 installiert ist. Seine Reichweite \u00fcbertrifft jedoch die der meisten Sender um das Zwei- bis Dreifache seiner Gr\u00f6\u00dfe und seines Gewichts.<\/p>\n<p>MIKROGR\u00d6SSE SCHWANZST\u00dcCKE UND MONTAGEWERKZEUG NACH MASS<br \/>\nDas kleine Schwanzfeder-St\u00fcck wird mit dem passenden Schwanzfeder-Montagewerkzeug verwendet, um das Schwanzfeder-St\u00fcck schnell auf der Deckfeder Ihres Vogels zu montieren. Der Vorgang ist schnell und einfach und belastet den Vogel kaum.<\/p>\n<p>M\u00d6GLICHSTE LEISTUNG AUS WENIG BATTERIE<\/p>\n<p>Mit den sehr kleinen und leichten Lithium-Knopfzellen wurde der Micro-Sender so konstruiert, dass er die gr\u00f6\u00dftm\u00f6gliche Leistung abgibt und gleichzeitig die Batteriereserven am effizientesten aussch\u00f6pft. Bei Raumtemperatur sendet das Micro 30 Stunden lang ohne Unterbrechung (30 Fl\u00fcge \u00e0 1 Stunde, 1 Monat), bevor Sie aufgefordert werden, die Batterie bei jedem zehnten Impuls durch einen doppelten Piepton auszutauschen. Danach l\u00e4uft der Akku noch ca. 70 Stunden, was einer Gesamtdauer von ca. 100 Stunden entspricht. Wenn Sie den Mag-Schalter zum Ein- und Ausschalten f\u00fcr jeden Flug verwenden, kann dies zu einem oder zwei Monaten normaler Nutzung pro Batteriewechsel f\u00fchren, wobei immer ein Sicherheitsabstand von drei Tagen eingehalten wird, um nach einem verlorenen Vogel zu suchen.<\/p>\n<p>Sie k\u00f6nnen den Akku bis zu sechs Monate im Micro belassen. Der Sender verfolgt die kumulierte \u00dcbertragungszeit, um die verbleibende Batterielebensdauer zu sch\u00e4tzen, auch wenn keine \u00dcbertragung erfolgt.<\/p>\n<p>Wenn Sie einen fr\u00fchen doppelten Piepton erhalten, wurde der Speicher im Sender m\u00f6glicherweise nicht zur\u00fcckgesetzt, als die Batterie zuletzt gewechselt wurde. Um den Speicher zur\u00fcckzusetzen, einfach entweder<\/p>\n<p>a) Schalten Sie den Sender mit dem Magneten ein, bevor Sie die Batterie wechseln oder<\/p>\n<p>b) Schlie\u00dfen Sie die Kontakte bei jedem Batteriewechsel kurz.<\/p>\n<p>Dies stellt ein vollst\u00e4ndiges Zur\u00fccksetzen des Batterietimers sicher und gibt Ihnen die korrekte Laufzeit, bevor der doppelte Piepton auftritt.<\/p>\n<p>ANTENNE<\/p>\n<p>F\u00fcr das Micro sind sowohl Standardantennen (d\u00fcnn) als auch schwere Antennen (dick) erh\u00e4ltlich, die mit dem winzigen Aluminiumring-Aufsatz hergestellt werden.<\/p>\n<p>BEIN- ODER SCHWANZBEFESTIGUNGSOPTION<br \/>\nWenn Sie sich das erste Bild in der Bildergalerie genau ansehen, sehen Sie zwei Karosseriedesigns: 1) die Beinhalterung mit einer kleinen Bewit-Befestigungsschlaufe oben und einem glatten R\u00fccken. Dadurch eignet sich die Version mit Beinhalterung auch ideal f\u00fcr die Montage am Nacken. 2) Das Heckhalterungsgeh\u00e4use hat drei winzige Stifte auf der R\u00fcckseite, um die Schwanzfeder zu halten und sie vor Ort austauschbar zu machen.<\/p>\n<p>Um das Gewicht so gering wie m\u00f6glich zu halten, machen wir sie auf die eine oder andere Weise.<\/p>\n<p>KANN AUCH F\u00dcR GR\u00d6SSERE V\u00d6GEL VERWENDET WERDEN<br \/>\nKann als Schwanzhalterung f\u00fcr gr\u00f6\u00dfere V\u00f6gel verwendet werden. Obwohl f\u00fcr den Einsatz bei kleinsten V\u00f6geln konzipiert, m\u00f6chten wir alle jederzeit so wenig Gewicht wie m\u00f6glich haben, solange die Leistung nicht nennenswert beeintr\u00e4chtigt wird. Wir sind der Meinung, dass das Micro im Laufe der Zeit die bevorzugte Option f\u00fcr die Heckmontage sein wird.<\/p>\n<p>ARBEITET IN KALTEN TEMPERATUREN<\/p>\n<p>Mit einer neuen Batterie arbeitet das Micro bei extrem kalten Temperaturen (-40F). Die Batterie im Micro ist jedoch sehr klein, und ihre F\u00e4higkeit, den Sender mit Energie zu versorgen, ist bei diesen Temperaturen begrenzt (wodurch die Laufzeit verringert wird). Wir empfehlen, jeden Tag eine neue Batterie zu verwenden, wenn Sie bei extrem kalten Temperaturen fliegen.<\/p>\n<p>EINE GROSSE NEUE OPTION F\u00dcR LIZENZIERTE SCHINKEN<\/p>\n<p>F\u00fcr amerikanische (US \/ Kanada \/ Mexiko) Kunden mit einer HAM-Lizenz k\u00f6nnen wir sicherstellen, dass Sie die Anforderungen f\u00fcr die Verwendung dieses Bands erf\u00fcllen, indem Sie Ihr Rufzeichen in den Sender programmieren. Ihr Rufzeichen wird beim Start im Morsecode und gem\u00e4\u00df den gesetzlichen Bestimmungen alle zehn Minuten gesendet.<\/p>\n<p>Wenn Sie keine Amateurfunklizenz besitzen, werden Sie \u00fcberrascht sein, wie einfach es ist, eine zu erhalten. Bestehen Sie einen einfachen Test, f\u00fcr den Sie alle Antworten im Voraus studieren k\u00f6nnen, zehn Dollar zahlen und mit einer Note von 80% eine Zehnjahreslizenz, neues Wissen \u00fcber Radiotelemetrie und die Berechtigung zur Nutzung der nichtkommerziellen B\u00e4nder besitzen (wie 433-434) nicht nur zur Verfolgung, sondern auch zur Kommunikation und f\u00fcr Notf\u00e4lle.<\/p>\n<p>F\u00fcr diejenigen, die herausfinden m\u00f6chten, was f\u00fcr eine HAM-Lizenz erforderlich ist, ist hier ein guter Ausgangspunkt: So erhalten Sie Ihre Amateurfunklizenz<\/p>\n","protected":false},"excerpt":{"rendered":"<p>Dieser winzige Sender ist der &#8220;ideale Schwanzhalter&#8221; f\u00fcr V\u00f6gel aller Gr\u00f6\u00dfen. Mit dem Akku wiegt es nur 3,5 Gramm, ist aber ein flaches Design mittlerer Reichweite, das nur 1\/3 des Gewichts auf eine einzelne Schwanzfeder bringt.<\/p>\n<p>Im Gegensatz zu anderen Sendern, die sehr kleine Batterien verwenden, verblasst das Micro bei niedrigen Temperaturen nicht oder stirbt nicht ab.<\/p>\n<p>Es ist perfekt f\u00fcr kleine Spezialv\u00f6gel: Merlins, kleine Hybriden, scharfh\u00e4utige Falken und andere extrem kleine Greifv\u00f6gel. Sie k\u00f6nnen es je nach Verwendungszweck mit einer &#8220;feinen&#8221; oder einer &#8220;mittleren&#8221; Antenne bestellen.<\/p>\n<p>Das Mikro enth\u00e4lt auch den magnetischen &#8220;Tap On \/ Tap Off&#8221; -Schalter, eine 7,5- oder 9-Zoll-Antenne von halber L\u00e4nge mit unglaublicher Leistung und Effizienz. Jedes Ger\u00e4t ist f\u00fcnf Tage lang eingebrannt und vor dem Versand Enviro-getestet von + 150F bis -40F. Verf\u00fcgbare Frequenzen: 216, 217, 218, 219 sowie die extrem leistungsstarken neuen UHF-Frequenzen (433 und 434).<\/p>\n<div class=\"read-more\"><a href=\"https:\/\/marshallradio.com\/eu\/product\/mikrosender\/?lang=de\">Read more <span class=\"screen-reader-text\">Mikrosender<\/span><span class=\"meta-nav\"> &#8250;<\/span><\/a><\/div>\n<p><!-- end of .read-more --><\/p>\n","protected":false},"featured_media":44118,"template":"","meta":{"_acf_changed":false},"product_brand":[],"product_cat":[86],"product_tag":[],"class_list":{"0":"post-36469","1":"product","2":"type-product","3":"status-publish","4":"has-post-thumbnail","6":"product_cat-sender","7":"product_shipping_class-combine-small-items","9":"first","10":"instock","11":"taxable","12":"shipping-taxable","13":"purchasable","14":"product-type-variable"},"acf":[],"_links":{"self":[{"href":"https:\/\/marshallradio.com\/eu\/wp-json\/wp\/v2\/product\/36469","targetHints":{"allow":["GET"]}}],"collection":[{"href":"https:\/\/marshallradio.com\/eu\/wp-json\/wp\/v2\/product"}],"about":[{"href":"https:\/\/marshallradio.com\/eu\/wp-json\/wp\/v2\/types\/product"}],"wp:featuredmedia":[{"embeddable":true,"href":"https:\/\/marshallradio.com\/eu\/wp-json\/wp\/v2\/media\/44118"}],"wp:attachment":[{"href":"https:\/\/marshallradio.com\/eu\/wp-json\/wp\/v2\/media?parent=36469"}],"wp:term":[{"taxonomy":"product_brand","embeddable":true,"href":"https:\/\/marshallradio.com\/eu\/wp-json\/wp\/v2\/product_brand?post=36469"},{"taxonomy":"product_cat","embeddable":true,"href":"https:\/\/marshallradio.com\/eu\/wp-json\/wp\/v2\/product_cat?post=36469"},{"taxonomy":"product_tag","embeddable":true,"href":"https:\/\/marshallradio.com\/eu\/wp-json\/wp\/v2\/product_tag?post=36469"}],"curies":[{"name":"wp","href":"https:\/\/api.w.org\/{rel}","templated":true}]}}