
{"id":36480,"date":"2018-06-15T21:04:15","date_gmt":"2018-06-15T21:04:15","guid":{"rendered":"http:\/\/marshallradio.com\/eu\/product\/scout-uhf-sender\/"},"modified":"2021-04-21T18:58:47","modified_gmt":"2021-04-21T18:58:47","slug":"scout-uhf-sender","status":"publish","type":"product","link":"https:\/\/marshallradio.com\/eu\/product\/scout-uhf-sender\/?lang=de","title":{"rendered":"Scout UHF Sender"},"content":{"rendered":"<p><strong>DESIGN<\/strong><br \/>\nDer neue Scout sollte urspr\u00fcnglich die ideale Senderoption f\u00fcr den Kurzfl\u00fcgel-Hawker sein. Er bietet die beste Kombination aus Reichweite, Gr\u00f6\u00dfe, langer Batterielebensdauer und niedrigen Kosten, die diese Gruppe sucht.<\/p>\n<p>Ein wichtiges Konstruktionsziel bei der Entwicklung der Turbo-Version des Scout war die Bereitstellung einer weiteren Hochleistungssenderoption in UHF, die ein flaches, flaches Design darstellt und sich am besten f\u00fcr die Montage am R\u00fccken (Heck und Rucksack) eignet. Dies gibt auch die M\u00f6glichkeit, den gro\u00dfen flachen Deckel mit Kundennamen oder -nummern zu versehen und die Notwendigkeit eines weiteren &#8220;Lost Bird-Tags&#8221; am Bein zu eliminieren.<\/p>\n<p><strong>ALS BEINHALTER<\/strong><br \/>\nF\u00fcr die gr\u00f6\u00dferen V\u00f6gel wie Harris &#8216;Hawks, Goshawks und Redtail Hawks ist der Scout mit seinem geringen Gewicht und seiner kurzen Antenne eine ideale Beinhalterung. Diese Halterung kann auch f\u00fcr den Hals verwendet werden.<\/p>\n<p>Bei Bestellung in dieser Verpackung befindet sich oben ein gro\u00dfz\u00fcgiger Bewit-Schlitz, und das Geh\u00e4use ist auf beiden Seiten flach und glatt.<\/p>\n<p><strong>ALS SCHWANZBEFESTIGUNG<\/strong><br \/>\nWenn Sie einen Scout als Heckhalter bestellen, wird er mit einer kleinen Feder geliefert, die am Boden des Geh\u00e4uses angebracht ist. Das Geh\u00e4use ist an der Unterseite mit drei winzigen Haltestiften versehen, die die Schwanzfeder an Ort und Stelle halten. Diese Halterung kann auch f\u00fcr ein TrackPack verwendet werden.<\/p>\n<p>Die flache Form und die kurze 7-Zoll-Antenne machen es ideal f\u00fcr eine &#8220;R\u00fcckenhalterung&#8221; wie Tail oder TrackPack.<\/p>\n<p>Der Bewit-Steckplatz-Aufsatz ist immer noch im Lieferumfang enthalten, sodass Sie den Sender im Notfall (oder wenn die Feder aus irgendeinem Grund gebrochen ist) vor\u00fcbergehend als Beinhalterung verwenden k\u00f6nnen.<\/p>\n","protected":false},"excerpt":{"rendered":"<p>Die Scout-UHF-Version wurde f\u00fcr die Verwendung mit gr\u00f6\u00dferen Falken wie Redtails, Goshawks und Harris &#8216;Hawks entwickelt. Wenn es auf einem TrackPack montiert ist, kann es jedoch von V\u00f6geln verwendet werden, die so klein wie ein Tiercel-Wanderfisch sind.<\/p>\n<ul>\n<li>L\u00e4uft 12 Tage mit einer einzigen Batterie<\/li>\n<li>Viermal so viel Leistung wie der normale Scout<\/li>\n<li>Wiegt immer noch nur 9 Gramm<\/li>\n<li>Verwendet eine kurze 7-Zoll-Antenne<\/li>\n<li>60 Meilen Sichtweite<\/li>\n<li>Frequenzen: 433, 434<\/li>\n<li>2032 Lithium Knopfzelle \u00fcberall erh\u00e4ltlich<\/li>\n<p>Scout kann sowohl als Heck- als auch als Beinhalterung verwendet werden.\n<\/ul>\n<div class=\"read-more\"><a href=\"https:\/\/marshallradio.com\/eu\/product\/scout-uhf-sender\/?lang=de\">Read more <span class=\"screen-reader-text\">Scout UHF Sender<\/span><span class=\"meta-nav\"> &#8250;<\/span><\/a><\/div>\n<p><!-- end of .read-more --><\/p>\n","protected":false},"featured_media":44132,"template":"","meta":{"_acf_changed":false},"product_brand":[],"product_cat":[86],"product_tag":[],"class_list":{"0":"post-36480","1":"product","2":"type-product","3":"status-publish","4":"has-post-thumbnail","6":"product_cat-sender","8":"first","9":"instock","10":"taxable","11":"shipping-taxable","12":"purchasable","13":"product-type-variable"},"acf":[],"_links":{"self":[{"href":"https:\/\/marshallradio.com\/eu\/wp-json\/wp\/v2\/product\/36480","targetHints":{"allow":["GET"]}}],"collection":[{"href":"https:\/\/marshallradio.com\/eu\/wp-json\/wp\/v2\/product"}],"about":[{"href":"https:\/\/marshallradio.com\/eu\/wp-json\/wp\/v2\/types\/product"}],"wp:featuredmedia":[{"embeddable":true,"href":"https:\/\/marshallradio.com\/eu\/wp-json\/wp\/v2\/media\/44132"}],"wp:attachment":[{"href":"https:\/\/marshallradio.com\/eu\/wp-json\/wp\/v2\/media?parent=36480"}],"wp:term":[{"taxonomy":"product_brand","embeddable":true,"href":"https:\/\/marshallradio.com\/eu\/wp-json\/wp\/v2\/product_brand?post=36480"},{"taxonomy":"product_cat","embeddable":true,"href":"https:\/\/marshallradio.com\/eu\/wp-json\/wp\/v2\/product_cat?post=36480"},{"taxonomy":"product_tag","embeddable":true,"href":"https:\/\/marshallradio.com\/eu\/wp-json\/wp\/v2\/product_tag?post=36480"}],"curies":[{"name":"wp","href":"https:\/\/api.w.org\/{rel}","templated":true}]}}