
{"id":36485,"date":"2018-06-25T15:24:02","date_gmt":"2018-06-25T15:24:02","guid":{"rendered":"http:\/\/marshallradio.com\/eu\/product\/cordura-field-holster\/"},"modified":"2022-04-05T21:55:44","modified_gmt":"2022-04-05T21:55:44","slug":"cordura-field-holster","status":"publish","type":"product","link":"https:\/\/marshallradio.com\/eu\/product\/cordura-field-holster\/?lang=de","title":{"rendered":"Cordura Field Holster"},"content":{"rendered":"","protected":false},"excerpt":{"rendered":"<p>Diese brandneuen Field Holster passen perfekt zum Empf\u00e4nger und k\u00f6nnen \u00fcber der Schulter oder um die Taille getragen werden. Die \u00dcberziehabdeckung ist eine Muschelschale, die die gesamte Oberseite abdeckt und den Empf\u00e4nger bei schlechtem Wetter sch\u00fctzt. Der neue breitere Schultergurt l\u00e4sst sich an beiden Enden mit einer Hand l\u00f6sen.<\/p>\n<p>Verf\u00fcgbar f\u00fcr 216 und 433 MHz. Verf\u00fcgbar nur f\u00fcr 2007 und neuere Field Marshall-Modelle.<\/p>\n<div class=\"read-more\"><a href=\"https:\/\/marshallradio.com\/eu\/product\/cordura-field-holster\/?lang=de\">Read more <span class=\"screen-reader-text\">Cordura Field Holster<\/span><span class=\"meta-nav\"> &#8250;<\/span><\/a><\/div>\n<p><!-- end of .read-more --><\/p>\n","protected":false},"featured_media":44224,"template":"","meta":{"_acf_changed":false},"product_brand":[],"product_cat":[62],"product_tag":[],"class_list":{"0":"post-36485","1":"product","2":"type-product","3":"status-publish","4":"has-post-thumbnail","6":"product_cat-worldwide-accessories-excluding-gulf-de","8":"first","9":"instock","10":"taxable","11":"shipping-taxable","12":"purchasable","13":"product-type-variable"},"acf":[],"_links":{"self":[{"href":"https:\/\/marshallradio.com\/eu\/wp-json\/wp\/v2\/product\/36485","targetHints":{"allow":["GET"]}}],"collection":[{"href":"https:\/\/marshallradio.com\/eu\/wp-json\/wp\/v2\/product"}],"about":[{"href":"https:\/\/marshallradio.com\/eu\/wp-json\/wp\/v2\/types\/product"}],"wp:featuredmedia":[{"embeddable":true,"href":"https:\/\/marshallradio.com\/eu\/wp-json\/wp\/v2\/media\/44224"}],"wp:attachment":[{"href":"https:\/\/marshallradio.com\/eu\/wp-json\/wp\/v2\/media?parent=36485"}],"wp:term":[{"taxonomy":"product_brand","embeddable":true,"href":"https:\/\/marshallradio.com\/eu\/wp-json\/wp\/v2\/product_brand?post=36485"},{"taxonomy":"product_cat","embeddable":true,"href":"https:\/\/marshallradio.com\/eu\/wp-json\/wp\/v2\/product_cat?post=36485"},{"taxonomy":"product_tag","embeddable":true,"href":"https:\/\/marshallradio.com\/eu\/wp-json\/wp\/v2\/product_tag?post=36485"}],"curies":[{"name":"wp","href":"https:\/\/api.w.org\/{rel}","templated":true}]}}