
{"id":38368,"date":"2019-11-06T20:20:16","date_gmt":"2019-11-06T20:20:16","guid":{"rendered":"http:\/\/marshallradio.com\/eu\/product\/ez-kroutit-zasuvky\/"},"modified":"2023-12-20T17:19:36","modified_gmt":"2023-12-20T17:19:36","slug":"ez-kroutit-zasuvky","status":"publish","type":"product","link":"https:\/\/marshallradio.com\/eu\/product\/ez-kroutit-zasuvky\/?lang=cs","title":{"rendered":"EZ Kroutit Z\u00e1suvky"},"content":{"rendered":"<p>Zde jsou Marshall Radio Telemetry, kter\u00e9 obr\u00e1b\u00edme kusy n\u00e1dob v na\u0161em vlastn\u00edm obchod\u011b.<\/p>\n<p>Nem\u00e1me k dispozici bewits.<br \/>\nN\u00e1sleduj\u00edc\u00ed video ukazuje skv\u011blou DIY mo\u017enost pro vytvo\u0159en\u00ed jednoduch\u00e9ho kouzlu.<br \/>\nPokud d\u00e1v\u00e1te p\u0159ednost tomu, aby v\u00e1m \u0159emesln\u00edk vytvo\u0159il dob\u0159e vyroben\u00e9 kouzlo, m\u00e1me na\u0161e <a href=\"https:\/\/marshallradio.com\/eu\/produkt\/ez-kroutit-kluci\/?lang=cs\">seznam doporu\u010den\u00ed zde<\/a>.<br \/>\nhttps:\/\/vimeo.com\/896373437<\/p>\n","protected":false},"excerpt":{"rendered":"<p><strong>The EZ Kroutit<\/strong><\/p>\n<p>Nejjednodu\u0161\u0161\u00ed a nejrychlej\u0161\u00ed zp\u016fsob instalace vys\u00edla\u010de namontovan\u00e9ho na noze nebo jeho p\u0159esunu mezi n\u011bkolika pt\u00e1ky. Jednoduch\u00e1 instalace va\u0161eho vys\u00edla\u010de jednou rukou p\u0159ed letem, s n\u011bkolika ot\u00e1\u010dkami, je vys\u00edla\u010d zaji\u0161t\u011bn na m\u00edst\u011b na noze. N\u00e1kup zahrnuje pouze n\u00e1dobu. Nyn\u00ed je k dispozici pro RT-GPS a v\u0161echny Marshall 1 \/ 3N bateriov\u00e9 vys\u00edla\u010de, v\u010detn\u011b: RT Standard, RT UHF a RT Plus (2005+).<\/p>\n<p>&nbsp;<\/p>\n<p>Toto je pouze pro kus n\u00e1doby.<\/p>\n<div class=\"read-more\"><a href=\"https:\/\/marshallradio.com\/eu\/product\/ez-kroutit-zasuvky\/?lang=cs\">Read more <span class=\"screen-reader-text\">EZ Kroutit Z\u00e1suvky<\/span><span class=\"meta-nav\"> &#8250;<\/span><\/a><\/div>\n<p><!-- end of .read-more --><\/p>\n","protected":false},"featured_media":44192,"template":"","meta":{"_acf_changed":false},"product_brand":[],"product_cat":[59],"product_tag":[],"class_list":{"0":"post-38368","1":"product","2":"type-product","3":"status-publish","4":"has-post-thumbnail","6":"product_cat-worldwide-accessories-excluding-gulf","8":"first","9":"instock","10":"taxable","11":"shipping-taxable","12":"purchasable","13":"product-type-simple"},"acf":[],"_links":{"self":[{"href":"https:\/\/marshallradio.com\/eu\/wp-json\/wp\/v2\/product\/38368","targetHints":{"allow":["GET"]}}],"collection":[{"href":"https:\/\/marshallradio.com\/eu\/wp-json\/wp\/v2\/product"}],"about":[{"href":"https:\/\/marshallradio.com\/eu\/wp-json\/wp\/v2\/types\/product"}],"wp:featuredmedia":[{"embeddable":true,"href":"https:\/\/marshallradio.com\/eu\/wp-json\/wp\/v2\/media\/44192"}],"wp:attachment":[{"href":"https:\/\/marshallradio.com\/eu\/wp-json\/wp\/v2\/media?parent=38368"}],"wp:term":[{"taxonomy":"product_brand","embeddable":true,"href":"https:\/\/marshallradio.com\/eu\/wp-json\/wp\/v2\/product_brand?post=38368"},{"taxonomy":"product_cat","embeddable":true,"href":"https:\/\/marshallradio.com\/eu\/wp-json\/wp\/v2\/product_cat?post=38368"},{"taxonomy":"product_tag","embeddable":true,"href":"https:\/\/marshallradio.com\/eu\/wp-json\/wp\/v2\/product_tag?post=38368"}],"curies":[{"name":"wp","href":"https:\/\/api.w.org\/{rel}","templated":true}]}}