
{"id":38369,"date":"2019-11-06T20:20:16","date_gmt":"2019-11-06T20:20:16","guid":{"rendered":"http:\/\/marshallradio.com\/eu\/product\/ez-twist-houders\/"},"modified":"2023-12-20T17:21:07","modified_gmt":"2023-12-20T17:21:07","slug":"ez-twist-houders","status":"publish","type":"product","link":"https:\/\/marshallradio.com\/eu\/product\/ez-twist-houders\/?lang=nl","title":{"rendered":"EZ Twist-houders"},"content":{"rendered":"<p>Hier zijn Marshall Radio Telemetry. Wij bewerken de aansluitstukken in onze eigen werkplaats. <\/p>\n<p>We hebben de bewits niet beschikbaar.<br \/>\nDe volgende video toont een geweldige doe-het-zelf-optie voor het maken van een eenvoudige bewit.<br \/>\nAls u liever een vakman een goed gemaakte bewit voor u laat maken, hebben wij onze <a href=\"https:\/\/marshallradio.com\/eu\/product\/ez-twist-bewits\/?lang=nl\">lijst met aanbevelingen hier<\/a>.<br \/>\nhttps:\/\/vimeo.com\/896373437<\/p>\n","protected":false},"excerpt":{"rendered":"<p><strong>De EZ Twist<\/strong><\/p>\n<p>De eenvoudigste en snelste manier om een \u200b\u200bop een poot gemonteerde zender te installeren of tussen verschillende vogels te verplaatsen. Eenvoudige installatie met \u00e9\u00e9n hand van uw zender v\u00f3\u00f3r de vlucht, met een paar omwentelingen, wordt de zender op zijn plaats op de poot bevestigd. Aankoop omvat alleen bakje. Nu beschikbaar voor RT-GPS, evenals alle Marshall 1 \/ 3N Zender op batterijen, inclusief: RT Standard, RT UHF en RT Plus (2005+) modellen.<\/p>\n<p>&nbsp;<\/p>\n<p>Dit is alleen voor het bakje.<\/p>\n<div class=\"read-more\"><a href=\"https:\/\/marshallradio.com\/eu\/product\/ez-twist-houders\/?lang=nl\">Read more <span class=\"screen-reader-text\">EZ Twist-houders<\/span><span class=\"meta-nav\"> &#8250;<\/span><\/a><\/div>\n<p><!-- end of .read-more --><\/p>\n","protected":false},"featured_media":44193,"template":"","meta":{"_acf_changed":false},"product_brand":[],"product_cat":[60],"product_tag":[],"class_list":{"0":"post-38369","1":"product","2":"type-product","3":"status-publish","4":"has-post-thumbnail","6":"product_cat-worldwide-accessories-excluding-gulf-nl","8":"first","9":"instock","10":"taxable","11":"shipping-taxable","12":"purchasable","13":"product-type-simple"},"acf":[],"_links":{"self":[{"href":"https:\/\/marshallradio.com\/eu\/wp-json\/wp\/v2\/product\/38369","targetHints":{"allow":["GET"]}}],"collection":[{"href":"https:\/\/marshallradio.com\/eu\/wp-json\/wp\/v2\/product"}],"about":[{"href":"https:\/\/marshallradio.com\/eu\/wp-json\/wp\/v2\/types\/product"}],"wp:featuredmedia":[{"embeddable":true,"href":"https:\/\/marshallradio.com\/eu\/wp-json\/wp\/v2\/media\/44193"}],"wp:attachment":[{"href":"https:\/\/marshallradio.com\/eu\/wp-json\/wp\/v2\/media?parent=38369"}],"wp:term":[{"taxonomy":"product_brand","embeddable":true,"href":"https:\/\/marshallradio.com\/eu\/wp-json\/wp\/v2\/product_brand?post=38369"},{"taxonomy":"product_cat","embeddable":true,"href":"https:\/\/marshallradio.com\/eu\/wp-json\/wp\/v2\/product_cat?post=38369"},{"taxonomy":"product_tag","embeddable":true,"href":"https:\/\/marshallradio.com\/eu\/wp-json\/wp\/v2\/product_tag?post=38369"}],"curies":[{"name":"wp","href":"https:\/\/api.w.org\/{rel}","templated":true}]}}